{"id":1494,"date":"2022-10-13T02:17:47","date_gmt":"2022-10-12T23:17:47","guid":{"rendered":"https:\/\/dualege.com.tr\/?page_id=1494"},"modified":"2022-10-14T13:01:58","modified_gmt":"2022-10-14T10:01:58","slug":"toplanti-ve-davet","status":"publish","type":"page","link":"https:\/\/dualege.com.tr\/index.php\/toplanti-ve-davet\/","title":{"rendered":"Toplant\u0131 Ve Davet"},"content":{"rendered":"<p>[vc_row][vc_column icons_position=&#8221;left&#8221;]<div id=\"sc_title_7386328\"\n\t\tclass=\"sc_title color_style_default sc_title_default\"><h3 class=\"sc_item_title sc_title_title sc_align_center sc_item_title_style_default\">Toplant\u0131 Ve Davet<\/h3><\/div><!-- \/.sc_title -->[vc_empty_space alter_height=&#8221;small&#8221; hide_on_desktop=&#8221;&#8221; hide_on_notebook=&#8221;&#8221; hide_on_tablet=&#8221;&#8221; hide_on_mobile=&#8221;&#8221;][vc_column_text]Kamu ve \u00f6zel kurumlar; Toplant\u0131, seminer ve konferanslarda, t\u00fcm s\u00fcre\u00e7 boyunca gerekli t\u00fcm unsurlar\u0131 tek bir \u00e7\u00f6z\u00fcm orta\u011f\u0131 ile tamamlaman\u0131z\u0131 sa\u011fl\u0131yoruz, bu sayede amac\u0131n\u0131za uygun ve uzman ekibimiz taraf\u0131ndan ba\u015far\u0131yla tamamlanan faaliyetlere imza atabilmenizi kolayla\u015ft\u0131r\u0131yoruz.[\/vc_column_text][vc_empty_space alter_height=&#8221;medium&#8221; hide_on_desktop=&#8221;&#8221; hide_on_notebook=&#8221;&#8221; hide_on_tablet=&#8221;&#8221; hide_on_mobile=&#8221;&#8221;]<div id=\"sc_title_1673549460\"\n\t\tclass=\"sc_title color_style_default sc_title_default\"><h4 class=\"sc_item_title sc_title_title sc_align_left sc_item_title_style_default sc_item_title_tag\">Toplant\u0131 Organizasyonlar\u0131 Nas\u0131l Olmal\u0131d\u0131r?<\/h4><\/div><!-- \/.sc_title -->[vc_empty_space alter_height=&#8221;small&#8221; hide_on_desktop=&#8221;&#8221; hide_on_notebook=&#8221;&#8221; hide_on_tablet=&#8221;&#8221; hide_on_mobile=&#8221;&#8221;][\/vc_column][\/vc_row][vc_row equal_height=&#8221;yes&#8221; hide_bg_image_on_tablet=&#8221;&#8221; hide_bg_image_on_mobile=&#8221;&#8221; css=&#8221;.vc_custom_1665649319125{padding-bottom: 50px !important;}&#8221;][vc_column width=&#8221;2\/3&#8243; icons_position=&#8221;left&#8221;][vc_single_image image=&#8221;1505&#8243; img_size=&#8221;1200&#215;600&#8243;][\/vc_column][vc_column width=&#8221;1\/3&#8243; icons_position=&#8221;left&#8221;][vc_column_text]Belirli bir amaca ula\u015fmak i\u00e7in bir araya gelen b\u00fcy\u00fck \u015firketler, bireyler veya gruplar; Ama\u00e7lar\u0131na ula\u015fmak i\u00e7in yapt\u0131klar\u0131 faaliyete toplant\u0131 organizasyonu d\u00fczenlemek denir. \u015eirketinizin olumlu bir izlenim b\u0131rakmas\u0131 ve \u00e7al\u0131\u015fanlar\u0131n\u0131z\u0131 ve en \u00f6nemlisi misafirlerinizi etkilemesi i\u00e7in toplant\u0131lar\u0131n organizasyonu kusursuz olmal\u0131d\u0131r. Sadece bu nedenle de\u011fil, bu organizasyonun eksiksiz ve etkileyici olmas\u0131 ; Size verimli sonu\u00e7lar getirmek de \u00f6nemli rol oynar[\/vc_column_text][\/vc_column][\/vc_row][vc_row][vc_column icons_position=&#8221;left&#8221;][vc_column_text]Toplant\u0131y\u0131 etkili ve verimli k\u0131lmak i\u00e7in toplant\u0131 d\u00fczenlemek kadar \u00f6nemli bir \u015fey varsa; Ayn\u0131 zamanda toplant\u0131n\u0131n organizasyonudur. Toplant\u0131 lideri, toplant\u0131ya ba\u015fkanl\u0131k edecek ki\u015fidir; Toplant\u0131lar\u0131n organizasyonu sekreterin g\u00f6revidir. Toplant\u0131 \u00f6ncesi, s\u0131ras\u0131 ve sonras\u0131nda yap\u0131lmas\u0131 gereken t\u00fcm \u00e7al\u0131\u015fmalar toplant\u0131 organizasyonuna dahildir.<\/p>\n<p>\u0130yi bir toplant\u0131 d\u00fczenlemek i\u00e7in toplant\u0131dan \u00f6nce dikkat edilmesi gereken baz\u0131 \u00f6nemli noktalar vard\u0131r.<\/p>\n<ul>\n<li>Ne t\u00fcr bir toplant\u0131 yap\u0131lacak, organizat\u00f6r kim olacak, kat\u0131l\u0131mc\u0131lar kimler ve pozisyonlar\u0131 neler? B\u00fct\u00fcn bu sorular\u0131n cevaplar\u0131 detayl\u0131 bir \u015fekilde ara\u015ft\u0131r\u0131lmal\u0131d\u0131r.<\/li>\n<li>Kat\u0131l\u0131mc\u0131lar nas\u0131l ve kimlerle ileti\u015fime ge\u00e7ecek ve onlar\u0131 kim bilgilendirecek? Onlara davet metnini telefonla veya postayla kim g\u00f6nderecek? B\u00fct\u00fcn bu sorunlar\u0131n net bir \u015fekilde \u00e7\u00f6z\u00fclmesi gerekiyor.<\/li>\n<li>Bulu\u015fma noktas\u0131 nerede? Adresin tam olarak anla\u015f\u0131lmas\u0131 gerekir. Toplant\u0131 s\u0131ras\u0131nda odan\u0131n bo\u015f oldu\u011fundan emin olun. Bu konuda t\u00fcm riskleri g\u00f6z \u00f6n\u00fcnde bulundurmal\u0131 ve riskli se\u00e7imler yapmamal\u0131s\u0131n\u0131z.<\/li>\n<li>Toplant\u0131n\u0131n tarihi ve saati? Toplant\u0131 ne kadar s\u00fcrer? T\u00fcm bu bilgiler \u0131\u015f\u0131\u011f\u0131nda g\u00fcndemler kontrol edilmeli ve di\u011fer toplant\u0131larla \u00e7ak\u0131\u015fmalardan ka\u00e7\u0131n\u0131lmal\u0131d\u0131r.<\/li>\n<li>T\u00fcm kat\u0131l\u0131mc\u0131lar\u0131n uygunlu\u011fu ve kat\u0131l\u0131m\u0131 teyit edilmelidir.<\/li>\n<li>Toplant\u0131 s\u0131ras\u0131nda ara verilecek mi ve verilecekse kat\u0131l\u0131mc\u0131lara neler sunulacak? B\u00fct\u00fcn bunlar i\u00e7in \u00f6n haz\u0131rl\u0131klar eksiksiz ve eksiksiz olmal\u0131d\u0131r.<\/li>\n<li>Toplant\u0131lar aras\u0131nda yemek servisi i\u00e7in gereken s\u00fcre \u00f6nceden belirlenmelidir. Bu \u015fekilde toplant\u0131 kesintiye u\u011framaz.<\/li>\n<li>Toplant\u0131dan sonra ak\u015fam yeme\u011fi olacak m\u0131? Bu durumda \u00f6nceden yer, miktar ve men\u00fc bilgilerinin al\u0131nmas\u0131 gerekir.<\/li>\n<li>Toplant\u0131 s\u0131ras\u0131nda kat\u0131l\u0131mc\u0131lara i\u00e7ecek ikram edilecek mi? E\u011fer \u00f6yleyse, kim yapacak? Bu konuda destek verilecek birim ve ki\u015filerle \u00f6nceden ileti\u015fime ge\u00e7ilmeli ve s\u00fcre\u00e7 buna g\u00f6re d\u00fczenlenmelidir. B\u00fcy\u00fck \u015firketler, belirli bir ama\u00e7 i\u00e7in \u00e7al\u0131\u015fanlar\u0131yla veya di\u011fer \u015firketlerle bir araya gelerek hedefleri hayata ge\u00e7irdikleri veya planlad\u0131klar\u0131 etkinlikler d\u00fczenlemektedir. Bu etkinliklere genel olarak i\u015f toplant\u0131lar\u0131 organizasyonu denir. Bu toplant\u0131larda her \u015fey \u015firket ad\u0131na planlan\u0131r. Bu toplant\u0131lar\u0131n \u015firketler, \u00e7al\u0131\u015fanlar ve misafirler taraf\u0131ndan hat\u0131rlanmas\u0131 gerekir. \u0130yi bir izlenim b\u0131rakmak i\u00e7in toplant\u0131lar\u0131n\u0131z\u0131n etkileyici ve \u00e7ekici olmas\u0131 gerekir. Bu oturumlar\u0131n d\u00fc\u015f\u00fcnceli olmas\u0131 ve gelecekteki akademik geli\u015fiminiz i\u00e7in iyi bir ad\u0131m\u0131 temsil etmesi \u00e7ok \u00f6nemlidir. Bu, i\u015f toplant\u0131n\u0131z\u0131 bir ak\u015fam yeme\u011fi partisi yapmak i\u00e7in \u00e7ok \u00f6nemli bir ad\u0131md\u0131r. Toplant\u0131 s\u0131ras\u0131nda servis edilecekse etkinlikten en az bir hafta \u00f6nce men\u00fcye karar verilmesi avantajl\u0131 olacakt\u0131r. Asl\u0131nda bu, \u00e7al\u0131\u015ft\u0131\u011f\u0131n\u0131z kurumun i\u015fini normal bir \u015fekilde yapabilmesi i\u00e7in olmal\u0131d\u0131r.<\/li>\n<\/ul>\n<p>[\/vc_column_text][vc_empty_space alter_height=&#8221;small&#8221; hide_on_desktop=&#8221;&#8221; hide_on_notebook=&#8221;&#8221; hide_on_tablet=&#8221;&#8221; hide_on_mobile=&#8221;&#8221;][vc_column_text]\u0130\u015f toplant\u0131lar\u0131n\u0131n \u00f6nemi, i\u015fletmeniz ve geli\u015fimi i\u00e7in tart\u0131\u015f\u0131lmaz bir ger\u00e7ektir. Kurumsal catering organizasyonlar\u0131na en iyi hizmeti veren firmam\u0131z, \u00f6zel g\u00fcnlerinizde her zaman hizmetinizdedir. \u0130\u015f g\u00f6r\u00fc\u015fmesi g\u00fcnlerinde en iyi men\u00fc ve lezzetleri sizlerle birlikte se\u00e7iyoruz. Birlikte planlayal\u0131m. B\u00fct\u00e7enize uygun men\u00fc ve konsept se\u00e7erek g\u00fcn\u00fcn\u00fcz\u00fc en iyi \u015fekilde ge\u00e7irmenizi sa\u011fl\u0131yoruz. G\u00fcn\u00fcn her saati verimli \u00e7al\u0131\u015f\u0131yor ve nitelikli bir ekiple hizmet veriyoruz. En \u00f6zel g\u00fcnlerinizde arad\u0131\u011f\u0131n\u0131z mesleki deneyim ve hizmet disiplinini ya\u015famak i\u00e7in bizimle ileti\u015fime ge\u00e7ebilirsiniz.<\/p>\n<p>.[\/vc_column_text][\/vc_column][\/vc_row][vc_row css_animation=&#8221;none&#8221;][vc_column css_animation=&#8221;none&#8221; width=&#8221;1\/6&#8243; icons_position=&#8221;left&#8221;][vc_single_image image=&#8221;1409&#8243; img_size=&#8221;200&#215;200&#8243; alignment=&#8221;center&#8221; css_animation=&#8221;flipInX&#8221;][\/vc_column][vc_column width=&#8221;1\/6&#8243; icons_position=&#8221;left&#8221;][vc_single_image image=&#8221;1423&#8243; img_size=&#8221;200&#215;200&#8243; alignment=&#8221;center&#8221; css_animation=&#8221;flipInX&#8221;][\/vc_column][vc_column width=&#8221;1\/6&#8243; icons_position=&#8221;left&#8221;][vc_single_image image=&#8221;1343&#8243; img_size=&#8221;200&#215;200&#8243; alignment=&#8221;center&#8221; css_animation=&#8221;flipInX&#8221;][\/vc_column][vc_column width=&#8221;1\/6&#8243; icons_position=&#8221;left&#8221;][vc_single_image image=&#8221;1417&#8243; img_size=&#8221;200&#215;200&#8243; alignment=&#8221;center&#8221; css_animation=&#8221;flipInX&#8221;][\/vc_column][vc_column width=&#8221;1\/6&#8243; icons_position=&#8221;left&#8221;][vc_single_image image=&#8221;1270&#8243; img_size=&#8221;200&#215;200&#8243; alignment=&#8221;center&#8221; css_animation=&#8221;flipInX&#8221;][\/vc_column][vc_column width=&#8221;1\/6&#8243; icons_position=&#8221;left&#8221;][vc_single_image image=&#8221;1410&#8243; img_size=&#8221;200&#215;200&#8243; alignment=&#8221;center&#8221; css_animation=&#8221;flipInX&#8221;][\/vc_column][\/vc_row][vc_row][vc_column width=&#8221;1\/4&#8243; icons_position=&#8221;left&#8221;][vc_empty_space alter_height=&#8221;medium&#8221; hide_on_desktop=&#8221;&#8221; hide_on_notebook=&#8221;&#8221; hide_on_tablet=&#8221;&#8221; hide_on_mobile=&#8221;&#8221;][vc_single_image image=&#8221;1498&#8243; img_size=&#8221;300&#215;500&#8243; alignment=&#8221;right&#8221;][\/vc_column][vc_column width=&#8221;1\/4&#8243; icons_position=&#8221;left&#8221;][vc_empty_space alter_height=&#8221;medium&#8221; hide_on_desktop=&#8221;&#8221; hide_on_notebook=&#8221;&#8221; hide_on_tablet=&#8221;&#8221; hide_on_mobile=&#8221;&#8221;]<div id=\"sc_title_1905010006\"\n\t\tclass=\"sc_title color_style_default sc_title_default\"><h6 class=\"sc_item_subtitle sc_title_subtitle sc_align_center sc_item_title_style_default\"><span class=\"in\">Koordinasyon Ve Y\u00f6netim<\/span><\/h6><\/div><!-- \/.sc_title -->[vc_empty_space alter_height=&#8221;small&#8221; hide_on_desktop=&#8221;&#8221; hide_on_notebook=&#8221;&#8221; hide_on_tablet=&#8221;&#8221; hide_on_mobile=&#8221;&#8221;][vc_column_text]Kurumsal davetlerinizde kurumsal imaj\u0131n\u0131z\u0131 g\u00fc\u00e7lendirecek kapsay\u0131c\u0131 organizasyonlara imza atabilmeniz i\u00e7in bu s\u00fcreci sizinle birlikte ger\u00e7ekle\u015ftiriyoruz.<\/p>\n<p>Resmi ve \u00f6zel kurum\/kurulu\u015flar, toplant\u0131, seminer ve kongre organizasyonlar\u0131 i\u00e7in etkinlikten etkinli\u011fe anahtar teslim yakla\u015f\u0131m\u0131m\u0131zla ekip olarak yan\u0131n\u0131zday\u0131z.[\/vc_column_text][\/vc_column][vc_column width=&#8221;1\/4&#8243; icons_position=&#8221;left&#8221;][vc_empty_space alter_height=&#8221;medium&#8221; hide_on_desktop=&#8221;&#8221; hide_on_notebook=&#8221;&#8221; hide_on_tablet=&#8221;&#8221; hide_on_mobile=&#8221;&#8221;][vc_single_image image=&#8221;1500&#8243; img_size=&#8221;300&#215;500&#8243;][\/vc_column][vc_column width=&#8221;1\/4&#8243; icons_position=&#8221;left&#8221;][vc_empty_space alter_height=&#8221;medium&#8221; hide_on_desktop=&#8221;&#8221; hide_on_notebook=&#8221;&#8221; hide_on_tablet=&#8221;&#8221; hide_on_mobile=&#8221;&#8221;]<div id=\"sc_title_1983244195\"\n\t\tclass=\"sc_title color_style_default sc_title_default\"><h6 class=\"sc_item_subtitle sc_title_subtitle sc_align_center sc_item_title_style_default\"><span class=\"in\">Planlama\/Program Y\u00f6netimi<\/span><\/h6><\/div><!-- \/.sc_title -->[vc_empty_space alter_height=&#8221;small&#8221; hide_on_desktop=&#8221;&#8221; hide_on_notebook=&#8221;&#8221; hide_on_tablet=&#8221;&#8221; hide_on_mobile=&#8221;&#8221;][vc_column_text]Tam hizmet organizasyon firmas\u0131 olarak etkinlik program\u0131n\u0131n olu\u015fturulmas\u0131ndan tamamlanmas\u0131na kadar olan t\u00fcm a\u015famalar\u0131 planlar, saha ekibimiz ve y\u00f6netim kadromuz ile etkinlik sonuna kadar t\u00fcm program\u0131 y\u00f6netiriz. Tam verimlilik sa\u011flamak i\u00e7in m\u00fc\u015fterilerimize m\u00fcmk\u00fcn olan en iyi deste\u011fi sunuyoruz.[\/vc_column_text][\/vc_column][\/vc_row][vc_row][vc_column width=&#8221;1\/4&#8243; icons_position=&#8221;left&#8221;][vc_empty_space alter_height=&#8221;small&#8221; hide_on_desktop=&#8221;&#8221; hide_on_notebook=&#8221;&#8221; hide_on_tablet=&#8221;&#8221; hide_on_mobile=&#8221;&#8221;][vc_single_image image=&#8221;1274&#8243; img_size=&#8221;300&#215;500&#8243; alignment=&#8221;right&#8221;][\/vc_column][vc_column width=&#8221;1\/4&#8243; icons_position=&#8221;left&#8221;][vc_empty_space alter_height=&#8221;small&#8221; hide_on_desktop=&#8221;&#8221; hide_on_notebook=&#8221;&#8221; hide_on_tablet=&#8221;&#8221; hide_on_mobile=&#8221;&#8221;]<div id=\"sc_title_519772554\"\n\t\tclass=\"sc_title color_style_default sc_title_default\"><h6 class=\"sc_item_subtitle sc_title_subtitle sc_align_center sc_item_title_style_default\"><span class=\"in\">Mekan Se\u00e7imi<\/span><\/h6><\/div><!-- \/.sc_title -->[vc_empty_space alter_height=&#8221;small&#8221; hide_on_desktop=&#8221;&#8221; hide_on_notebook=&#8221;&#8221; hide_on_tablet=&#8221;&#8221; hide_on_mobile=&#8221;&#8221;][vc_column_text]Toplant\u0131 ve davetlerin nerede yap\u0131laca\u011f\u0131na \u00f6zen g\u00f6sterece\u011fimiz bir etkinlik i\u00e7in mekan se\u00e7erken, toplant\u0131 i\u00e7eri\u011fine uygun mimari \u00f6zellikler ve kat\u0131l\u0131mc\u0131lar\u0131m\u0131z i\u00e7in eri\u015filebilirli\u011fin faydalar\u0131 gibi daha fazla ayr\u0131nt\u0131y\u0131 birlikte ele al\u0131yoruz. Bu de\u011ferlendirmeler sonucunda sizlere alternatif mekan se\u00e7enekleri sunuyor ve de\u011ferlendirmelerimiz sonucunda anahtar teslim etkinli\u011fimiz i\u00e7in m\u00fc\u015fterilerimize en uygun mekan\u0131 sunuyoruz.[\/vc_column_text][\/vc_column][vc_column width=&#8221;1\/4&#8243; icons_position=&#8221;left&#8221;][vc_empty_space alter_height=&#8221;small&#8221; hide_on_desktop=&#8221;&#8221; hide_on_notebook=&#8221;&#8221; hide_on_tablet=&#8221;&#8221; hide_on_mobile=&#8221;&#8221;][vc_single_image image=&#8221;1504&#8243; img_size=&#8221;300&#215;500&#8243;][\/vc_column][vc_column width=&#8221;1\/4&#8243; icons_position=&#8221;left&#8221;][vc_empty_space alter_height=&#8221;small&#8221; hide_on_desktop=&#8221;&#8221; hide_on_notebook=&#8221;&#8221; hide_on_tablet=&#8221;&#8221; hide_on_mobile=&#8221;&#8221;]<div id=\"sc_title_1465593491\"\n\t\tclass=\"sc_title color_style_default sc_title_default\"><h6 class=\"sc_item_subtitle sc_title_subtitle sc_align_center sc_item_title_style_default\"><span class=\"in\">Davetiye<\/span><\/h6><\/div><!-- \/.sc_title -->[vc_empty_space alter_height=&#8221;small&#8221; hide_on_desktop=&#8221;&#8221; hide_on_notebook=&#8221;&#8221; hide_on_tablet=&#8221;&#8221; hide_on_mobile=&#8221;&#8221;][vc_column_text]Etkinliklerinize kat\u0131lacak misafirlerinize liste halinde sunar\u0131z ve onaylanmalar\u0131 halinde davetiyenizi grafik tasar\u0131m ekibimizle birlikte tasarlar\u0131z. Davetlerin misafirlere ula\u015fmas\u0131 i\u00e7in tam destek sunmaktay\u0131z[\/vc_column_text][\/vc_column][\/vc_row][vc_row][vc_column width=&#8221;1\/4&#8243; icons_position=&#8221;left&#8221;][vc_empty_space alter_height=&#8221;small&#8221; hide_on_desktop=&#8221;&#8221; hide_on_notebook=&#8221;&#8221; hide_on_tablet=&#8221;&#8221; hide_on_mobile=&#8221;&#8221;][vc_single_image image=&#8221;1210&#8243; img_size=&#8221;300&#215;500&#8243; alignment=&#8221;right&#8221;][\/vc_column][vc_column width=&#8221;1\/4&#8243; icons_position=&#8221;left&#8221;][vc_empty_space alter_height=&#8221;small&#8221; hide_on_desktop=&#8221;&#8221; hide_on_notebook=&#8221;&#8221; hide_on_tablet=&#8221;&#8221; hide_on_mobile=&#8221;&#8221;]<div id=\"sc_title_1479910919\"\n\t\tclass=\"sc_title color_style_default sc_title_default\"><h6 class=\"sc_item_subtitle sc_title_subtitle sc_align_center sc_item_title_style_default\"><span class=\"in\">Toplant\u0131lar \u0130\u00e7in Yemek Servisi<\/span><\/h6><\/div><!-- \/.sc_title -->[vc_empty_space alter_height=&#8221;small&#8221; hide_on_desktop=&#8221;&#8221; hide_on_notebook=&#8221;&#8221; hide_on_tablet=&#8221;&#8221; hide_on_mobile=&#8221;&#8221;][vc_column_text]Bir i\u015f toplant\u0131s\u0131nda yemek organize edilirken toplant\u0131 yeri b\u00fcy\u00fck \u00f6nem ta\u015f\u0131r. Bir toplant\u0131ya \u015f\u0131k sunumlar e\u015flik etti\u011finde i\u015f yapmaktan bamba\u015fka bir zevke d\u00f6n\u00fc\u015fecektir. Bir i\u015f toplant\u0131s\u0131 d\u00fczenlerken, konuklar\u0131n\u0131z\u0131n zihninde size ve zevkinize dair iyi bir izlenim b\u0131rakmak i\u00e7in g\u00f6z al\u0131c\u0131 tan\u0131t\u0131mlar e\u015flik etmelidir.[\/vc_column_text][\/vc_column][vc_column width=&#8221;1\/4&#8243; icons_position=&#8221;left&#8221;][vc_empty_space alter_height=&#8221;small&#8221; hide_on_desktop=&#8221;&#8221; hide_on_notebook=&#8221;&#8221; hide_on_tablet=&#8221;&#8221; hide_on_mobile=&#8221;&#8221;][vc_single_image image=&#8221;1506&#8243; img_size=&#8221;300&#215;500&#8243;][\/vc_column][vc_column width=&#8221;1\/4&#8243; icons_position=&#8221;left&#8221;][vc_empty_space alter_height=&#8221;small&#8221; hide_on_desktop=&#8221;&#8221; hide_on_notebook=&#8221;&#8221; hide_on_tablet=&#8221;&#8221; hide_on_mobile=&#8221;&#8221;]<div id=\"sc_title_1857103665\"\n\t\tclass=\"sc_title color_style_default sc_title_default\"><h6 class=\"sc_item_subtitle sc_title_subtitle sc_align_center sc_item_title_style_default\"><span class=\"in\">Promosyon Malzemeleri Ve \u00d6zel Hediyeler<\/span><\/h6><\/div><!-- \/.sc_title -->[vc_empty_space alter_height=&#8221;small&#8221; hide_on_desktop=&#8221;&#8221; hide_on_notebook=&#8221;&#8221; hide_on_tablet=&#8221;&#8221; hide_on_mobile=&#8221;&#8221;][vc_column_text]Firmalar\u0131n kendilerini veya \u00fcr\u00fcnlerini tan\u0131tmak ve m\u00fc\u015fterilerine sunmak i\u00e7in kulland\u0131klar\u0131 en etkili y\u00f6ntemlerden biri olan promosyon \u00fcr\u00fcnlerini bizden g\u00fcvenle temin edebilirsiniz. Bu nedenle, kurumsal imaj\u0131n\u0131z\u0131 art\u0131racak kaliteli ve \u00f6zel tasar\u0131m \u00fcr\u00fcnleri uygun fiyatlarla m\u00fc\u015fterilerimize sunmaya karar verdik.[\/vc_column_text][\/vc_column][\/vc_row]<\/p>\n","protected":false},"excerpt":{"rendered":"<p>[vc_row][vc_column icons_position=&#8221;left&#8221;][vc_empty_space alter_height=&#8221;small&#8221; hide_on_desktop=&#8221;&#8221; hide_on_notebook=&#8221;&#8221; hide_on_tablet=&#8221;&#8221; hide_on_mobile=&#8221;&#8221;][vc_column_text]Kamu ve \u00f6zel kurumlar; Toplant\u0131, seminer ve konferanslarda, t\u00fcm s\u00fcre\u00e7 boyunca gerekli t\u00fcm unsurlar\u0131 tek bir \u00e7\u00f6z\u00fcm orta\u011f\u0131 ile tamamlaman\u0131z\u0131 sa\u011fl\u0131yoruz, bu sayede amac\u0131n\u0131za uygun ve uzman ekibimiz taraf\u0131ndan ba\u015far\u0131yla tamamlanan faaliyetlere&hellip;<\/p>\n","protected":false},"author":1,"featured_media":0,"parent":0,"menu_order":0,"comment_status":"closed","ping_status":"closed","template":"","meta":{"footnotes":""},"class_list":["post-1494","page","type-page","status-publish","hentry"],"_links":{"self":[{"href":"https:\/\/dualege.com.tr\/index.php\/wp-json\/wp\/v2\/pages\/1494","targetHints":{"allow":["GET"]}}],"collection":[{"href":"https:\/\/dualege.com.tr\/index.php\/wp-json\/wp\/v2\/pages"}],"about":[{"href":"https:\/\/dualege.com.tr\/index.php\/wp-json\/wp\/v2\/types\/page"}],"author":[{"embeddable":true,"href":"https:\/\/dualege.com.tr\/index.php\/wp-json\/wp\/v2\/users\/1"}],"replies":[{"embeddable":true,"href":"https:\/\/dualege.com.tr\/index.php\/wp-json\/wp\/v2\/comments?post=1494"}],"version-history":[{"count":25,"href":"https:\/\/dualege.com.tr\/index.php\/wp-json\/wp\/v2\/pages\/1494\/revisions"}],"predecessor-version":[{"id":1655,"href":"https:\/\/dualege.com.tr\/index.php\/wp-json\/wp\/v2\/pages\/1494\/revisions\/1655"}],"wp:attachment":[{"href":"https:\/\/dualege.com.tr\/index.php\/wp-json\/wp\/v2\/media?parent=1494"}],"curies":[{"name":"wp","href":"https:\/\/api.w.org\/{rel}","templated":true}]}}