{"id":1663,"date":"2022-11-07T11:14:45","date_gmt":"2022-11-07T08:14:45","guid":{"rendered":"https:\/\/dualege.com.tr\/?page_id=1663"},"modified":"2022-11-07T17:54:41","modified_gmt":"2022-11-07T14:54:41","slug":"fuar-hizmetleri","status":"publish","type":"page","link":"https:\/\/dualege.com.tr\/index.php\/fuar-hizmetleri\/","title":{"rendered":"Fuar Hizmetleri"},"content":{"rendered":"<p>[vc_row][vc_column icons_position=&#8221;left&#8221;]<div id=\"sc_title_1552311985\"\n\t\tclass=\"sc_title color_style_default sc_title_default\"><h3 class=\"sc_item_title sc_title_title sc_align_center sc_item_title_style_default\">Fuar Hizmetleri<\/h3><\/div><!-- \/.sc_title -->[\/vc_column][\/vc_row][vc_row][vc_column icons_position=&#8221;left&#8221;][vc_empty_space alter_height=&#8221;medium&#8221; hide_on_desktop=&#8221;&#8221; hide_on_notebook=&#8221;&#8221; hide_on_tablet=&#8221;&#8221; hide_on_mobile=&#8221;&#8221;][\/vc_column][\/vc_row][vc_row][vc_column width=&#8221;2\/3&#8243; icons_position=&#8221;left&#8221;][vc_single_image image=&#8221;1802&#8243; img_size=&#8221;large&#8221; style=&#8221;vc_box_shadow_3d&#8221;][\/vc_column][vc_column width=&#8221;1\/3&#8243; icons_position=&#8221;left&#8221;][vc_column_text css=&#8221;.vc_custom_1667832843002{padding-top: 70px !important;}&#8221;]Kurumsal fuar organizasyonu yap\u0131lmak istendi\u011finde bu konuda profesyonel \u015firketlerle \u00e7al\u0131\u015fmak daha faydal\u0131 olacakt\u0131r.\u00a0<strong>Kurumsal organizasyonlar<\/strong>\u00a0konusunda deneyimli olan firmalarla \u00e7al\u0131\u015fmak bu konuda markan\u0131z a\u00e7\u0131s\u0131ndan da faydal\u0131 bir detay olacakt\u0131r.<\/p>\n<p>\u00d6zellikle fuar hizmetleri g\u00f6z \u00f6n\u00fcne al\u0131nd\u0131\u011f\u0131nda burada tan\u0131t\u0131m\u0131 yap\u0131lacak olan \u00fcr\u00fcnleriniz ve markan\u0131z zarar g\u00f6rmeden bu organizasyonlar\u0131n tamamlanmas\u0131 hedeflenmektedir. Bu nedenledir ki; etkinlik organizasyon firmalar\u0131 profesyonel olarak haz\u0131rl\u0131k yapmalar\u0131 gerekmektedir.[\/vc_column_text][\/vc_column][\/vc_row][vc_row][vc_column icons_position=&#8221;left&#8221;][vc_empty_space alter_height=&#8221;huge&#8221; hide_on_desktop=&#8221;&#8221; hide_on_notebook=&#8221;&#8221; hide_on_tablet=&#8221;&#8221; hide_on_mobile=&#8221;&#8221;][\/vc_column][\/vc_row][vc_row][vc_column width=&#8221;1\/3&#8243; icons_position=&#8221;left&#8221;][vc_single_image image=&#8221;1797&#8243; img_size=&#8221;450*250&#8243; alignment=&#8221;center&#8221; css_animation=&#8221;bounceInDown&#8221;][\/vc_column][vc_column width=&#8221;1\/3&#8243; icons_position=&#8221;left&#8221;][vc_single_image image=&#8221;1799&#8243; img_size=&#8221;450*250&#8243; alignment=&#8221;center&#8221; css_animation=&#8221;bounceInUp&#8221;][\/vc_column][vc_column width=&#8221;1\/3&#8243; icons_position=&#8221;left&#8221;][vc_single_image image=&#8221;1795&#8243; img_size=&#8221;450*250&#8243; alignment=&#8221;center&#8221; css_animation=&#8221;bounceInDown&#8221;][\/vc_column][\/vc_row][vc_row][vc_column icons_position=&#8221;left&#8221;][vc_empty_space alter_height=&#8221;medium&#8221; hide_on_desktop=&#8221;&#8221; hide_on_notebook=&#8221;&#8221; hide_on_tablet=&#8221;&#8221; hide_on_mobile=&#8221;&#8221;][\/vc_column][\/vc_row][vc_row][vc_column icons_position=&#8221;left&#8221;][vc_column_text]Firmalar\u0131n b\u00fct\u00fcn hizmet ve \u00fcr\u00fcnlerinin tan\u0131t\u0131ld\u0131\u011f\u0131 fuar organizasyonlar\u0131 g\u00f6z \u00f6n\u00fcnde bulunduruldu\u011funda bir pazarlama organizasyonudur. Kurumsal organizasyonlar aras\u0131nda \u00f6nemli bir yer edinmektedir. Dolay\u0131s\u0131yla ciddi bir haz\u0131rl\u0131k gerekmektedir. Kurumsal organizasyon firmalar\u0131 taraf\u0131ndan organize edilen fuarlar, markan\u0131z\u0131n \u00f6n plana \u00e7\u0131kmas\u0131n\u0131 ve hedef kitleye en iyi \u015fekilde tan\u0131t\u0131lmas\u0131 gereklili\u011fini \u00f6n planda tutmaktad\u0131r.<\/p>\n<p>Kurumsal organizasyon a\u015famalar\u0131 aras\u0131nda en \u00e7ok dikkat edilmesi gereken bir organizasyon t\u00fcr\u00fcd\u00fcr. \u015eirket i\u00e7inde verilen t\u00fcm hizmetlerin tam anlam\u0131yla tan\u0131t\u0131lmas\u0131 ve hedef kitleye ula\u015farak bir pazarlama politikas\u0131n\u0131n ortaya konmas\u0131 a\u00e7\u0131s\u0131ndan \u00f6nemli bir a\u015fama olarak bilinir. Dolay\u0131s\u0131yla \u015firketler olduk\u00e7a iyi bir \u015fekilde fuar organizasyonlar\u0131na haz\u0131rlanmaktad\u0131r.[\/vc_column_text][\/vc_column][\/vc_row]<\/p>\n","protected":false},"excerpt":{"rendered":"<p>[vc_row][vc_column icons_position=&#8221;left&#8221;][\/vc_column][\/vc_row][vc_row][vc_column icons_position=&#8221;left&#8221;][vc_empty_space alter_height=&#8221;medium&#8221; hide_on_desktop=&#8221;&#8221; hide_on_notebook=&#8221;&#8221; hide_on_tablet=&#8221;&#8221; hide_on_mobile=&#8221;&#8221;][\/vc_column][\/vc_row][vc_row][vc_column width=&#8221;2\/3&#8243; icons_position=&#8221;left&#8221;][vc_single_image image=&#8221;1802&#8243; img_size=&#8221;large&#8221; style=&#8221;vc_box_shadow_3d&#8221;][\/vc_column][vc_column width=&#8221;1\/3&#8243; icons_position=&#8221;left&#8221;][vc_column_text css=&#8221;.vc_custom_1667832843002{padding-top: 70px !important;}&#8221;]Kurumsal fuar organizasyonu yap\u0131lmak istendi\u011finde bu konuda profesyonel \u015firketlerle \u00e7al\u0131\u015fmak daha faydal\u0131 olacakt\u0131r.\u00a0Kurumsal organizasyonlar\u00a0konusunda deneyimli olan firmalarla \u00e7al\u0131\u015fmak bu konuda markan\u0131z&hellip;<\/p>\n","protected":false},"author":1,"featured_media":0,"parent":0,"menu_order":0,"comment_status":"closed","ping_status":"closed","template":"","meta":{"footnotes":""},"class_list":["post-1663","page","type-page","status-publish","hentry"],"_links":{"self":[{"href":"https:\/\/dualege.com.tr\/index.php\/wp-json\/wp\/v2\/pages\/1663","targetHints":{"allow":["GET"]}}],"collection":[{"href":"https:\/\/dualege.com.tr\/index.php\/wp-json\/wp\/v2\/pages"}],"about":[{"href":"https:\/\/dualege.com.tr\/index.php\/wp-json\/wp\/v2\/types\/page"}],"author":[{"embeddable":true,"href":"https:\/\/dualege.com.tr\/index.php\/wp-json\/wp\/v2\/users\/1"}],"replies":[{"embeddable":true,"href":"https:\/\/dualege.com.tr\/index.php\/wp-json\/wp\/v2\/comments?post=1663"}],"version-history":[{"count":7,"href":"https:\/\/dualege.com.tr\/index.php\/wp-json\/wp\/v2\/pages\/1663\/revisions"}],"predecessor-version":[{"id":1805,"href":"https:\/\/dualege.com.tr\/index.php\/wp-json\/wp\/v2\/pages\/1663\/revisions\/1805"}],"wp:attachment":[{"href":"https:\/\/dualege.com.tr\/index.php\/wp-json\/wp\/v2\/media?parent=1663"}],"curies":[{"name":"wp","href":"https:\/\/api.w.org\/{rel}","templated":true}]}}