{"id":1673,"date":"2022-11-07T11:25:11","date_gmt":"2022-11-07T08:25:11","guid":{"rendered":"https:\/\/dualege.com.tr\/?page_id=1673"},"modified":"2022-11-07T14:03:01","modified_gmt":"2022-11-07T11:03:01","slug":"pr-danismanligi","status":"publish","type":"page","link":"https:\/\/dualege.com.tr\/index.php\/pr-danismanligi\/","title":{"rendered":"PR Dan\u0131\u015fmanl\u0131\u011f\u0131"},"content":{"rendered":"<p>[vc_row][vc_column icons_position=&#8221;left&#8221;]<div id=\"sc_title_930460282\"\n\t\tclass=\"sc_title color_style_default sc_title_default\"><h3 class=\"sc_item_title sc_title_title sc_align_center sc_item_title_style_default\">PR Dan\u0131\u015fmanl\u0131\u011f\u0131<\/h3><\/div><!-- \/.sc_title -->[\/vc_column][\/vc_row][vc_row][vc_column icons_position=&#8221;left&#8221;][vc_empty_space alter_height=&#8221;medium&#8221; hide_on_desktop=&#8221;&#8221; hide_on_notebook=&#8221;&#8221; hide_on_tablet=&#8221;&#8221; hide_on_mobile=&#8221;&#8221;][\/vc_column][\/vc_row][vc_row][vc_column icons_position=&#8221;left&#8221;][vc_column_text]PR (Public Relations) Halkla \u0130li\u015fkiler: \u201cbir i\u015fletme ile hedef kitle aras\u0131nda kar\u015f\u0131l\u0131kl\u0131 ileti\u015fimi, anlay\u0131\u015f\u0131, olu\u015fturmaya ve s\u00fcrd\u00fcrmeye yard\u0131mc\u0131 olan ayr\u0131cal\u0131kl\u0131 bir y\u00f6netim g\u00f6revidir\u201d. PR kurumsal anlam da ise: \u201c Kurumlar\u0131n ama\u00e7lar\u0131 do\u011frultusunda kendileri i\u00e7in geli\u015ftirdi\u011fi tan\u0131m\u0131n\u0131n kamuoyu taraf\u0131ndan ayn\u0131 bi\u00e7imde alg\u0131lanmas\u0131n\u0131 sa\u011flayacak faaliyetler b\u00fct\u00fcn\u00fcd\u00fcr.\u201d<\/p>\n<p>\u201cPR\u201d geli\u015ftirdi\u011fi stratejiler, uygulad\u0131\u011f\u0131 teknikler, yapm\u0131\u015f oldu\u011fu \u00e7al\u0131\u015fmalar ile kurumlar\u0131n, fikirlerini ve hizmetlerini sunduklar\u0131 topluluklar ile devaml\u0131 ileti\u015fim i\u00e7inde olmas\u0131n\u0131 sa\u011flar.<\/p>\n<p>\u201cKurulu\u015f y\u00f6neticilerinin programlar\u0131n\u0131 uygulayabilmek, hem kurulu\u015f hem de halka hizmet verebilmek i\u00e7in e\u011filimleri, istekleri analiz etmek ve sonu\u00e7lar\u0131n\u0131 tahmin etmeye y\u00f6nelik sosyal bilim ve sanatt\u0131r.[\/vc_column_text][\/vc_column][\/vc_row][vc_row][vc_column icons_position=&#8221;left&#8221;][vc_empty_space alter_height=&#8221;medium&#8221; hide_on_desktop=&#8221;&#8221; hide_on_notebook=&#8221;&#8221; hide_on_tablet=&#8221;&#8221; hide_on_mobile=&#8221;&#8221;][\/vc_column][\/vc_row][vc_row full_width=&#8221;stretch_row&#8221;][vc_column icons_position=&#8221;left&#8221;][vc_single_image image=&#8221;1736&#8243; img_size=&#8221;1500*450&#8243; alignment=&#8221;center&#8221; css_animation=&#8221;fadeInDownBig&#8221;][\/vc_column][\/vc_row][vc_row][vc_column icons_position=&#8221;left&#8221;][vc_empty_space alter_height=&#8221;medium&#8221; hide_on_desktop=&#8221;&#8221; hide_on_notebook=&#8221;&#8221; hide_on_tablet=&#8221;&#8221; hide_on_mobile=&#8221;&#8221;][\/vc_column][\/vc_row][vc_row][vc_column icons_position=&#8221;left&#8221;][vc_column_text]Herhangi bir markan\u0131n b\u00fct\u00fcn ticari ili\u015fkilerini, pazarlama stratejilerini ve m\u00fc\u015fteri ili\u015fkilerini yak\u0131ndan inceler. \u00c7al\u0131\u015fmakta oldu\u011fu firmay\u0131 yak\u0131ndan tan\u0131r ve plan\u0131n\u0131 bu do\u011frultuda ger\u00e7ekle\u015ftirir. \u0130htiya\u00e7 olan alt zemini d\u00fczenler ve ileri bir seviyeye ta\u015f\u0131mak i\u00e7in \u00e7al\u0131\u015fmalarda bulunur. H\u0131zla geli\u015fen teknoloji ile entegre \u00e7al\u0131\u015farak markalar\u0131n ihtiya\u00e7 duydu\u011fu her t\u00fcrl\u00fc i\u015f birli\u011fini titizlikle takip eder. Markalar\u0131n pazarlama, halkla ili\u015fkiler ve reklam alanlar\u0131n\u0131 birbirine ba\u011flayarak m\u00fc\u015fteri odakl\u0131 \u00e7al\u0131\u015fma yapar.[\/vc_column_text][\/vc_column][\/vc_row][vc_row][vc_column icons_position=&#8221;left&#8221;][vc_empty_space alter_height=&#8221;medium&#8221; hide_on_desktop=&#8221;&#8221; hide_on_notebook=&#8221;&#8221; hide_on_tablet=&#8221;&#8221; hide_on_mobile=&#8221;&#8221;][\/vc_column][\/vc_row][vc_row][vc_column icons_position=&#8221;left&#8221;]<div id=\"sc_title_1908409788\"\n\t\tclass=\"sc_title color_style_default sc_title_default\"><h6 class=\"sc_item_subtitle sc_title_subtitle sc_align_center sc_item_title_style_default\"><span class=\"in\">PR Dan\u0131\u015fmanl\u0131\u011f\u0131 ile \u00c7al\u0131\u015fman\u0131n Avantajlar\u0131 Nelerdir?<\/span><\/h6><\/div><!-- \/.sc_title -->[vc_empty_space alter_height=&#8221;medium&#8221; hide_on_desktop=&#8221;&#8221; hide_on_notebook=&#8221;&#8221; hide_on_tablet=&#8221;&#8221; hide_on_mobile=&#8221;&#8221;][\/vc_column][\/vc_row][vc_row][vc_column icons_position=&#8221;left&#8221;][vc_column_text]Firman\u0131n y\u00fckselme planlar\u0131n\u0131 daha h\u0131zl\u0131 bir \u015fekilde hayata ge\u00e7irir. \u00c7al\u0131\u015fanlar\u0131n aras\u0131ndaki ileti\u015fimi artt\u0131r\u0131r. Firman\u0131n k\u0131sa s\u00fcrede b\u00fcy\u00fcmesine ve gerekli Pazar imkanlar\u0131na kavu\u015fmas\u0131n\u0131 sa\u011flar. Sosyal medya ile pazarlama i\u015flerini birlikte y\u00fcr\u00fctt\u00fc\u011f\u00fcnden dolay\u0131 aran\u0131lan \u00fcr\u00fcn\u00fcn tan\u0131t\u0131m\u0131n\u0131 daha h\u0131zl\u0131 yapar. Potansiyel m\u00fc\u015fteri say\u0131s\u0131n\u0131 artt\u0131r\u0131r. Yap\u0131lan \u00e7al\u0131\u015fmalar sonucunda \u015firketin prestiji artacak ve kaliteli bir firma alg\u0131s\u0131 yaratm\u0131\u015f olacakt\u0131r. Ortaya \u00e7\u0131kabilecek krizler veya k\u0131sa s\u00fcrede hallederek \u015firketin az zararla kurtulmas\u0131na ili\u015fkin planlar\u0131 h\u0131zl\u0131ca yapar. Bu da zamandan ve i\u015f g\u00fcc\u00fcnden tasarruf sa\u011flar. B\u00f6yle bir ajansla \u00e7al\u0131\u015fmak sekt\u00f6rde kaliteye \u00f6nem verdi\u011fini g\u00f6stererek firman\u0131n sekt\u00f6rde olan g\u00fcvenirlili\u011fini artt\u0131r\u0131r. Farkl\u0131 bir uzmanl\u0131k alan\u0131 gerektirdi\u011fi i\u00e7in pr ajans\u0131yla \u00e7al\u0131\u015fmak zamandan tasarruf sa\u011flar. Sat\u0131\u015f stratejilerine h\u00e2kim olmas\u0131 bu bilgisini uygulamaya ustal\u0131kla d\u00f6kmesi de \u015firket geli\u015fimi ac\u0131s\u0131ndan olduk\u00e7a \u00f6nemlidir.[\/vc_column_text][\/vc_column][\/vc_row][vc_row][vc_column icons_position=&#8221;left&#8221;][vc_empty_space alter_height=&#8221;medium&#8221; hide_on_desktop=&#8221;&#8221; hide_on_notebook=&#8221;&#8221; hide_on_tablet=&#8221;&#8221; hide_on_mobile=&#8221;&#8221;][\/vc_column][\/vc_row][vc_row][vc_column icons_position=&#8221;left&#8221;]<div id=\"sc_title_444628065\"\n\t\tclass=\"sc_title color_style_default sc_title_default\"><h6 class=\"sc_item_subtitle sc_title_subtitle sc_align_center sc_item_title_style_default\"><span class=\"in\"> PR Neden Gereklidir?<\/span><\/h6><\/div><!-- \/.sc_title -->[\/vc_column][\/vc_row][vc_row][vc_column icons_position=&#8221;left&#8221;][vc_empty_space alter_height=&#8221;medium&#8221; hide_on_desktop=&#8221;&#8221; hide_on_notebook=&#8221;&#8221; hide_on_tablet=&#8221;&#8221; hide_on_mobile=&#8221;&#8221;][\/vc_column][\/vc_row][vc_row][vc_column icons_position=&#8221;left&#8221;][vc_column_text]S\u0131n\u0131rlar\u0131n kalkt\u0131\u011f\u0131 ve d\u00fcnyan\u0131n yerel bir i\u015fletmeye d\u00f6nd\u00fc\u011f\u00fc d\u00fcnyada rekabet git gide zorla\u015f\u0131yor. \u00c7a\u011f\u0131n gerekliliklerini yerine getirmenin yan\u0131nda rekabetin beraberinde getirdi\u011fi zorluklar\u0131 a\u015fmak da ayr\u0131 bir beceri gerektiriyor. Bu a\u015famada stratejik dan\u0131\u015fmanl\u0131k ve tan\u0131t\u0131m\u0131n ne denli \u00f6nemli oldu\u011fu ayr\u0131 bir olgu olarak kar\u015f\u0131m\u0131za \u00e7\u0131k\u0131yor.<\/p>\n<p>Bug\u00fcn k\u00fc\u00e7\u00fclen d\u00fcnyada \u015firketler \u201cnas\u0131l daha fazla satar\u0131m\u201d sorusundan daha \u00e7ok \u201cmarka ve kaliteyi nas\u0131l olu\u015ftururum\u201d sorusunun yan\u0131t\u0131n\u0131 aramaya ba\u015flad\u0131. D\u00fcnyan\u0131n en iyi ve en kaliteli \u00fcr\u00fcn\u00fcn\u00fc en ucuza \u00fcretiyor olsan\u0131z bile bundan kimsenin haberi yoksa geri d\u00f6n\u00fc\u015f\u00fc olmayan bir hizmet ve \u00fcr\u00fcn ortaya koyman\u0131n hi\u00e7bir anlam\u0131 olmuyor. \u0130\u015fte bu noktada devreye PR giriyor.[\/vc_column_text][\/vc_column][\/vc_row]<\/p>\n","protected":false},"excerpt":{"rendered":"<p>[vc_row][vc_column icons_position=&#8221;left&#8221;][\/vc_column][\/vc_row][vc_row][vc_column icons_position=&#8221;left&#8221;][vc_empty_space alter_height=&#8221;medium&#8221; hide_on_desktop=&#8221;&#8221; hide_on_notebook=&#8221;&#8221; hide_on_tablet=&#8221;&#8221; hide_on_mobile=&#8221;&#8221;][\/vc_column][\/vc_row][vc_row][vc_column icons_position=&#8221;left&#8221;][vc_column_text]PR (Public Relations) Halkla \u0130li\u015fkiler: \u201cbir i\u015fletme ile hedef kitle aras\u0131nda kar\u015f\u0131l\u0131kl\u0131 ileti\u015fimi, anlay\u0131\u015f\u0131, olu\u015fturmaya ve s\u00fcrd\u00fcrmeye yard\u0131mc\u0131 olan ayr\u0131cal\u0131kl\u0131 bir y\u00f6netim g\u00f6revidir\u201d. PR kurumsal anlam da ise: \u201c Kurumlar\u0131n&hellip;<\/p>\n","protected":false},"author":1,"featured_media":0,"parent":0,"menu_order":0,"comment_status":"closed","ping_status":"closed","template":"","meta":{"footnotes":""},"class_list":["post-1673","page","type-page","status-publish","hentry"],"_links":{"self":[{"href":"https:\/\/dualege.com.tr\/index.php\/wp-json\/wp\/v2\/pages\/1673","targetHints":{"allow":["GET"]}}],"collection":[{"href":"https:\/\/dualege.com.tr\/index.php\/wp-json\/wp\/v2\/pages"}],"about":[{"href":"https:\/\/dualege.com.tr\/index.php\/wp-json\/wp\/v2\/types\/page"}],"author":[{"embeddable":true,"href":"https:\/\/dualege.com.tr\/index.php\/wp-json\/wp\/v2\/users\/1"}],"replies":[{"embeddable":true,"href":"https:\/\/dualege.com.tr\/index.php\/wp-json\/wp\/v2\/comments?post=1673"}],"version-history":[{"count":5,"href":"https:\/\/dualege.com.tr\/index.php\/wp-json\/wp\/v2\/pages\/1673\/revisions"}],"predecessor-version":[{"id":1740,"href":"https:\/\/dualege.com.tr\/index.php\/wp-json\/wp\/v2\/pages\/1673\/revisions\/1740"}],"wp:attachment":[{"href":"https:\/\/dualege.com.tr\/index.php\/wp-json\/wp\/v2\/media?parent=1673"}],"curies":[{"name":"wp","href":"https:\/\/api.w.org\/{rel}","templated":true}]}}