{"id":1675,"date":"2022-11-07T11:25:58","date_gmt":"2022-11-07T08:25:58","guid":{"rendered":"https:\/\/dualege.com.tr\/?page_id=1675"},"modified":"2022-11-07T18:19:16","modified_gmt":"2022-11-07T15:19:16","slug":"internet-reklam-danismanligi","status":"publish","type":"page","link":"https:\/\/dualege.com.tr\/index.php\/internet-reklam-danismanligi\/","title":{"rendered":"\u0130nternet Reklam Dan\u0131\u015fmanl\u0131\u011f\u0131"},"content":{"rendered":"<p>[vc_row][vc_column icons_position=&#8221;left&#8221;]<div id=\"sc_title_278669573\"\n\t\tclass=\"sc_title color_style_default sc_title_default\"><h3 class=\"sc_item_title sc_title_title sc_align_center sc_item_title_style_default\">\u0130nternet Reklam Dan\u0131\u015fmanl\u0131\u011f\u0131<\/h3><\/div><!-- \/.sc_title -->[\/vc_column][\/vc_row][vc_row][vc_column icons_position=&#8221;left&#8221;][vc_empty_space alter_height=&#8221;medium&#8221; hide_on_desktop=&#8221;&#8221; hide_on_notebook=&#8221;&#8221; hide_on_tablet=&#8221;&#8221; hide_on_mobile=&#8221;&#8221;][\/vc_column][\/vc_row][vc_row][vc_column width=&#8221;1\/2&#8243; icons_position=&#8221;left&#8221;][vc_column_text]Dijital reklam, markas\u0131n\u0131n de\u011ferini y\u00fckseltmek ve kazanc\u0131n\u0131 artt\u0131rmak isteyen ki\u015filerin belirli kitlelere hitap etmesi i\u00e7in internet ortam\u0131nda yay\u0131nlad\u0131klar\u0131 reklamlara verilen isimdir.\u00a0Dijital reklam dan\u0131\u015fmanl\u0131\u011f\u0131\u00a0sayesinde markan\u0131za en uygun olacak reklamlar\u0131 olu\u015fturabilir ve bu sayede \u00e7ok daha fazla m\u00fc\u015fteriye e\u015f zamanl\u0131 olarak k\u0131sa s\u00fcre i\u00e7erisinde ula\u015fabilirsiniz. Dijital reklam\u0131n en g\u00fczel taraflar\u0131ndan biri de olu\u015fturulan reklamlar\u0131n birden fazla platformda yay\u0131nlanarak \u00e7ok daha fazla ki\u015fiye ula\u015fmas\u0131d\u0131r. Dijital reklam dan\u0131\u015fmanl\u0131k hizmeti sayesinde reklam verilerinizi metodlayabilir, rapor \u015feklinde g\u00f6rebilir ve say\u0131sal verilerinizi t\u00fcm detaylar\u0131yla inceleyebilirsiniz. Marka de\u011ferinizi artt\u0131rmak ve hedef kitleye \u00e7ok daha k\u0131sa s\u00fcre i\u00e7erisinde ula\u015fmak i\u00e7in, en do\u011fru tercih dijital reklam dan\u0131\u015fmanl\u0131k hizmeti almak olacakt\u0131r.[\/vc_column_text][\/vc_column][vc_column width=&#8221;1\/2&#8243; icons_position=&#8221;left&#8221;][vc_single_image image=&#8221;1774&#8243; img_size=&#8221;600*200&#8243; alignment=&#8221;center&#8221;][\/vc_column][\/vc_row][vc_row][vc_column icons_position=&#8221;left&#8221;][vc_empty_space alter_height=&#8221;medium&#8221; hide_on_desktop=&#8221;&#8221; hide_on_notebook=&#8221;&#8221; hide_on_tablet=&#8221;&#8221; hide_on_mobile=&#8221;&#8221;][vc_column_text]G\u00fcn\u00fcm\u00fczde sosyal medyan\u0131n etkisi az\u0131msanamayacak bir \u015fekilde fazlad\u0131r. Markalar\u0131n, art\u0131k dijital ortamda varl\u0131\u011f\u0131n\u0131 korumas\u0131 bir zorunluluk haline gelmi\u015ftir. Sosyal medyada varl\u0131\u011f\u0131n\u0131z\u0131 s\u00fcrd\u00fcrmenin ve kitlenizi geni\u015fletmenin en \u00f6nemli ad\u0131mlar\u0131ndan biri de dijital reklamlard\u0131r. Firmam\u0131z, alan\u0131nda uzman olan kadrosu ile birlikte hedef kitlenizi belirler ve en do\u011fru reklamlar\u0131, en do\u011fru zamanlarda hedef kitlenin kar\u015f\u0131s\u0131na \u00e7\u0131kar\u0131r. Dijital reklam dan\u0131\u015fmanl\u0131\u011f\u0131 hizmetimiz sayesinde k\u0131sa s\u00fcre i\u00e7erisinde hedeflerinizi ger\u00e7ekle\u015ftirebilir ve markan\u0131z\u0131 y\u00fcr\u00fctebilirsiniz.[\/vc_column_text][\/vc_column][\/vc_row][vc_row][vc_column icons_position=&#8221;left&#8221;][vc_empty_space alter_height=&#8221;medium&#8221; hide_on_desktop=&#8221;&#8221; hide_on_notebook=&#8221;&#8221; hide_on_tablet=&#8221;&#8221; hide_on_mobile=&#8221;&#8221;][\/vc_column][\/vc_row][vc_row][vc_column icons_position=&#8221;left&#8221;]<div id=\"sc_title_1565247462\"\n\t\tclass=\"sc_title color_style_default sc_title_default\"><h6 class=\"sc_item_subtitle sc_title_subtitle sc_align_center sc_item_title_style_default\"><span class=\"in\">Dijital Reklamc\u0131l\u0131k Nedir?<\/span><\/h6><\/div><!-- \/.sc_title -->[vc_empty_space hide_on_desktop=&#8221;&#8221; hide_on_notebook=&#8221;&#8221; hide_on_tablet=&#8221;&#8221; hide_on_mobile=&#8221;&#8221;][\/vc_column][\/vc_row][vc_row][vc_column icons_position=&#8221;left&#8221;][vc_column_text]Dijital reklamc\u0131l\u0131k; web siteleri, i\u00e7erik yay\u0131n\u0131 ve benzer \u00e7evrim i\u00e7i kanallar arac\u0131l\u0131\u011f\u0131yla y\u00fcr\u00fct\u00fclen pazarlama \u00e7al\u0131\u015fmalar\u0131 anlam\u0131na gelir. Dijital reklamlar; metin, resim, ses ve video gibi medya formatlar\u0131n\u0131 kapsar. Bu t\u00fcr reklamlar,\u00a0pazarlama hunisi\u00a0genelinde\u00a0marka bilinirli\u011finden\u00a0m\u00fc\u015fteri etkile\u015fimine,\u00a0yeni \u00fcr\u00fcnleri piyasaya s\u00fcrmeye\u00a0ve tekrarlanan sat\u0131\u015flar\u0131 art\u0131rmaya kadar \u00e7e\u015fitli i\u015f hedeflerine ula\u015fman\u0131za yard\u0131mc\u0131 olabilir.<\/p>\n<p>Dijital reklamc\u0131l\u0131k alan\u0131; dergiler, reklam panolar\u0131 ve do\u011frudan posta gibi geleneksel kanallara k\u0131yasla nispeten gen\u00e7tir. Reklamc\u0131l\u0131\u011f\u0131n evrimi sadece reklamlar\u0131n neye benzedi\u011fi veya nerede g\u00f6r\u00fcnd\u00fckleri de\u011fil, ayn\u0131 zamanda olu\u015fturulma, sat\u0131lma ve \u00f6l\u00e7\u00fclme bi\u00e7imleriyle de ilgilidir.[\/vc_column_text][vc_empty_space alter_height=&#8221;medium&#8221; hide_on_desktop=&#8221;&#8221; hide_on_notebook=&#8221;&#8221; hide_on_tablet=&#8221;&#8221; hide_on_mobile=&#8221;&#8221;][\/vc_column][\/vc_row][vc_row][vc_column width=&#8221;1\/2&#8243; icons_position=&#8221;left&#8221;][vc_single_image image=&#8221;1775&#8243; img_size=&#8221;500*400&#8243; alignment=&#8221;right&#8221; css_animation=&#8221;fadeInLeftBig&#8221;][\/vc_column][vc_column width=&#8221;1\/2&#8243; icons_position=&#8221;left&#8221;][vc_single_image image=&#8221;1776&#8243; img_size=&#8221;500*400&#8243; css_animation=&#8221;fadeInRightBig&#8221;][\/vc_column][\/vc_row][vc_row][vc_column icons_position=&#8221;left&#8221;][\/vc_column][\/vc_row]<\/p>\n","protected":false},"excerpt":{"rendered":"<p>[vc_row][vc_column icons_position=&#8221;left&#8221;][\/vc_column][\/vc_row][vc_row][vc_column icons_position=&#8221;left&#8221;][vc_empty_space alter_height=&#8221;medium&#8221; hide_on_desktop=&#8221;&#8221; hide_on_notebook=&#8221;&#8221; hide_on_tablet=&#8221;&#8221; hide_on_mobile=&#8221;&#8221;][\/vc_column][\/vc_row][vc_row][vc_column width=&#8221;1\/2&#8243; icons_position=&#8221;left&#8221;][vc_column_text]Dijital reklam, markas\u0131n\u0131n de\u011ferini y\u00fckseltmek ve kazanc\u0131n\u0131 artt\u0131rmak isteyen ki\u015filerin belirli kitlelere hitap etmesi i\u00e7in internet ortam\u0131nda yay\u0131nlad\u0131klar\u0131 reklamlara verilen isimdir.\u00a0Dijital reklam dan\u0131\u015fmanl\u0131\u011f\u0131\u00a0sayesinde markan\u0131za en uygun olacak reklamlar\u0131 olu\u015fturabilir&hellip;<\/p>\n","protected":false},"author":1,"featured_media":0,"parent":0,"menu_order":0,"comment_status":"closed","ping_status":"closed","template":"","meta":{"footnotes":""},"class_list":["post-1675","page","type-page","status-publish","hentry"],"_links":{"self":[{"href":"https:\/\/dualege.com.tr\/index.php\/wp-json\/wp\/v2\/pages\/1675","targetHints":{"allow":["GET"]}}],"collection":[{"href":"https:\/\/dualege.com.tr\/index.php\/wp-json\/wp\/v2\/pages"}],"about":[{"href":"https:\/\/dualege.com.tr\/index.php\/wp-json\/wp\/v2\/types\/page"}],"author":[{"embeddable":true,"href":"https:\/\/dualege.com.tr\/index.php\/wp-json\/wp\/v2\/users\/1"}],"replies":[{"embeddable":true,"href":"https:\/\/dualege.com.tr\/index.php\/wp-json\/wp\/v2\/comments?post=1675"}],"version-history":[{"count":6,"href":"https:\/\/dualege.com.tr\/index.php\/wp-json\/wp\/v2\/pages\/1675\/revisions"}],"predecessor-version":[{"id":1815,"href":"https:\/\/dualege.com.tr\/index.php\/wp-json\/wp\/v2\/pages\/1675\/revisions\/1815"}],"wp:attachment":[{"href":"https:\/\/dualege.com.tr\/index.php\/wp-json\/wp\/v2\/media?parent=1675"}],"curies":[{"name":"wp","href":"https:\/\/api.w.org\/{rel}","templated":true}]}}