{"id":1681,"date":"2022-11-07T11:27:56","date_gmt":"2022-11-07T08:27:56","guid":{"rendered":"https:\/\/dualege.com.tr\/?page_id=1681"},"modified":"2022-11-07T15:08:12","modified_gmt":"2022-11-07T12:08:12","slug":"teknoloji-danismanligi","status":"publish","type":"page","link":"https:\/\/dualege.com.tr\/index.php\/teknoloji-danismanligi\/","title":{"rendered":"Teknoloji Dan\u0131\u015fmanl\u0131\u011f\u0131"},"content":{"rendered":"<p>[vc_row][vc_column icons_position=&#8221;left&#8221;]<div id=\"sc_title_128135646\"\n\t\tclass=\"sc_title color_style_default sc_title_default\"><h3 class=\"sc_item_title sc_title_title sc_align_center sc_item_title_style_default\">Teknoloji Dan\u0131\u015fmanl\u0131\u011f\u0131<\/h3><\/div><!-- \/.sc_title -->[\/vc_column][\/vc_row][vc_row][vc_column icons_position=&#8221;left&#8221;][vc_empty_space alter_height=&#8221;medium&#8221; hide_on_desktop=&#8221;&#8221; hide_on_notebook=&#8221;&#8221; hide_on_tablet=&#8221;&#8221; hide_on_mobile=&#8221;&#8221;][\/vc_column][\/vc_row][vc_row][vc_column width=&#8221;1\/2&#8243; icons_position=&#8221;left&#8221;][vc_empty_space alter_height=&#8221;medium&#8221; hide_on_desktop=&#8221;&#8221; hide_on_notebook=&#8221;&#8221; hide_on_tablet=&#8221;&#8221; hide_on_mobile=&#8221;&#8221;][vc_column_text]Teknoloji Dan\u0131\u015fmanl\u0131\u011f\u0131 hizmetimiz, \u0130\u015fletmelerin \u00e7al\u0131\u015fma prensibini geli\u015ftirmek i\u00e7in ihtiya\u00e7lar\u0131 ile \u00f6rt\u00fc\u015fecek teknolojik alt yap\u0131 ve bilgi teknolojileri \u00e7\u00f6z\u00fcmlerinin saptanmas\u0131, uygun \u00e7\u00f6z\u00fcmleri tan\u0131mlayarak donan\u0131m ve yaz\u0131l\u0131m bile\u015fenlerinin tedarik edilmesi, sitemlerin uygulama ve devreye alma s\u00fcre\u00e7lerinin uluslararas\u0131 standartlara uygun olarak y\u00fcr\u00fct\u00fclmesi ve sonland\u0131r\u0131lmas\u0131 kapsam\u0131nda verilmektedir.[\/vc_column_text][\/vc_column][vc_column width=&#8221;1\/2&#8243; icons_position=&#8221;left&#8221;][vc_single_image image=&#8221;1748&#8243; img_size=&#8221;large&#8221; alignment=&#8221;center&#8221; style=&#8221;vc_box_shadow_3d&#8221;][\/vc_column][\/vc_row][vc_row][vc_column icons_position=&#8221;left&#8221;][vc_empty_space alter_height=&#8221;medium&#8221; hide_on_desktop=&#8221;&#8221; hide_on_notebook=&#8221;&#8221; hide_on_tablet=&#8221;&#8221; hide_on_mobile=&#8221;&#8221;][\/vc_column][\/vc_row][vc_row][vc_column icons_position=&#8221;left&#8221;]<div id=\"sc_title_884683334\"\n\t\tclass=\"sc_title color_style_default sc_title_default\"><h6 class=\"sc_item_subtitle sc_title_subtitle sc_align_center sc_item_title_style_default\"><span class=\"in\">Teknoloji Dan\u0131\u015fman\u0131 Ne Demek?<\/span><\/h6><\/div><!-- \/.sc_title -->[vc_empty_space hide_on_desktop=&#8221;&#8221; hide_on_notebook=&#8221;&#8221; hide_on_tablet=&#8221;&#8221; hide_on_mobile=&#8221;&#8221;][vc_column_text]<\/p>\n<section id=\"section-1\">\n<p style=\"text-align: center;\">Teknoloji dan\u0131\u015fman\u0131; entegrasyon deneyimi ve alan uzmanl\u0131\u011f\u0131 bilgisine sahip olarak teknolojilerin en etkili ve aktif \u015fekilde kullan\u0131lmas\u0131n\u0131 sa\u011flayan, zaman ve personel tasarrufunu y\u00f6neten, \u015firketin kalite ve verimlili\u011finin art\u0131r\u0131lmas\u0131 ad\u0131na teknolojik destek veren ki\u015fidir.<\/p>\n<\/section>\n<section id=\"section-2\"><\/section>\n<p>[\/vc_column_text][\/vc_column][\/vc_row][vc_row][vc_column icons_position=&#8221;left&#8221;][vc_empty_space alter_height=&#8221;medium&#8221; hide_on_desktop=&#8221;&#8221; hide_on_notebook=&#8221;&#8221; hide_on_tablet=&#8221;&#8221; hide_on_mobile=&#8221;&#8221;]<div id=\"sc_title_2119126483\"\n\t\tclass=\"sc_title color_style_default sc_title_default\"><h6 class=\"sc_item_subtitle sc_title_subtitle sc_align_center sc_item_title_style_default\"><span class=\"in\">Teknoloji Dan\u0131\u015fman\u0131 Ne \u0130\u015f Yapar? G\u00f6rev ve Sorumluluklar\u0131 Nelerdir?<\/span><\/h6><\/div><!-- \/.sc_title -->[vc_empty_space hide_on_desktop=&#8221;&#8221; hide_on_notebook=&#8221;&#8221; hide_on_tablet=&#8221;&#8221; hide_on_mobile=&#8221;&#8221;][\/vc_column][\/vc_row][vc_row][vc_column width=&#8221;1\/2&#8243; icons_position=&#8221;left&#8221;][vc_column_text]<\/p>\n<section id=\"section-2\">Stratejik dan\u0131\u015fmanl\u0131k hizmeti sunan teknoloji dan\u0131\u015fman\u0131n\u0131n ba\u015fl\u0131ca g\u00f6rev ve sorumluluklar\u0131 \u015f\u00f6yledir:<\/p>\n<ul>\n<li>Analiz ve optimizasyon \u00e7al\u0131\u015fmalar\u0131n\u0131n a\u015famalar\u0131nda ideal \u00e7\u00f6z\u00fcmler \u00fcretmek,<\/li>\n<li>Kurumlara temel faaliyet alanlar\u0131na daha fazla yo\u011funla\u015fabilmeleri i\u00e7in gerekli imk\u00e2n\u0131 sa\u011flamak,<\/li>\n<li>Operasyonel maliyetleri minimuma indirmek i\u00e7in \u00e7al\u0131\u015fmak,<\/li>\n<li>Mevcut altyap\u0131 \u00e7al\u0131\u015fmalar\u0131n\u0131 incelemek,<\/li>\n<li>Sistemlerin kullan\u0131labilirlik durumlar\u0131n\u0131 raporlamak,<\/li>\n<li>En yeni teknolojileri ara\u015ft\u0131rmak ve ihtiyac\u0131 kar\u015f\u0131layacak \u015fekilde temin etmek, uygulamak,<\/li>\n<li>Analiz ve modernizasyon yapmak,<\/li>\n<\/ul>\n<\/section>\n<p>[\/vc_column_text][\/vc_column][vc_column width=&#8221;1\/2&#8243; icons_position=&#8221;left&#8221;][vc_column_text]<\/p>\n<section id=\"section-2\">\n<ul>\n<li>\u0130\u015f olu\u015f bi\u00e7imlerinde iyile\u015ftirme ve rekabet avantaj\u0131 sa\u011flamak,<\/li>\n<li>Planlama ve b\u00fct\u00e7e y\u00f6netimi konular\u0131nda derin sekt\u00f6r tecr\u00fcbesi ile yol g\u00f6stermek,<\/li>\n<li>Bilgi birikimi ve tecr\u00fcbesi ile kurumlara \u00f6neriler sunmak,<\/li>\n<li>T\u00fcm risk ve \u00f6ncelikleri kapsaml\u0131 bir \u015fekilde belirlemek,<\/li>\n<li>Yapt\u0131\u011f\u0131 \u00e7al\u0131\u015fmalardan maksimum d\u00fczeyde fayda elde edilebilmesi i\u00e7in ba\u015far\u0131 odakl\u0131 \u00e7al\u0131\u015fma g\u00f6stermek,<\/li>\n<li>BT politikalar\u0131n\u0131 analiz etmek ve olu\u015fturmak,<\/li>\n<li>Sistem altyap\u0131 analizi yapmak,<\/li>\n<li>\u00c7\u00f6z\u00fcm modeli olu\u015fturmak,<\/li>\n<li>Proje savunmas\u0131 ve sunumu haz\u0131rlamak.<\/li>\n<\/ul>\n<\/section>\n<p>[\/vc_column_text][\/vc_column][\/vc_row][vc_row][vc_column width=&#8221;1\/2&#8243; icons_position=&#8221;left&#8221;][vc_empty_space alter_height=&#8221;medium&#8221; hide_on_desktop=&#8221;&#8221; hide_on_notebook=&#8221;&#8221; hide_on_tablet=&#8221;&#8221; hide_on_mobile=&#8221;&#8221;][vc_single_image image=&#8221;1751&#8243; img_size=&#8221;550*400&#8243; style=&#8221;vc_box_shadow_3d&#8221; css_animation=&#8221;fadeInLeft&#8221;][\/vc_column][vc_column width=&#8221;1\/2&#8243; icons_position=&#8221;left&#8221;][vc_empty_space alter_height=&#8221;medium&#8221; hide_on_desktop=&#8221;&#8221; hide_on_notebook=&#8221;&#8221; hide_on_tablet=&#8221;&#8221; hide_on_mobile=&#8221;&#8221;][vc_single_image image=&#8221;1753&#8243; img_size=&#8221;550*400&#8243; alignment=&#8221;center&#8221; style=&#8221;vc_box_shadow_3d&#8221; css_animation=&#8221;fadeInRight&#8221;][\/vc_column][\/vc_row][vc_row][vc_column icons_position=&#8221;left&#8221;][\/vc_column][\/vc_row]<\/p>\n","protected":false},"excerpt":{"rendered":"<p>[vc_row][vc_column icons_position=&#8221;left&#8221;][\/vc_column][\/vc_row][vc_row][vc_column icons_position=&#8221;left&#8221;][vc_empty_space alter_height=&#8221;medium&#8221; hide_on_desktop=&#8221;&#8221; hide_on_notebook=&#8221;&#8221; hide_on_tablet=&#8221;&#8221; hide_on_mobile=&#8221;&#8221;][\/vc_column][\/vc_row][vc_row][vc_column width=&#8221;1\/2&#8243; icons_position=&#8221;left&#8221;][vc_empty_space alter_height=&#8221;medium&#8221; hide_on_desktop=&#8221;&#8221; hide_on_notebook=&#8221;&#8221; hide_on_tablet=&#8221;&#8221; hide_on_mobile=&#8221;&#8221;][vc_column_text]Teknoloji Dan\u0131\u015fmanl\u0131\u011f\u0131 hizmetimiz, \u0130\u015fletmelerin \u00e7al\u0131\u015fma prensibini geli\u015ftirmek i\u00e7in ihtiya\u00e7lar\u0131 ile \u00f6rt\u00fc\u015fecek teknolojik alt yap\u0131 ve bilgi teknolojileri \u00e7\u00f6z\u00fcmlerinin saptanmas\u0131, uygun \u00e7\u00f6z\u00fcmleri tan\u0131mlayarak donan\u0131m ve&hellip;<\/p>\n","protected":false},"author":1,"featured_media":0,"parent":0,"menu_order":0,"comment_status":"closed","ping_status":"closed","template":"","meta":{"footnotes":""},"class_list":["post-1681","page","type-page","status-publish","hentry"],"_links":{"self":[{"href":"https:\/\/dualege.com.tr\/index.php\/wp-json\/wp\/v2\/pages\/1681","targetHints":{"allow":["GET"]}}],"collection":[{"href":"https:\/\/dualege.com.tr\/index.php\/wp-json\/wp\/v2\/pages"}],"about":[{"href":"https:\/\/dualege.com.tr\/index.php\/wp-json\/wp\/v2\/types\/page"}],"author":[{"embeddable":true,"href":"https:\/\/dualege.com.tr\/index.php\/wp-json\/wp\/v2\/users\/1"}],"replies":[{"embeddable":true,"href":"https:\/\/dualege.com.tr\/index.php\/wp-json\/wp\/v2\/comments?post=1681"}],"version-history":[{"count":7,"href":"https:\/\/dualege.com.tr\/index.php\/wp-json\/wp\/v2\/pages\/1681\/revisions"}],"predecessor-version":[{"id":1757,"href":"https:\/\/dualege.com.tr\/index.php\/wp-json\/wp\/v2\/pages\/1681\/revisions\/1757"}],"wp:attachment":[{"href":"https:\/\/dualege.com.tr\/index.php\/wp-json\/wp\/v2\/media?parent=1681"}],"curies":[{"name":"wp","href":"https:\/\/api.w.org\/{rel}","templated":true}]}}