{"id":1683,"date":"2022-11-07T11:28:53","date_gmt":"2022-11-07T08:28:53","guid":{"rendered":"https:\/\/dualege.com.tr\/?page_id=1683"},"modified":"2022-11-07T14:36:53","modified_gmt":"2022-11-07T11:36:53","slug":"stratejik-pazarlama-danismanligi","status":"publish","type":"page","link":"https:\/\/dualege.com.tr\/index.php\/stratejik-pazarlama-danismanligi\/","title":{"rendered":"Stratejik Pazarlama Dan\u0131\u015fmanl\u0131\u011f\u0131"},"content":{"rendered":"<p>[vc_row][vc_column icons_position=&#8221;left&#8221;]<div id=\"sc_title_1149508505\"\n\t\tclass=\"sc_title color_style_default sc_title_default\"><h3 class=\"sc_item_title sc_title_title sc_align_center sc_item_title_style_default\">Stratejik Pazarlama Dan\u0131\u015fmanl\u0131\u011f\u0131<\/h3><\/div><!-- \/.sc_title -->[\/vc_column][\/vc_row][vc_row][vc_column icons_position=&#8221;left&#8221;][vc_empty_space alter_height=&#8221;medium&#8221; hide_on_desktop=&#8221;&#8221; hide_on_notebook=&#8221;&#8221; hide_on_tablet=&#8221;&#8221; hide_on_mobile=&#8221;&#8221;][\/vc_column][\/vc_row][vc_row][vc_column width=&#8221;2\/3&#8243; icons_position=&#8221;left&#8221;][vc_single_image image=&#8221;1741&#8243; img_size=&#8221;600*350&#8243; alignment=&#8221;center&#8221;][\/vc_column][vc_column width=&#8221;1\/3&#8243; icons_position=&#8221;left&#8221;][vc_column_text css=&#8221;.vc_custom_1667819511234{padding-top: 30px !important;padding-right: 30px !important;padding-bottom: 30px !important;padding-left: 30px !important;background-color: #c4c4b4 !important;border-radius: 15px !important;}&#8221;]Pazarlama, y\u0131k\u0131c\u0131 rekabetin artt\u0131\u011f\u0131 ve bilginin herkes\u00e7e kolayca ula\u015f\u0131labilir oldu\u011fu g\u00fcn\u00fcm\u00fczde \u015firketlerin en \u00e7ok ihtiya\u00e7 duydu\u011fu kavram haline gelmi\u015ftir.\u00a0<strong>Pazarlama Dan\u0131\u015fmanl\u0131\u011f\u0131<\/strong>\u00a0da en \u00e7ok ihtiya\u00e7 duyulan dan\u0131\u015fmanl\u0131klardan biri haline gelmi\u015ftir. G\u00fcn\u00fcm\u00fcze kadar gelen s\u00fcre\u00e7te, \u015firketlerin \u00f6nemli bir k\u0131sm\u0131n\u0131n ismen sahip oldu\u011fu &#8221; Sat\u0131\u015f Pazarlama Departman\u0131&#8221; n\u0131n; asli g\u00f6revinin sadece sat\u0131\u015f oldu\u011fu; pazarlama ile uzaktan yak\u0131ndan ilgisi olmad\u0131\u011f\u0131 yayg\u0131n kar\u015f\u0131la\u015f\u0131lan bir olgudur.[\/vc_column_text][\/vc_column][\/vc_row][vc_row][vc_column icons_position=&#8221;left&#8221;][vc_empty_space alter_height=&#8221;medium&#8221; hide_on_desktop=&#8221;&#8221; hide_on_notebook=&#8221;&#8221; hide_on_tablet=&#8221;&#8221; hide_on_mobile=&#8221;&#8221;][\/vc_column][\/vc_row][vc_row][vc_column icons_position=&#8221;left&#8221;][vc_column_text]<b>Bu hizmet sayesinde;<\/b><\/p>\n<ul>\n<li>Geli\u015ftirilecek \u00fcr\u00fcn\u00fcn nokta at\u0131\u015f\u0131 \u015fekilde direkt m\u00fc\u015fteri ihtiyac\u0131n\u0131 kar\u015f\u0131layacak \u015fekilde dizayn edilmesi,<\/li>\n<li>Rakip \u00fcr\u00fcnlerin g\u00fc\u00e7l\u00fc ve zay\u0131f y\u00f6nlerinin saptanarak etkin bir \u00fcr\u00fcn farkl\u0131la\u015ft\u0131rmas\u0131 ve konumland\u0131r\u0131lmas\u0131 yap\u0131lmas\u0131,<\/li>\n<li>Bu sayede pazarlama s\u00fcrecinin daha \u00fcr\u00fcn geli\u015ftirme s\u00fcrecinin \u00f6ncesinde ba\u015flat\u0131larak sat\u0131\u015f\u0131n kolayla\u015ft\u0131r\u0131lmas\u0131,<\/li>\n<li>Fiyatland\u0131rma ve Tutundurma Stratejilerinin net bir bi\u00e7imde belirlenmesi,<\/li>\n<li>Harcanacak ciddi eforun ger\u00e7ekten geri d\u00f6n\u00fc\u015f\u00fc h\u0131zl\u0131 olacak bir noktaya yo\u011funla\u015ft\u0131r\u0131lmas\u0131 sa\u011flanarak hedef odakl\u0131 ve somut katma de\u011fer art\u0131\u015f\u0131, sa\u011flayacak \u015fekilde \u00fcr\u00fcn ve pazarlama stratejisinin belirlemesine katk\u0131 yapmaktay\u0131z.<\/li>\n<\/ul>\n<p>[\/vc_column_text][\/vc_column][\/vc_row][vc_row][vc_column icons_position=&#8221;left&#8221;][vc_empty_space alter_height=&#8221;medium&#8221; hide_on_desktop=&#8221;&#8221; hide_on_notebook=&#8221;&#8221; hide_on_tablet=&#8221;&#8221; hide_on_mobile=&#8221;&#8221;][\/vc_column][\/vc_row][vc_row][vc_column width=&#8221;1\/2&#8243; icons_position=&#8221;left&#8221;][vc_single_image image=&#8221;1743&#8243; img_size=&#8221;large&#8221; alignment=&#8221;center&#8221; css_animation=&#8221;fadeInLeft&#8221;][\/vc_column][vc_column width=&#8221;1\/2&#8243; icons_position=&#8221;left&#8221;][vc_single_image image=&#8221;1744&#8243; img_size=&#8221;large&#8221; alignment=&#8221;center&#8221; css_animation=&#8221;fadeInRight&#8221;][\/vc_column][\/vc_row][vc_row][vc_column icons_position=&#8221;left&#8221;][vc_empty_space alter_height=&#8221;medium&#8221; hide_on_desktop=&#8221;&#8221; hide_on_notebook=&#8221;&#8221; hide_on_tablet=&#8221;&#8221; hide_on_mobile=&#8221;&#8221;][\/vc_column][\/vc_row][vc_row][vc_column icons_position=&#8221;left&#8221;]<div id=\"sc_title_684383405\"\n\t\tclass=\"sc_title color_style_default sc_title_default\"><h6 class=\"sc_item_subtitle sc_title_subtitle sc_align_center sc_item_title_style_default\"><span class=\"in\">Strateji Dan\u0131\u015fman\u0131 Ne \u0130\u015f Yapar?<\/span><\/h6><\/div><!-- \/.sc_title -->[\/vc_column][\/vc_row][vc_row][vc_column icons_position=&#8221;left&#8221;][vc_empty_space hide_on_desktop=&#8221;&#8221; hide_on_notebook=&#8221;&#8221; hide_on_tablet=&#8221;&#8221; hide_on_mobile=&#8221;&#8221;][\/vc_column][\/vc_row][vc_row][vc_column icons_position=&#8221;left&#8221;][vc_column_text]<\/p>\n<p style=\"text-align: center;\">Pazarlama alan\u0131nda uzun vadede kalk\u0131nma planlar\u0131 yapan firmalar\u0131n tercih etti\u011fi dan\u0131\u015fmanlard\u0131r. Bilgi birikimleri ve tecr\u00fcbeleri ile strateji dan\u0131\u015fman\u0131, haz\u0131rlam\u0131\u015f oldu\u011fu pazarlama stratejisi olu\u015fturarak firman\u0131n gelir d\u00fczeyini artt\u0131rmaktad\u0131r.<\/p>\n<p>[\/vc_column_text][\/vc_column][\/vc_row][vc_row][vc_column icons_position=&#8221;left&#8221;][vc_empty_space alter_height=&#8221;medium&#8221; hide_on_desktop=&#8221;&#8221; hide_on_notebook=&#8221;&#8221; hide_on_tablet=&#8221;&#8221; hide_on_mobile=&#8221;&#8221;][\/vc_column][\/vc_row][vc_row][vc_column icons_position=&#8221;left&#8221;]<div id=\"sc_title_2136231121\"\n\t\tclass=\"sc_title color_style_default sc_title_default\"><h6 class=\"sc_item_subtitle sc_title_subtitle sc_align_center sc_item_title_style_default\"><span class=\"in\">Sat\u0131\u015f Pazarlama Dan\u0131\u015fman\u0131 Kimdir?<\/span><\/h6><\/div><!-- \/.sc_title -->[\/vc_column][\/vc_row][vc_row][vc_column icons_position=&#8221;left&#8221;][vc_empty_space hide_on_desktop=&#8221;&#8221; hide_on_notebook=&#8221;&#8221; hide_on_tablet=&#8221;&#8221; hide_on_mobile=&#8221;&#8221;][\/vc_column][\/vc_row][vc_row][vc_column icons_position=&#8221;left&#8221;][vc_column_text]<\/p>\n<p style=\"text-align: center;\">Daha \u00e7ok sat\u0131\u015f ve pazarlamaya odakl\u0131 \u00e7al\u0131\u015fan firmalar\u0131n gelirlerini, kazan\u00e7lar\u0131n\u0131 artt\u0131rmak ve b\u00fcy\u00fcmelerini sa\u011flayan meslek koludur.<\/p>\n<p>[\/vc_column_text][\/vc_column][\/vc_row]<\/p>\n","protected":false},"excerpt":{"rendered":"<p>[vc_row][vc_column icons_position=&#8221;left&#8221;][\/vc_column][\/vc_row][vc_row][vc_column icons_position=&#8221;left&#8221;][vc_empty_space alter_height=&#8221;medium&#8221; hide_on_desktop=&#8221;&#8221; hide_on_notebook=&#8221;&#8221; hide_on_tablet=&#8221;&#8221; hide_on_mobile=&#8221;&#8221;][\/vc_column][\/vc_row][vc_row][vc_column width=&#8221;2\/3&#8243; icons_position=&#8221;left&#8221;][vc_single_image image=&#8221;1741&#8243; img_size=&#8221;600*350&#8243; alignment=&#8221;center&#8221;][\/vc_column][vc_column width=&#8221;1\/3&#8243; icons_position=&#8221;left&#8221;][vc_column_text css=&#8221;.vc_custom_1667819511234{padding-top: 30px !important;padding-right: 30px !important;padding-bottom: 30px !important;padding-left: 30px !important;background-color: #c4c4b4 !important;border-radius: 15px !important;}&#8221;]Pazarlama, y\u0131k\u0131c\u0131 rekabetin artt\u0131\u011f\u0131 ve bilginin herkes\u00e7e kolayca ula\u015f\u0131labilir oldu\u011fu g\u00fcn\u00fcm\u00fczde&hellip;<\/p>\n","protected":false},"author":1,"featured_media":0,"parent":0,"menu_order":0,"comment_status":"closed","ping_status":"closed","template":"","meta":{"footnotes":""},"class_list":["post-1683","page","type-page","status-publish","hentry"],"_links":{"self":[{"href":"https:\/\/dualege.com.tr\/index.php\/wp-json\/wp\/v2\/pages\/1683","targetHints":{"allow":["GET"]}}],"collection":[{"href":"https:\/\/dualege.com.tr\/index.php\/wp-json\/wp\/v2\/pages"}],"about":[{"href":"https:\/\/dualege.com.tr\/index.php\/wp-json\/wp\/v2\/types\/page"}],"author":[{"embeddable":true,"href":"https:\/\/dualege.com.tr\/index.php\/wp-json\/wp\/v2\/users\/1"}],"replies":[{"embeddable":true,"href":"https:\/\/dualege.com.tr\/index.php\/wp-json\/wp\/v2\/comments?post=1683"}],"version-history":[{"count":5,"href":"https:\/\/dualege.com.tr\/index.php\/wp-json\/wp\/v2\/pages\/1683\/revisions"}],"predecessor-version":[{"id":1747,"href":"https:\/\/dualege.com.tr\/index.php\/wp-json\/wp\/v2\/pages\/1683\/revisions\/1747"}],"wp:attachment":[{"href":"https:\/\/dualege.com.tr\/index.php\/wp-json\/wp\/v2\/media?parent=1683"}],"curies":[{"name":"wp","href":"https:\/\/api.w.org\/{rel}","templated":true}]}}