{"id":1685,"date":"2022-11-07T11:30:10","date_gmt":"2022-11-07T08:30:10","guid":{"rendered":"https:\/\/dualege.com.tr\/?page_id=1685"},"modified":"2022-11-07T13:37:14","modified_gmt":"2022-11-07T10:37:14","slug":"startup-danismanligi","status":"publish","type":"page","link":"https:\/\/dualege.com.tr\/index.php\/startup-danismanligi\/","title":{"rendered":"Startup Dan\u0131\u015fmanl\u0131\u011f\u0131"},"content":{"rendered":"<p>[vc_row][vc_column icons_position=&#8221;left&#8221;]<div id=\"sc_title_1360140083\"\n\t\tclass=\"sc_title color_style_default sc_title_default\"><h3 class=\"sc_item_title sc_title_title sc_align_center sc_item_title_style_default\">Startup Dan\u0131\u015fmanl\u0131\u011f\u0131<\/h3><\/div><!-- \/.sc_title -->[\/vc_column][\/vc_row][vc_row][vc_column icons_position=&#8221;left&#8221;][\/vc_column][\/vc_row][vc_row][vc_column icons_position=&#8221;left&#8221;][vc_empty_space alter_height=&#8221;medium&#8221; hide_on_desktop=&#8221;&#8221; hide_on_notebook=&#8221;&#8221; hide_on_tablet=&#8221;&#8221; hide_on_mobile=&#8221;&#8221;][\/vc_column][\/vc_row][vc_row][vc_column icons_position=&#8221;left&#8221;][vc_single_image image=&#8221;1727&#8243; img_size=&#8221;full&#8221;][\/vc_column][\/vc_row][vc_row][vc_column icons_position=&#8221;left&#8221;][vc_empty_space alter_height=&#8221;medium&#8221; hide_on_desktop=&#8221;&#8221; hide_on_notebook=&#8221;&#8221; hide_on_tablet=&#8221;&#8221; hide_on_mobile=&#8221;&#8221;][\/vc_column][\/vc_row][vc_row][vc_column icons_position=&#8221;left&#8221;][vc_column_text]Startup, ABD\u2019de Silikon Vadisi\u2019nde ba\u015flam\u0131\u015f ve sonras\u0131nda t\u00fcm d\u00fcnyaya yay\u0131lm\u0131\u015f olan bir i\u015f modeli ak\u0131m\u0131d\u0131r. Belirledi\u011fi probleme y\u00f6nelik inovatif \u00e7\u00f6z\u00fcmler \u00fcreten, ticarile\u015fme hedefi olan ve \u00fcretti\u011fi \u00e7\u00f6z\u00fcmleri uygulayarak ticarile\u015fme hedefini h\u0131zl\u0131 bir \u015fekilde geli\u015ftiren \u015firket yap\u0131lanmalar\u0131d\u0131r.<\/p>\n<p>K\u00fc\u00e7\u00fck ekiplerle ve d\u00fc\u015f\u00fck b\u00fct\u00e7elerle i\u015fe koyulan startup\u2019lar, teknoloji, dijital medya, mobil oyun, blokzincir, finans, ileti\u015fim, perakende gibi alanlarda \u00fcrettikleri y\u00fcksek katma de\u011ferli \u00e7\u00f6z\u00fcmlerle \u00e7ok h\u0131zl\u0131 b\u00fcy\u00fcme potansiyeline sahiptir. Startup\u2019lar\u0131n h\u0131zl\u0131 b\u00fcy\u00fcme ve yat\u0131r\u0131m s\u00fcre\u00e7lerine haz\u0131rl\u0131k evresi; dinamik karar alma ve uygulama yap\u0131lar\u0131n\u0131 bozmayacak \u015fekilde kurumsal takibe y\u00f6nlendirmektedir.<\/p>\n<p>\u00dcr\u00fcn\u00fcn veya projenin geli\u015ftirilmesini ba\u015far\u0131yla tamamlayan start-up kurucular\u0131 aras\u0131nda finans k\u00f6kenli, start-up ekosisteminin dinamiklerine hakim, tecr\u00fcbeli ki\u015filer bulunmad\u0131\u011f\u0131 s\u00fcrece mentorlerden destek al\u0131nmas\u0131 \u015firket i\u00e7in hayati \u00f6nem ta\u015f\u0131maktad\u0131r.[\/vc_column_text][\/vc_column][\/vc_row][vc_row][vc_column icons_position=&#8221;left&#8221;][vc_empty_space alter_height=&#8221;medium&#8221; hide_on_desktop=&#8221;&#8221; hide_on_notebook=&#8221;&#8221; hide_on_tablet=&#8221;&#8221; hide_on_mobile=&#8221;&#8221;][\/vc_column][\/vc_row][vc_row][vc_column icons_position=&#8221;left&#8221;]<div id=\"sc_title_1266765149\"\n\t\tclass=\"sc_title color_style_default sc_title_default\"><h6 class=\"sc_item_subtitle sc_title_subtitle sc_align_center sc_item_title_style_default\"><span class=\"in\">Startup Dan\u0131\u015fmanl\u0131\u011f\u0131 Nedir?<\/span><\/h6><\/div><!-- \/.sc_title -->[vc_empty_space hide_on_desktop=&#8221;&#8221; hide_on_notebook=&#8221;&#8221; hide_on_tablet=&#8221;&#8221; hide_on_mobile=&#8221;&#8221;][vc_column_text]<\/p>\n<p style=\"text-align: center;\">Teknoloji alan\u0131nda giri\u015fimcilik fikirleri olan ki\u015fi veya gruplara yap\u0131lan dan\u0131\u015fmanl\u0131klara startup dan\u0131\u015fmanl\u0131\u011f\u0131 denilmektedir.<\/p>\n<p>[\/vc_column_text][\/vc_column][\/vc_row][vc_row][vc_column icons_position=&#8221;left&#8221;][vc_empty_space alter_height=&#8221;medium&#8221; hide_on_desktop=&#8221;&#8221; hide_on_notebook=&#8221;&#8221; hide_on_tablet=&#8221;&#8221; hide_on_mobile=&#8221;&#8221;]<div id=\"sc_title_937972541\"\n\t\tclass=\"sc_title color_style_default sc_title_default\"><h6 class=\"sc_item_subtitle sc_title_subtitle sc_align_center sc_item_title_style_default\"><span class=\"in\">Start-up Dan\u0131\u015fman\u0131n\u0131n Sahip Olmas\u0131 Gereken Nitelikler<\/span><\/h6><\/div><!-- \/.sc_title -->[vc_empty_space alter_height=&#8221;medium&#8221; hide_on_desktop=&#8221;&#8221; hide_on_notebook=&#8221;&#8221; hide_on_tablet=&#8221;&#8221; hide_on_mobile=&#8221;&#8221;][\/vc_column][\/vc_row][vc_row][vc_column width=&#8221;1\/6&#8243; icons_position=&#8221;left&#8221;][vc_icon icon_fontawesome=&#8221;fas fa-globe&#8221; color=&#8221;black&#8221; align=&#8221;center&#8221; css_animation=&#8221;flipInX&#8221;][vc_column_text]<\/p>\n<p style=\"text-align: center;\"><strong>Deneyim<\/strong><\/p>\n<p>[\/vc_column_text][\/vc_column][vc_column width=&#8221;1\/6&#8243; icons_position=&#8221;left&#8221;][vc_icon icon_fontawesome=&#8221;fas fa-globe&#8221; color=&#8221;black&#8221; align=&#8221;center&#8221; css_animation=&#8221;flipInX&#8221;][vc_column_text]<\/p>\n<p style=\"text-align: center;\"><strong>Motivasyona Y\u00f6nelik Ba\u015far\u0131lar<\/strong><\/p>\n<p>[\/vc_column_text][\/vc_column][vc_column width=&#8221;1\/6&#8243; icons_position=&#8221;left&#8221;][vc_icon icon_fontawesome=&#8221;fas fa-globe&#8221; color=&#8221;black&#8221; align=&#8221;center&#8221; css_animation=&#8221;flipInX&#8221;][vc_column_text]<\/p>\n<p style=\"text-align: center;\"><strong>\u00d6zel Dan\u0131\u015fmanl\u0131k<\/strong><\/p>\n<p>[\/vc_column_text][\/vc_column][vc_column width=&#8221;1\/6&#8243; icons_position=&#8221;left&#8221;][vc_icon icon_fontawesome=&#8221;fas fa-globe&#8221; color=&#8221;black&#8221; align=&#8221;center&#8221; css_animation=&#8221;flipInX&#8221;][vc_column_text]<\/p>\n<p style=\"text-align: center;\"><strong>Kariyer<\/strong><\/p>\n<p>[\/vc_column_text][\/vc_column][vc_column width=&#8221;1\/6&#8243; icons_position=&#8221;left&#8221;][vc_icon icon_fontawesome=&#8221;fas fa-globe&#8221; color=&#8221;black&#8221; align=&#8221;center&#8221; css_animation=&#8221;flipInX&#8221;][vc_column_text]<\/p>\n<p style=\"text-align: center;\"><strong>Finanse Edilebilir Kaynaklara Yak\u0131nl\u0131k<\/strong><\/p>\n<p>[\/vc_column_text][\/vc_column][vc_column width=&#8221;1\/6&#8243; icons_position=&#8221;left&#8221;][vc_icon icon_fontawesome=&#8221;fas fa-globe&#8221; color=&#8221;black&#8221; align=&#8221;center&#8221; css_animation=&#8221;flipInX&#8221;][vc_column_text]<\/p>\n<p style=\"text-align: center;\"><strong>Bilgi Birikimi<\/strong><\/p>\n<p>[\/vc_column_text][\/vc_column][\/vc_row][vc_row][vc_column icons_position=&#8221;left&#8221;][\/vc_column][\/vc_row]<\/p>\n","protected":false},"excerpt":{"rendered":"<p>[vc_row][vc_column icons_position=&#8221;left&#8221;][\/vc_column][\/vc_row][vc_row][vc_column icons_position=&#8221;left&#8221;][\/vc_column][\/vc_row][vc_row][vc_column icons_position=&#8221;left&#8221;][vc_empty_space alter_height=&#8221;medium&#8221; hide_on_desktop=&#8221;&#8221; hide_on_notebook=&#8221;&#8221; hide_on_tablet=&#8221;&#8221; hide_on_mobile=&#8221;&#8221;][\/vc_column][\/vc_row][vc_row][vc_column icons_position=&#8221;left&#8221;][vc_single_image image=&#8221;1727&#8243; img_size=&#8221;full&#8221;][\/vc_column][\/vc_row][vc_row][vc_column icons_position=&#8221;left&#8221;][vc_empty_space alter_height=&#8221;medium&#8221; hide_on_desktop=&#8221;&#8221; hide_on_notebook=&#8221;&#8221; hide_on_tablet=&#8221;&#8221; hide_on_mobile=&#8221;&#8221;][\/vc_column][\/vc_row][vc_row][vc_column icons_position=&#8221;left&#8221;][vc_column_text]Startup, ABD\u2019de Silikon Vadisi\u2019nde ba\u015flam\u0131\u015f ve sonras\u0131nda t\u00fcm d\u00fcnyaya yay\u0131lm\u0131\u015f olan bir i\u015f modeli ak\u0131m\u0131d\u0131r. Belirledi\u011fi probleme y\u00f6nelik inovatif \u00e7\u00f6z\u00fcmler&hellip;<\/p>\n","protected":false},"author":1,"featured_media":0,"parent":0,"menu_order":0,"comment_status":"closed","ping_status":"closed","template":"","meta":{"footnotes":""},"class_list":["post-1685","page","type-page","status-publish","hentry"],"_links":{"self":[{"href":"https:\/\/dualege.com.tr\/index.php\/wp-json\/wp\/v2\/pages\/1685","targetHints":{"allow":["GET"]}}],"collection":[{"href":"https:\/\/dualege.com.tr\/index.php\/wp-json\/wp\/v2\/pages"}],"about":[{"href":"https:\/\/dualege.com.tr\/index.php\/wp-json\/wp\/v2\/types\/page"}],"author":[{"embeddable":true,"href":"https:\/\/dualege.com.tr\/index.php\/wp-json\/wp\/v2\/users\/1"}],"replies":[{"embeddable":true,"href":"https:\/\/dualege.com.tr\/index.php\/wp-json\/wp\/v2\/comments?post=1685"}],"version-history":[{"count":9,"href":"https:\/\/dualege.com.tr\/index.php\/wp-json\/wp\/v2\/pages\/1685\/revisions"}],"predecessor-version":[{"id":1735,"href":"https:\/\/dualege.com.tr\/index.php\/wp-json\/wp\/v2\/pages\/1685\/revisions\/1735"}],"wp:attachment":[{"href":"https:\/\/dualege.com.tr\/index.php\/wp-json\/wp\/v2\/media?parent=1685"}],"curies":[{"name":"wp","href":"https:\/\/api.w.org\/{rel}","templated":true}]}}