{"id":1687,"date":"2022-11-07T11:31:05","date_gmt":"2022-11-07T08:31:05","guid":{"rendered":"https:\/\/dualege.com.tr\/?page_id=1687"},"modified":"2022-11-07T18:24:44","modified_gmt":"2022-11-07T15:24:44","slug":"siyasal-danismanlik","status":"publish","type":"page","link":"https:\/\/dualege.com.tr\/index.php\/siyasal-danismanlik\/","title":{"rendered":"Siyasal Dan\u0131\u015fmanl\u0131k"},"content":{"rendered":"<p>[vc_row][vc_column icons_position=&#8221;left&#8221;]<div id=\"sc_title_1763238718\"\n\t\tclass=\"sc_title color_style_default sc_title_default\"><h3 class=\"sc_item_title sc_title_title sc_align_center sc_item_title_style_default\">Siyasal Dan\u0131\u015fmanl\u0131k<\/h3><\/div><!-- \/.sc_title -->[\/vc_column][\/vc_row][vc_row][vc_column icons_position=&#8221;left&#8221;][vc_empty_space alter_height=&#8221;medium&#8221; hide_on_desktop=&#8221;&#8221; hide_on_notebook=&#8221;&#8221; hide_on_tablet=&#8221;&#8221; hide_on_mobile=&#8221;&#8221;][\/vc_column][\/vc_row][vc_row][vc_column width=&#8221;1\/2&#8243; icons_position=&#8221;left&#8221;][vc_column_text css=&#8221;.vc_custom_1667834679698{padding-top: 70px !important;}&#8221;]Siyasi dan\u0131\u015fmanl\u0131k, siyasete at\u0131lmak isteyen ve\/veya hali haz\u0131rda siyaset ile ilgilenen ki\u015filer i\u00e7in haz\u0131rlanm\u0131\u015f bir programd\u0131r. Program\u0131n i\u00e7eri\u011finde; diksiyon, hitabet, bas\u0131n ile ili\u015fkilerin yan\u0131 s\u0131ra \u00f6fke kontrol\u00fc, alg\u0131 y\u00f6netimi, etkili ileti\u015fim gibi konular bulunmaktad\u0131r. Bu program ile siyasi se\u00e7im d\u00f6neminin daha az stresli ge\u00e7irilmesinin yan\u0131 s\u0131ra, dan\u0131\u015fmanl\u0131k alan ki\u015filerin ya\u015fam kalitesinde de art\u0131\u015f sa\u011flanmaktad\u0131r.[\/vc_column_text][\/vc_column][vc_column width=&#8221;1\/2&#8243; icons_position=&#8221;left&#8221;][vc_single_image image=&#8221;1779&#8243; img_size=&#8221;large&#8221; alignment=&#8221;center&#8221; style=&#8221;vc_box_shadow_3d&#8221;][\/vc_column][\/vc_row][vc_row][vc_column icons_position=&#8221;left&#8221;][vc_empty_space alter_height=&#8221;medium&#8221; hide_on_desktop=&#8221;&#8221; hide_on_notebook=&#8221;&#8221; hide_on_tablet=&#8221;&#8221; hide_on_mobile=&#8221;&#8221;][\/vc_column][\/vc_row][vc_row][vc_column icons_position=&#8221;left&#8221;][vc_column_text]Siyasi dan\u0131\u015fmanl\u0131k (dan\u0131\u015fmanl\u0131k) insanlar\u0131n belirli bir kesiminde iktidar ihtiyac\u0131n\u0131n her zaman oldu\u011fu, olaca\u011f\u0131 ve olaca\u011f\u0131 i\u00e7in, etkinlik t\u00fcr\u00fc olduk\u00e7a talep g\u00f6r\u00fcyor. Ancak siyasi dan\u0131\u015fmanl\u0131k sadece dan\u0131\u015fmanl\u0131k yapmakla kalm\u0131yor, ayn\u0131 zamanda eylemlerin, se\u00e7ilimlerin ve di\u011fer kampanyalar\u0131n ba\u015far\u0131l\u0131 bir \u015fekilde y\u00fcr\u00fct\u00fclmesini sa\u011flayan baz\u0131 teknolojilerin uygulanmas\u0131n\u0131 da sa\u011fl\u0131yor. Baz\u0131 siyasi analistler, siyasi dan\u0131\u015fmanlar\u0131n \u00e7al\u0131\u015fmalar\u0131n\u0131 PR eylemlerinin organizat\u00f6rleriyle, di\u011ferleri ise &#8211; se\u00e7im \u00f6ncesi teknolojilerle ili\u015fkili profesyonellerin faaliyetleri, \u00fc\u00e7\u00fcnc\u00fc s\u0131rada &#8211; iktidardaki siyaset\u00e7ilerin yard\u0131mlar\u0131yla ba\u011flant\u0131land\u0131r\u0131yor.[\/vc_column_text][\/vc_column][\/vc_row][vc_row][vc_column icons_position=&#8221;left&#8221;][vc_empty_space alter_height=&#8221;medium&#8221; hide_on_desktop=&#8221;&#8221; hide_on_notebook=&#8221;&#8221; hide_on_tablet=&#8221;&#8221; hide_on_mobile=&#8221;&#8221;][\/vc_column][\/vc_row][vc_row][vc_column width=&#8221;1\/3&#8243; icons_position=&#8221;left&#8221;][vc_single_image image=&#8221;1781&#8243; img_size=&#8221;450*350&#8243; alignment=&#8221;center&#8221;][\/vc_column][vc_column width=&#8221;1\/3&#8243; icons_position=&#8221;left&#8221;][vc_column_text css=&#8221;.vc_custom_1667829059126{padding-top: 50px !important;}&#8221;]<\/p>\n<p style=\"text-align: center;\">Modern siyasetin her y\u0131l yapt\u0131\u011f\u0131 faaliyetler giderek daha karma\u015f\u0131k. Bu, b\u00fcy\u00fck hoparl\u00f6rler vb, olumlu bir imaja sahip siyasi, idari, ekonomik yap\u0131lar\u0131n\u0131, y\u00fcksek d\u00fczeyde sosyal etkinlikleri y\u00fcr\u00fctmek \u00fczere, rakiplerin eylemleri analiz etmek kamuoyu ile etkin ileti\u015fim, kamuoyu kontrol edebilecek bir usta diplomat olmak karizma var ve iyi bir analizci olmal\u0131. Do\u011fal olarak, biri bunu yapamaz; Biz ba\u011fl\u0131 bir ekip ve siyasi dan\u0131\u015fmanl\u0131k gerekir.<\/p>\n<p>[\/vc_column_text][\/vc_column][vc_column width=&#8221;1\/3&#8243; icons_position=&#8221;left&#8221;][vc_single_image image=&#8221;1782&#8243; img_size=&#8221;450*350&#8243; alignment=&#8221;center&#8221;][\/vc_column][\/vc_row]<\/p>\n","protected":false},"excerpt":{"rendered":"<p>[vc_row][vc_column icons_position=&#8221;left&#8221;][\/vc_column][\/vc_row][vc_row][vc_column icons_position=&#8221;left&#8221;][vc_empty_space alter_height=&#8221;medium&#8221; hide_on_desktop=&#8221;&#8221; hide_on_notebook=&#8221;&#8221; hide_on_tablet=&#8221;&#8221; hide_on_mobile=&#8221;&#8221;][\/vc_column][\/vc_row][vc_row][vc_column width=&#8221;1\/2&#8243; icons_position=&#8221;left&#8221;][vc_column_text css=&#8221;.vc_custom_1667834679698{padding-top: 70px !important;}&#8221;]Siyasi dan\u0131\u015fmanl\u0131k, siyasete at\u0131lmak isteyen ve\/veya hali haz\u0131rda siyaset ile ilgilenen ki\u015filer i\u00e7in haz\u0131rlanm\u0131\u015f bir programd\u0131r. Program\u0131n i\u00e7eri\u011finde; diksiyon, hitabet, bas\u0131n ile ili\u015fkilerin yan\u0131 s\u0131ra \u00f6fke&hellip;<\/p>\n","protected":false},"author":1,"featured_media":0,"parent":0,"menu_order":0,"comment_status":"closed","ping_status":"closed","template":"","meta":{"footnotes":""},"class_list":["post-1687","page","type-page","status-publish","hentry"],"_links":{"self":[{"href":"https:\/\/dualege.com.tr\/index.php\/wp-json\/wp\/v2\/pages\/1687","targetHints":{"allow":["GET"]}}],"collection":[{"href":"https:\/\/dualege.com.tr\/index.php\/wp-json\/wp\/v2\/pages"}],"about":[{"href":"https:\/\/dualege.com.tr\/index.php\/wp-json\/wp\/v2\/types\/page"}],"author":[{"embeddable":true,"href":"https:\/\/dualege.com.tr\/index.php\/wp-json\/wp\/v2\/users\/1"}],"replies":[{"embeddable":true,"href":"https:\/\/dualege.com.tr\/index.php\/wp-json\/wp\/v2\/comments?post=1687"}],"version-history":[{"count":7,"href":"https:\/\/dualege.com.tr\/index.php\/wp-json\/wp\/v2\/pages\/1687\/revisions"}],"predecessor-version":[{"id":1820,"href":"https:\/\/dualege.com.tr\/index.php\/wp-json\/wp\/v2\/pages\/1687\/revisions\/1820"}],"wp:attachment":[{"href":"https:\/\/dualege.com.tr\/index.php\/wp-json\/wp\/v2\/media?parent=1687"}],"curies":[{"name":"wp","href":"https:\/\/api.w.org\/{rel}","templated":true}]}}