{"id":1829,"date":"2022-11-29T12:54:44","date_gmt":"2022-11-29T09:54:44","guid":{"rendered":"https:\/\/dualege.com.tr\/?page_id=1829"},"modified":"2022-11-29T13:24:21","modified_gmt":"2022-11-29T10:24:21","slug":"organizasyon-nedir","status":"publish","type":"page","link":"https:\/\/dualege.com.tr\/index.php\/organizasyon-nedir\/","title":{"rendered":"Organizasyon Nedir?"},"content":{"rendered":"<p>[vc_row][vc_column icons_position=&#8221;left&#8221;]<div id=\"sc_title_867928009\"\n\t\tclass=\"sc_title color_style_default sc_title_default\"><h3 class=\"sc_item_title sc_title_title sc_align_center sc_item_title_style_default\">Organizasyon Nedir?<\/h3><\/div><!-- \/.sc_title -->[\/vc_column][\/vc_row][vc_row][vc_column icons_position=&#8221;left&#8221;][vc_empty_space alter_height=&#8221;medium&#8221; hide_on_desktop=&#8221;&#8221; hide_on_notebook=&#8221;&#8221; hide_on_tablet=&#8221;&#8221; hide_on_mobile=&#8221;&#8221;][\/vc_column][\/vc_row][vc_row][vc_column icons_position=&#8221;left&#8221;][vc_column_text]\u00d6zel olarak d\u00fczenleyece\u011finiz organizasyonlar sayesinde marka isminizi k\u0131sa s\u00fcre i\u00e7erisinde fazla say\u0131da kitleye duyurabilirsiniz. Markan\u0131za de\u011fer katacak haz\u0131rl\u0131klar\u0131m\u0131z sayesinde daha fazla m\u00fc\u015fteriye hitap edebilirsiniz.<\/p>\n<p>Her organizasyon, etkinlik alan\u0131n\u0131n \u00f6zellikleri, zaman\u0131, istenen nitelikler ve firman\u0131n hizmet verdi\u011fi sekt\u00f6re g\u00f6re farkl\u0131 unsurlar\u0131n kullan\u0131ld\u0131\u011f\u0131 d\u00fczenlemelerle yap\u0131lmaktad\u0131r. Profesyonel ekibimizle ses getirecek, ak\u0131llarda kalacak etkinlikler organize ederek organizasyonunuzu ger\u00e7ekle\u015ftiriyoruz.[\/vc_column_text][\/vc_column][\/vc_row]<\/p>\n","protected":false},"excerpt":{"rendered":"<p>[vc_row][vc_column icons_position=&#8221;left&#8221;][\/vc_column][\/vc_row][vc_row][vc_column icons_position=&#8221;left&#8221;][vc_empty_space alter_height=&#8221;medium&#8221; hide_on_desktop=&#8221;&#8221; hide_on_notebook=&#8221;&#8221; hide_on_tablet=&#8221;&#8221; hide_on_mobile=&#8221;&#8221;][\/vc_column][\/vc_row][vc_row][vc_column icons_position=&#8221;left&#8221;][vc_column_text]\u00d6zel olarak d\u00fczenleyece\u011finiz organizasyonlar sayesinde marka isminizi k\u0131sa s\u00fcre i\u00e7erisinde fazla say\u0131da kitleye duyurabilirsiniz. Markan\u0131za de\u011fer katacak haz\u0131rl\u0131klar\u0131m\u0131z sayesinde daha fazla m\u00fc\u015fteriye hitap edebilirsiniz. Her organizasyon, etkinlik alan\u0131n\u0131n \u00f6zellikleri, zaman\u0131,&hellip;<\/p>\n","protected":false},"author":1,"featured_media":0,"parent":0,"menu_order":0,"comment_status":"closed","ping_status":"closed","template":"","meta":{"footnotes":""},"class_list":["post-1829","page","type-page","status-publish","hentry"],"_links":{"self":[{"href":"https:\/\/dualege.com.tr\/index.php\/wp-json\/wp\/v2\/pages\/1829","targetHints":{"allow":["GET"]}}],"collection":[{"href":"https:\/\/dualege.com.tr\/index.php\/wp-json\/wp\/v2\/pages"}],"about":[{"href":"https:\/\/dualege.com.tr\/index.php\/wp-json\/wp\/v2\/types\/page"}],"author":[{"embeddable":true,"href":"https:\/\/dualege.com.tr\/index.php\/wp-json\/wp\/v2\/users\/1"}],"replies":[{"embeddable":true,"href":"https:\/\/dualege.com.tr\/index.php\/wp-json\/wp\/v2\/comments?post=1829"}],"version-history":[{"count":2,"href":"https:\/\/dualege.com.tr\/index.php\/wp-json\/wp\/v2\/pages\/1829\/revisions"}],"predecessor-version":[{"id":1838,"href":"https:\/\/dualege.com.tr\/index.php\/wp-json\/wp\/v2\/pages\/1829\/revisions\/1838"}],"wp:attachment":[{"href":"https:\/\/dualege.com.tr\/index.php\/wp-json\/wp\/v2\/media?parent=1829"}],"curies":[{"name":"wp","href":"https:\/\/api.w.org\/{rel}","templated":true}]}}