{"id":923,"date":"2022-09-27T17:10:43","date_gmt":"2022-09-27T14:10:43","guid":{"rendered":"https:\/\/dualege.com.tr\/?page_id=923"},"modified":"2022-10-14T12:07:24","modified_gmt":"2022-10-14T09:07:24","slug":"kongre-ve-seminer-organizasyonu","status":"publish","type":"page","link":"https:\/\/dualege.com.tr\/index.php\/kongre-ve-seminer-organizasyonu\/","title":{"rendered":"Kongre Ve Seminer Organizasyonu"},"content":{"rendered":"<p>[vc_row css_animation=&#8221;fadeInDown&#8221;][vc_column icons_position=&#8221;left&#8221;]<div id=\"sc_title_450833231\"\n\t\tclass=\"sc_title color_style_default sc_title_default\"><h3 class=\"sc_item_title sc_title_title sc_align_center sc_item_title_style_default\">Kongre Ve Seminer Organizasyonu<\/h3><\/div><!-- \/.sc_title -->[\/vc_column][\/vc_row][vc_row][vc_column icons_position=&#8221;left&#8221;][vc_empty_space height=&#8221;&#8221; alter_height=&#8221;medium&#8221; hide_on_desktop=&#8221;&#8221; hide_on_notebook=&#8221;&#8221; hide_on_tablet=&#8221;&#8221; hide_on_mobile=&#8221;&#8221;][\/vc_column][\/vc_row][vc_row][vc_column icons_position=&#8221;left&#8221;][vc_column_text]Kongre, farkl\u0131 \u00fclkelerden insanlar\u0131 belirli bir konu etraf\u0131nda bir araya getiren uluslararas\u0131 bir toplant\u0131d\u0131r. Seminer, bilgi al\u0131\u015fveri\u015finde bulunmak veya bir konuyu tart\u0131\u015fmak amac\u0131yla d\u00fczenlenen bir toplant\u0131d\u0131r. Bir seminer veya kongre d\u00fczenlemek istiyorsan\u0131z mutlaka organizasyon firmas\u0131 ile ileti\u015fime ge\u00e7melisiniz. Ayr\u0131ca kongre organizat\u00f6rleri, uzaklardan gelen misafirler olarak onlara kaliteli ve rahat bir ortam sunmal\u0131d\u0131r. Bu i\u015fi kendiniz yapmak m\u00fcmk\u00fcn de\u011fildir, bunun i\u00e7in organizasyon \u015firketi ile ileti\u015fime ge\u00e7meniz gerekir. Ayn\u0131 zamanda bir seminer d\u00fczenliyorsan\u0131z ve kaliteli bir seminer ortam\u0131 yaratmak istiyorsan\u0131z mutlaka d\u00fczenleyen firma ile \u00e7al\u0131\u015fma yapmak zorundas\u0131n\u0131z.<\/p>\n<p>D\u00fczenledi\u011finiz kongre veya seminerlerin organizasyonu size i\u015finiz i\u00e7in en \u00f6nemli ekipman\u0131 sa\u011flayacakt\u0131r. Kongre ve seminerlerin en \u00f6nemli ekipmanlar\u0131ndan biri olan sandalyeler, bir\u00e7ok e\u011flence organizasyonu t\u00fcr\u00fcnde yer almaktad\u0131r. Bir\u00e7ok sandalye \u00e7e\u015fidini sizlere sunan bir e\u011flence organizasyonu, arad\u0131\u011f\u0131n\u0131z en \u015f\u0131k ve kaliteli sandalyeyi kolayl\u0131kla aya\u011f\u0131n\u0131za getiriyor ve diledi\u011finiz say\u0131da sandalye kiralama hizmetini sizlere sunuyor. Ne kadar isterseniz isteyin E\u011flence Organizasyon size istedi\u011finiz kadar sandalye kiralama hizmeti sunuyor. Bu sayede koltuk ihtiya\u00e7lar\u0131n\u0131z\u0131 rahatl\u0131kla kar\u015f\u0131layabilirsiniz.[\/vc_column_text][vc_empty_space height=&#8221;&#8221; alter_height=&#8221;medium&#8221; hide_on_desktop=&#8221;&#8221; hide_on_notebook=&#8221;&#8221; hide_on_tablet=&#8221;&#8221; hide_on_mobile=&#8221;&#8221;][vc_row_inner][vc_column_inner width=&#8221;1\/4&#8243; icons_position=&#8221;left&#8221;][vc_single_image image=&#8221;1403&#8243; img_size=&#8221;400*550&#8243; alignment=&#8221;center&#8221; css_animation=&#8221;bounceInLeft&#8221;][\/vc_column_inner][vc_column_inner width=&#8221;3\/4&#8243; icons_position=&#8221;left&#8221;][vc_column_text]Koltuktan sonra, misafirlerinize \u015f\u0131k bir atmosfer yaratmak i\u00e7in kongre veya seminerin yap\u0131laca\u011f\u0131 yeri dekore etmek kal\u0131yor. E\u011flence organizasyonu da pek \u00e7ok dekorasyon \u00e7e\u015fidi ile kullanaca\u011f\u0131n\u0131z yeri g\u00fczel ve zarif bir \u015fekilde dekore eder. Balonlar genellikle dekorasyon olarak kullan\u0131l\u0131r. Kongre ve Seminerinizi \u015f\u0131k ve kaliteli balonlarla s\u00fcslemek isterseniz bize ula\u015fabilirsiniz. logolu bask\u0131l\u0131 balonlarla kongre veya seminerlerinize farkl\u0131 bir hava yaratabilirsiniz. Bunun yan\u0131 s\u0131ra E\u011flence Organizasyonu sizlere bir \u00e7ok organizasyon ekipman\u0131 sunmakta ve gerekli organizasyon ekipmanlar\u0131n\u0131 kiralaman\u0131za olanak sa\u011flamaktad\u0131r.<\/p>\n<p>Kongre organizasyonu yap\u0131yorsan\u0131z, seminer organizasyonu yap\u0131yorsan\u0131z, sadece kongre ve seminer de\u011fil, herhangi bir organizasyon d\u00fczenliyorsan\u0131z, organizasyon i\u015finde deneyimli ve kaliteli bir firma olan bir e\u011flence organizasyonuna dan\u0131\u015f\u0131n.[\/vc_column_text][\/vc_column_inner][\/vc_row_inner][\/vc_column][\/vc_row][vc_row][vc_column icons_position=&#8221;left&#8221;][vc_empty_space height=&#8221;&#8221; alter_height=&#8221;medium&#8221; hide_on_desktop=&#8221;&#8221; hide_on_notebook=&#8221;&#8221; hide_on_tablet=&#8221;&#8221; hide_on_mobile=&#8221;&#8221;][\/vc_column][\/vc_row][vc_row][vc_column hide_bg_image_on_tablet=&#8221;&#8221; hide_bg_image_on_mobile=&#8221;&#8221; icons_position=&#8221;left&#8221;]<div id=\"sc_title_1638811026\"\n\t\tclass=\"sc_title color_style_default sc_title_default\"><h3 class=\"sc_item_title sc_title_title sc_align_left sc_item_title_style_default sc_item_title_tag\">Kongre Ve Seminer<\/h3><\/div><!-- \/.sc_title -->[\/vc_column][\/vc_row][vc_row][vc_column icons_position=&#8221;left&#8221;][vc_column_text css=&#8221;.vc_custom_1665478094230{padding-top: 30px !important;}&#8221;]\u0130deal bir kongre organizasyonu i\u00e7in gerekli t\u00fcm planlama, lojistik ve end\u00fcstri ili\u015fkileri hizmetlerinde uzun y\u0131llara dayanan tecr\u00fcbemiz ve bilgi birikimimiz sayesinde sekt\u00f6rdeki rakiplerimizden daha fazlas\u0131n\u0131 ba\u015fard\u0131\u011f\u0131m\u0131za inan\u0131yoruz. M\u00fc\u015fterilerimize hizmet sunarken en b\u00fcy\u00fck \u00f6nceli\u011fimiz katma de\u011fer yaratmakt\u0131r.<\/p>\n<p>Her kongre benzersizdir ve her i\u015f farkl\u0131 d\u00fc\u015f\u00fcnce ve yakla\u015f\u0131mlar gerektirir. Bu a\u015famada ekibimiz i\u00e7in en b\u00fcy\u00fc\u011f\u00fcnden en k\u00fc\u00e7\u00fc\u011f\u00fcne kadar her organizasyon ayn\u0131 de\u011ferde ve benzersizdir.<\/p>\n<p>Kongre, seminer ve kongre d\u00fczenleme alan\u0131nda verdi\u011fimiz hizmetler a\u015fa\u011f\u0131daki gibidir:[\/vc_column_text][vc_empty_space alter_height=&#8221;small&#8221; hide_on_desktop=&#8221;&#8221; hide_on_notebook=&#8221;&#8221; hide_on_tablet=&#8221;&#8221; hide_on_mobile=&#8221;&#8221;][\/vc_column][\/vc_row][vc_row][vc_column width=&#8221;1\/3&#8243; icons_position=&#8221;left&#8221;][vc_column_text css_animation=&#8221;top-to-bottom&#8221;]<\/p>\n<ul>\n<li>Stratejik planlama ve b\u00fct\u00e7e<\/li>\n<li>D\u00fczenli raporlama<\/li>\n<li>Destinasyonlar\u0131n ve kongre merkezlerinin analizi<\/li>\n<li>Tedarik ve \u00f6n finansman<\/li>\n<li>Lojistik planlama<\/li>\n<li>Teknik hizmetler ve dekorasyon<\/li>\n<li>G\u00f6rsel tasar\u0131m ve bas\u0131l\u0131 materyaller<\/li>\n<li>End\u00fcstriyel ili\u015fkiler, sponsorluk g\u00f6r\u00fc\u015fmeleri<\/li>\n<li>Kay\u0131t ve yerle\u015ftirme prosed\u00fcrlerinin uygulanmas\u0131<\/li>\n<li>Yiyecek ve i\u00e7ecek koordinasyonu<\/li>\n<li>Sosyal aktivitelerin planlanmas\u0131<\/li>\n<li>Bilimsel program\u0131n y\u00f6netimi<\/li>\n<li>Kar\u015f\u0131lama hizmetleri<\/li>\n<li>Web ve BT hizmetleri<\/li>\n<\/ul>\n<p>[\/vc_column_text][\/vc_column][vc_column width=&#8221;2\/3&#8243; icons_position=&#8221;left&#8221;][vc_empty_space height=&#8221;&#8221; alter_height=&#8221;large&#8221; hide_on_desktop=&#8221;&#8221; hide_on_notebook=&#8221;&#8221; hide_on_tablet=&#8221;&#8221; hide_on_mobile=&#8221;&#8221;][vc_images_carousel images=&#8221;1412,1413,1350&#8243; img_size=&#8221;650&#215;450&#8243; onclick=&#8221;link_no&#8221; css_animation=&#8221;fadeInRight&#8221;][\/vc_column][\/vc_row][vc_row][vc_column icons_position=&#8221;left&#8221;][vc_empty_space height=&#8221;&#8221; alter_height=&#8221;medium&#8221; hide_on_desktop=&#8221;&#8221; hide_on_notebook=&#8221;&#8221; hide_on_tablet=&#8221;&#8221; hide_on_mobile=&#8221;&#8221;][\/vc_column][\/vc_row][vc_row][vc_column icons_position=&#8221;left&#8221;][vc_empty_space height=&#8221;&#8221; alter_height=&#8221;medium&#8221; hide_on_desktop=&#8221;&#8221; hide_on_notebook=&#8221;&#8221; hide_on_tablet=&#8221;&#8221; hide_on_mobile=&#8221;&#8221;][\/vc_column][\/vc_row][vc_row][vc_column width=&#8221;2\/3&#8243; icons_position=&#8221;left&#8221;][vc_single_image image=&#8221;1404&#8243; img_size=&#8221;1200&#215;600&#8243; alignment=&#8221;center&#8221; css_animation=&#8221;fadeInLeft&#8221;][\/vc_column][vc_column css_animation=&#8221;fadeInRight&#8221; width=&#8221;1\/3&#8243; icons_position=&#8221;left&#8221;]<div id=\"sc_title_16055335\"\n\t\tclass=\"sc_title color_style_default sc_title_default\"><h3 class=\"sc_item_title sc_title_title sc_align_left sc_item_title_style_default sc_item_title_tag\">Kongre Mekan\u0131 Se\u00e7imi<\/h3><\/div><!-- \/.sc_title -->[vc_empty_space alter_height=&#8221;small&#8221; hide_on_desktop=&#8221;&#8221; hide_on_notebook=&#8221;&#8221; hide_on_tablet=&#8221;&#8221; hide_on_mobile=&#8221;&#8221;][vc_column_text]<\/p>\n<p style=\"text-align: left;\">Etkinlik mekan\u0131 se\u00e7erken i\u00e7eri\u011fimizle uyumlu mimari \u00f6zellikler, iyi bir atmosfer,\u00a0 kat\u0131l\u0131mc\u0131lar\u0131m\u0131z i\u00e7in eri\u015filebilirlik avantajlar\u0131 gibi detaylar\u0131 de\u011ferlendirerek en uygun mekan \u00f6nerilerini sunarak m\u00fc\u015fterilerimizin y\u00fck\u00fcn\u00fc hafifletiyoruz.<\/p>\n<p>[\/vc_column_text][\/vc_column][\/vc_row][vc_row][vc_column icons_position=&#8221;left&#8221;][vc_empty_space alter_height=&#8221;medium&#8221; hide_on_desktop=&#8221;&#8221; hide_on_notebook=&#8221;&#8221; hide_on_tablet=&#8221;&#8221; hide_on_mobile=&#8221;&#8221;][\/vc_column][\/vc_row][vc_row][vc_column css_animation=&#8221;bounceInLeft&#8221; icons_position=&#8221;left&#8221;]<div id=\"sc_title_1740176932\"\n\t\tclass=\"sc_title color_style_default sc_title_default\"><h3 class=\"sc_item_title sc_title_title sc_align_left sc_item_title_style_default sc_item_title_tag\">Program Y\u00f6netimi<\/h3><\/div><!-- \/.sc_title -->[\/vc_column][\/vc_row][vc_row][vc_column icons_position=&#8221;left&#8221;][vc_column_text css_animation=&#8221;fadeInLeft&#8221; css=&#8221;.vc_custom_1665488432939{padding-top: 30px !important;}&#8221;]Etkinlik program\u0131n\u0131n ak\u0131\u015f\u0131 ve kusursuz y\u00fcr\u00fct\u00fclmesi, organizasyonel uzmanl\u0131k gerektiren bir s\u00fcre\u00e7tir. Y\u0131llar\u0131n biriktirdi\u011fi tecr\u00fcbeye dayanarak, m\u00fc\u015fterilerimizle tekrar bir araya geliyor, bir program olu\u015fturuyor ve etkinlik boyunca saha ekibimiz ve y\u00f6neticilerimiz ile programa ba\u011fl\u0131 kalarak etkinli\u011fi y\u00fcr\u00fct\u00fcyoruz.<\/p>\n<p>Bir kurum olarak etkinli\u011finizin ba\u015far\u0131s\u0131nda en \u00f6nemli rollerden birini konu\u015fmac\u0131lar oynar. Konferans\u0131n i\u00e7eri\u011fine ba\u011fl\u0131 olarak, kat\u0131l\u0131mc\u0131lar\u0131n beklentilerini kar\u015f\u0131layan ve hedef kitle ile uyumlu konu\u015fmac\u0131lar\u0131n se\u00e7imi ve ileti\u015fiminde m\u00fc\u015fterilerimize destek sunuyoruz.<\/p>\n<p style=\"text-align: left;\">Ayn\u0131 zamanda bu s\u00fcreci sizin i\u00e7in y\u00f6netiyor, ileti\u015fim kurma ve konferans misafirlerini kar\u015f\u0131lama s\u00fcrecindeki t\u00fcm ihtiya\u00e7lar\u0131n\u0131za cevap veriyoruz.<\/p>\n<p>[\/vc_column_text][\/vc_column][\/vc_row][vc_row][vc_column icons_position=&#8221;left&#8221;][vc_empty_space alter_height=&#8221;large&#8221; hide_on_desktop=&#8221;&#8221; hide_on_notebook=&#8221;&#8221; hide_on_tablet=&#8221;&#8221; hide_on_mobile=&#8221;&#8221;][\/vc_column][\/vc_row][vc_row][vc_column css_animation=&#8221;fadeInLeft&#8221; width=&#8221;2\/3&#8243; icons_position=&#8221;left&#8221;][vc_single_image image=&#8221;1424&#8243; img_size=&#8221;900&#215;300&#8243;][\/vc_column][vc_column css_animation=&#8221;fadeInRight&#8221; width=&#8221;1\/3&#8243; icons_position=&#8221;left&#8221;]<div id=\"sc_title_1814826980\"\n\t\tclass=\"sc_title color_style_default sc_title_default\"><h3 class=\"sc_item_title sc_title_title sc_align_left sc_item_title_style_default sc_item_title_tag\">Kar\u015f\u0131lama<\/h3><\/div><!-- \/.sc_title -->[vc_empty_space alter_height=&#8221;small&#8221; hide_on_desktop=&#8221;&#8221; hide_on_notebook=&#8221;&#8221; hide_on_tablet=&#8221;&#8221; hide_on_mobile=&#8221;&#8221;][vc_column_text]Transfer s\u00fcrecinde etkinliklerimize kat\u0131lan konu\u015fmac\u0131 ve kat\u0131l\u0131mc\u0131lar\u0131m\u0131z\u0131n havaliman\u0131nda kar\u015f\u0131lanmas\u0131n\u0131, ara\u00e7lara y\u00f6nlendirilmesini ve otel veya etkinlik alan\u0131na konforlu ara\u00e7larla ve g\u00fcvenilir s\u00fcr\u00fcc\u00fclerle g\u00f6t\u00fcr\u00fclmesini sa\u011fl\u0131yoruz.[\/vc_column_text][\/vc_column][\/vc_row][vc_row][vc_column icons_position=&#8221;left&#8221;][vc_empty_space alter_height=&#8221;large&#8221; hide_on_desktop=&#8221;&#8221; hide_on_notebook=&#8221;&#8221; hide_on_tablet=&#8221;&#8221; hide_on_mobile=&#8221;&#8221;][\/vc_column][\/vc_row][vc_row css_animation=&#8221;fadeIn&#8221;][vc_column width=&#8221;1\/2&#8243; icons_position=&#8221;left&#8221;]<div id=\"sc_title_221710821\"\n\t\tclass=\"sc_title color_style_default sc_title_default\"><h4 class=\"sc_item_title sc_title_title sc_align_center sc_item_title_style_default sc_item_title_tag\">E\u015f Zamanl\u0131 Destek<\/h4><\/div><!-- \/.sc_title -->[vc_empty_space alter_height=&#8221;small&#8221; hide_on_desktop=&#8221;&#8221; hide_on_notebook=&#8221;&#8221; hide_on_tablet=&#8221;&#8221; hide_on_mobile=&#8221;&#8221;][vc_column_text css=&#8221;.vc_custom_1665485911094{padding-top: 30px !important;}&#8221;]<\/p>\n<p style=\"text-align: center;\">Uluslararas\u0131 kat\u0131l\u0131mla ger\u00e7ekle\u015ftirilecek etkinliklerinizin t\u00fcm unsurlar\u0131n\u0131 i\u00e7eren profesyonel ve e\u015f zamanl\u0131 sistem deste\u011fi sunuyoruz. M\u00fc\u015fterilerimize sundu\u011fumuz hizmette ayn\u0131 anda bir terc\u00fcman ekibi ve bir teknik personel ekibi kullan\u0131yoruz.<\/p>\n<p>[\/vc_column_text][\/vc_column][vc_column width=&#8221;1\/2&#8243; icons_position=&#8221;left&#8221;]<div id=\"sc_title_1678909921\"\n\t\tclass=\"sc_title color_style_default sc_title_default\"><h4 class=\"sc_item_title sc_title_title sc_align_center sc_item_title_style_default sc_item_title_tag\">Teknik Destek<\/h4><\/div><!-- \/.sc_title -->[vc_empty_space alter_height=&#8221;small&#8221; hide_on_desktop=&#8221;&#8221; hide_on_notebook=&#8221;&#8221; hide_on_tablet=&#8221;&#8221; hide_on_mobile=&#8221;&#8221;][vc_column_text css=&#8221;.vc_custom_1665485988186{padding-top: 30px !important;}&#8221;]Farkl\u0131 kategorilerde d\u00fczenlenen etkinliklerde ihtiya\u00e7 duyaca\u011f\u0131n\u0131z teknik ekipman analizi ve g\u00f6rsel tasar\u0131m, ekipman d\u00fczenleme ve temini, kay\u0131t masas\u0131 gibi konularda teknik ekibimizin profesyonel deste\u011fi ile etkinlik sonuna kadar hizmet veriyoruz.<\/p>\n<p style=\"text-align: center;\">[\/vc_column_text][\/vc_column][\/vc_row][vc_row][vc_column icons_position=&#8221;left&#8221;][vc_empty_space alter_height=&#8221;medium&#8221; hide_on_desktop=&#8221;&#8221; hide_on_notebook=&#8221;&#8221; hide_on_tablet=&#8221;&#8221; hide_on_mobile=&#8221;&#8221;][\/vc_column][\/vc_row][vc_row][vc_column icons_position=&#8221;left&#8221;]<div id=\"sc_title_791931209\"\n\t\tclass=\"sc_title color_style_default sc_title_default\"><h3 class=\"sc_item_title sc_title_title sc_align_left sc_item_title_style_default sc_item_title_tag\">Dekor Tasar\u0131m\u0131<\/h3><\/div><!-- \/.sc_title -->[vc_empty_space height=&#8221;&#8221; alter_height=&#8221;small&#8221; hide_on_desktop=&#8221;&#8221; hide_on_notebook=&#8221;&#8221; hide_on_tablet=&#8221;&#8221; hide_on_mobile=&#8221;&#8221;][\/vc_column][\/vc_row][vc_row][vc_column icons_position=&#8221;left&#8221;][vc_single_image image=&#8221;1419&#8243; img_size=&#8221;1500&#215;400&#8243; alignment=&#8221;center&#8221; style=&#8221;vc_box_rounded&#8221; css_animation=&#8221;fadeIn&#8221;][\/vc_column][\/vc_row][vc_row][vc_column icons_position=&#8221;left&#8221;][vc_empty_space height=&#8221;&#8221; alter_height=&#8221;medium&#8221; hide_on_desktop=&#8221;&#8221; hide_on_notebook=&#8221;&#8221; hide_on_tablet=&#8221;&#8221; hide_on_mobile=&#8221;&#8221;][\/vc_column][\/vc_row][vc_row][vc_column icons_position=&#8221;left&#8221;][vc_column_text css_animation=&#8221;fadeInLeft&#8221;]Etkinli\u011fin ger\u00e7ekle\u015fece\u011fi salonun tasar\u0131m\u0131 ve dekoru etkinli\u011fe yap\u0131lan en \u00f6nemli eklemelerden biridir. Organizasyonunu \u00fcstlendi\u011fimiz etkinlik alan\u0131 i\u00e7in grafik tasar\u0131m ekibimizle birlikte dekorasyon ve tasar\u0131m \u00e7al\u0131\u015fmalar\u0131n\u0131 haz\u0131rl\u0131yor ve onay ald\u0131ktan sonra \u00fcretime ba\u015fl\u0131yoruz.<\/p>\n<p style=\"text-align: left;\">Anahtar teslim yakla\u015f\u0131m\u0131m\u0131z do\u011frultusunda, m\u00fc\u015fterilerimize etkinlik alan\u0131n\u0131n nihai projesini 3D \u00e7izimlerle sunarak, etkinlik \u00f6ncesi fikir edinmelerini sa\u011flamaktay\u0131z.<\/p>\n<p>[\/vc_column_text][\/vc_column][\/vc_row]<\/p>\n","protected":false},"excerpt":{"rendered":"<p>[vc_row css_animation=&#8221;fadeInDown&#8221;][vc_column icons_position=&#8221;left&#8221;][\/vc_column][\/vc_row][vc_row][vc_column icons_position=&#8221;left&#8221;][vc_empty_space height=&#8221;&#8221; alter_height=&#8221;medium&#8221; hide_on_desktop=&#8221;&#8221; hide_on_notebook=&#8221;&#8221; hide_on_tablet=&#8221;&#8221; hide_on_mobile=&#8221;&#8221;][\/vc_column][\/vc_row][vc_row][vc_column icons_position=&#8221;left&#8221;][vc_column_text]Kongre, farkl\u0131 \u00fclkelerden insanlar\u0131 belirli bir konu etraf\u0131nda bir araya getiren uluslararas\u0131 bir toplant\u0131d\u0131r. Seminer, bilgi al\u0131\u015fveri\u015finde bulunmak veya bir konuyu tart\u0131\u015fmak amac\u0131yla d\u00fczenlenen bir toplant\u0131d\u0131r. Bir seminer&hellip;<\/p>\n","protected":false},"author":1,"featured_media":0,"parent":0,"menu_order":0,"comment_status":"closed","ping_status":"closed","template":"","meta":{"footnotes":""},"class_list":["post-923","page","type-page","status-publish","hentry"],"_links":{"self":[{"href":"https:\/\/dualege.com.tr\/index.php\/wp-json\/wp\/v2\/pages\/923","targetHints":{"allow":["GET"]}}],"collection":[{"href":"https:\/\/dualege.com.tr\/index.php\/wp-json\/wp\/v2\/pages"}],"about":[{"href":"https:\/\/dualege.com.tr\/index.php\/wp-json\/wp\/v2\/types\/page"}],"author":[{"embeddable":true,"href":"https:\/\/dualege.com.tr\/index.php\/wp-json\/wp\/v2\/users\/1"}],"replies":[{"embeddable":true,"href":"https:\/\/dualege.com.tr\/index.php\/wp-json\/wp\/v2\/comments?post=923"}],"version-history":[{"count":35,"href":"https:\/\/dualege.com.tr\/index.php\/wp-json\/wp\/v2\/pages\/923\/revisions"}],"predecessor-version":[{"id":1630,"href":"https:\/\/dualege.com.tr\/index.php\/wp-json\/wp\/v2\/pages\/923\/revisions\/1630"}],"wp:attachment":[{"href":"https:\/\/dualege.com.tr\/index.php\/wp-json\/wp\/v2\/media?parent=923"}],"curies":[{"name":"wp","href":"https:\/\/api.w.org\/{rel}","templated":true}]}}