{"id":932,"date":"2022-09-27T18:15:46","date_gmt":"2022-09-27T15:15:46","guid":{"rendered":"https:\/\/dualege.com.tr\/?page_id=932"},"modified":"2022-10-14T11:42:37","modified_gmt":"2022-10-14T08:42:37","slug":"eglence-ve-etkinlik-organizasyonu","status":"publish","type":"page","link":"https:\/\/dualege.com.tr\/index.php\/eglence-ve-etkinlik-organizasyonu\/","title":{"rendered":"E\u011flence ve Etkinlik Organizasyonu"},"content":{"rendered":"<p>[vc_row css_animation=&#8221;fadeInDown&#8221; hide_bg_image_on_tablet=&#8221;&#8221; hide_bg_image_on_mobile=&#8221;&#8221; css=&#8221;.vc_custom_1665414354580{padding-top: 20px !important;padding-bottom: 20px !important;}&#8221;][vc_column icons_position=&#8221;left&#8221;]<div id=\"sc_title_401986757\"\n\t\tclass=\"sc_title color_style_default sc_title_default\"><h3 class=\"sc_item_title sc_title_title sc_align_center sc_item_title_style_default\">E\u011flence Ve Etkinlik Organizasyonu<\/h3><\/div><!-- \/.sc_title -->[\/vc_column][\/vc_row][vc_row][vc_column icons_position=&#8221;left&#8221;][\/vc_column][\/vc_row][vc_row css_animation=&#8221;fadeInLeft&#8221;][vc_column icons_position=&#8221;left&#8221;][vc_empty_space height=&#8221;4em&#8221; alter_height=&#8221;medium&#8221; hide_on_desktop=&#8221;&#8221; hide_on_notebook=&#8221;&#8221; hide_on_tablet=&#8221;&#8221; hide_on_mobile=&#8221;&#8221;][vc_column_text]E\u011flence y\u00f6netimi, \u015firketlerin her konsept i\u00e7in farkl\u0131 \u015fekillerde organize ederek sundu\u011fu profesyonel etkinlik y\u00f6netimi hizmetlerinden biridir. G\u00fcn\u00fcm\u00fczde hem i\u015f hem de sosyal hayatta daha yo\u011fun bir e\u011flence anlay\u0131\u015f\u0131n\u0131n ortaya \u00e7\u0131kmas\u0131yla birlikte insanlar \u00e7e\u015fitli alanlarda organizasyonlar ve etkinlikler d\u00fczenlemeye y\u00f6nelmi\u015ftir. \u015eu anda organizasyon hizmeti sunan firmalar bu konuda profesyonel hizmetler sunmaktad\u0131r. Firmam\u0131z, d\u00fc\u011f\u00fcn, festival gibi bireysel organizasyonlar\u0131n yan\u0131 s\u0131ra profesyonelli\u011fi \u00fcst d\u00fczeyde kurumsal organizasyon hizmetlerine de yer vermektedir.[\/vc_column_text][vc_empty_space height=&#8221;&#8221; alter_height=&#8221;large&#8221; hide_on_desktop=&#8221;&#8221; hide_on_notebook=&#8221;&#8221; hide_on_tablet=&#8221;&#8221; hide_on_mobile=&#8221;&#8221;]<div id=\"sc_title_203731712\"\n\t\tclass=\"sc_title color_style_default sc_title_default\"><h5 class=\"sc_item_title sc_title_title sc_align_center sc_item_title_style_default sc_item_title_tag\">E\u011flence Nas\u0131l Organize Edilir?<\/h5><\/div><!-- \/.sc_title -->[vc_empty_space alter_height=&#8221;small&#8221; hide_on_desktop=&#8221;&#8221; hide_on_notebook=&#8221;&#8221; hide_on_tablet=&#8221;&#8221; hide_on_mobile=&#8221;&#8221;][\/vc_column][\/vc_row][vc_row css_animation=&#8221;bounceInRight&#8221; hide_bg_image_on_tablet=&#8221;&#8221; hide_bg_image_on_mobile=&#8221;&#8221; row_delimiter=&#8221;&#8221; hide_on_desktop=&#8221;&#8221; hide_on_notebook=&#8221;&#8221; hide_on_tablet=&#8221;&#8221; hide_on_mobile=&#8221;&#8221; hide_on_frontpage=&#8221;&#8221;][vc_column css_animation=&#8221;fadeInLeft&#8221; width=&#8221;2\/3&#8243; icons_position=&#8221;left&#8221;][vc_single_image image=&#8221;1400&#8243; img_size=&#8221;900&#215;400&#8243; add_caption=&#8221;yes&#8221; css_animation=&#8221;bounceInLeft&#8221;][vc_empty_space alter_height=&#8221;large&#8221; hide_on_desktop=&#8221;&#8221; hide_on_notebook=&#8221;&#8221; hide_on_tablet=&#8221;&#8221; hide_on_mobile=&#8221;&#8221;][\/vc_column][vc_column css_animation=&#8221;fadeInRight&#8221; width=&#8221;1\/3&#8243; icons_position=&#8221;left&#8221;][vc_column_text]E\u011flence organizasyonlar\u0131 organizasyon sahibine bireysel olarak verilir. Organizasyon konsepti, davetli say\u0131s\u0131 vb. t\u00fcm detaylar organizasyon \u00f6ncesinde organizasyonu yapacak olan firma taraf\u0131ndan bilinecektir. Hayal etti\u011finiz e\u011flence organizasyonunun t\u00fcm detaylar\u0131na uygun olarak birlikte \u00e7al\u0131\u015ft\u0131\u011f\u0131n\u0131z firma kendi profesyonel ekibi ile t\u00fcm detaylar\u0131 isteklerinize g\u00f6re ayarlayacakt\u0131r. Organizasyon s\u00fcrecinde, sanat\u00e7\u0131 y\u00f6netimi hizmeti veren firmalarla i\u015f ortakl\u0131\u011f\u0131 yaparak, sevdi\u011finiz sanat\u00e7\u0131lar\u0131 e\u011flence organizasyonlar\u0131n\u0131zda da a\u011f\u0131rlayabilirsiniz.[\/vc_column_text][vc_empty_space alter_height=&#8221;large&#8221; hide_on_desktop=&#8221;&#8221; hide_on_notebook=&#8221;&#8221; hide_on_tablet=&#8221;&#8221; hide_on_mobile=&#8221;&#8221;][\/vc_column][\/vc_row][vc_row css_animation=&#8221;bounceInLeft&#8221;][vc_column width=&#8221;1\/3&#8243; icons_position=&#8221;left&#8221;]<div id=\"sc_title_354932193\"\n\t\tclass=\"sc_title color_style_default sc_title_default  vc_custom_1665391032734\"><h5 class=\"sc_item_title sc_title_title sc_align_left sc_item_title_style_default sc_item_title_tag\">E\u011flence \u015eirketleri<\/h5><\/div><!-- \/.sc_title -->[vc_column_text css_animation=&#8221;bounceInLeft&#8221; css=&#8221;.vc_custom_1665414813689{padding-top: 50px !important;}&#8221;]<\/p>\n<p style=\"text-align: left;\">E\u011flence \u015firketi; Ses, \u0131\u015f\u0131k ve sahne sistemleri alan\u0131nda da dijital hizmet veren ve profesyonel hizmet veren firmalard\u0131r. Festival, konser ve d\u00fc\u011f\u00fcn sonras\u0131 e\u011flence gibi t\u00fcm organizasyon ihtiya\u00e7lar\u0131n\u0131z veya a\u00e7\u0131l\u0131\u015f gibi kurumsal organizasyonlar\u0131n\u0131z i\u00e7in firmalardan profesyonel hizmet alabilirsiniz. Organizasyon s\u00fcreci tamamen sizin istek ve gereksinimlerinize g\u00f6re \u015fekillenir. Bu nedenle, organizasyonun beklentilerinizi en iyi \u015fekilde kar\u015f\u0131layabilmesi i\u00e7in etkinlik \u00f6ncesinde hizmet alaca\u011f\u0131n\u0131z firmaya t\u00fcm isteklerinizi net bir \u015fekilde a\u00e7\u0131klaman\u0131z son derece \u00f6nemlidir.<\/p>\n<p>[\/vc_column_text][vc_empty_space alter_height=&#8221;small&#8221; hide_on_desktop=&#8221;&#8221; hide_on_notebook=&#8221;&#8221; hide_on_tablet=&#8221;&#8221; hide_on_mobile=&#8221;&#8221;][\/vc_column][vc_column css_animation=&#8221;bounceInRight&#8221; width=&#8221;2\/3&#8243; icons_position=&#8221;left&#8221;][vc_empty_space alter_height=&#8221;large&#8221; hide_on_desktop=&#8221;&#8221; hide_on_notebook=&#8221;&#8221; hide_on_tablet=&#8221;&#8221; hide_on_mobile=&#8221;&#8221;][vc_single_image image=&#8221;1370&#8243; img_size=&#8221;900&#215;400&#8243; alignment=&#8221;center&#8221; css_animation=&#8221;bounceInRight&#8221;][\/vc_column][\/vc_row][vc_row][vc_column css_animation=&#8221;bounceInLeft&#8221; width=&#8221;2\/3&#8243; icons_position=&#8221;left&#8221;][vc_empty_space alter_height=&#8221;large&#8221; hide_on_desktop=&#8221;&#8221; hide_on_notebook=&#8221;&#8221; hide_on_tablet=&#8221;&#8221; hide_on_mobile=&#8221;&#8221;]<div id=\"sc_title_2027467928\"\n\t\tclass=\"sc_title color_style_default sc_title_default  vc_custom_1665410274500\"><h5 class=\"sc_item_title sc_title_title sc_align_left sc_item_title_style_default sc_item_title_tag\">D\u00fc\u011f\u00fcn Sonras\u0131 E\u011flence Organizasyonu<\/h5><\/div><!-- \/.sc_title -->[vc_single_image image=&#8221;1374&#8243; img_size=&#8221;900&#215;400&#8243; css=&#8221;.vc_custom_1665475018345{padding-top: 30px !important;}&#8221;][vc_empty_space alter_height=&#8221;large&#8221; hide_on_desktop=&#8221;&#8221; hide_on_notebook=&#8221;&#8221; hide_on_tablet=&#8221;&#8221; hide_on_mobile=&#8221;&#8221;][\/vc_column][vc_column css_animation=&#8221;bounceInRight&#8221; width=&#8221;1\/3&#8243; icons_position=&#8221;left&#8221;][vc_empty_space alter_height=&#8221;large&#8221; hide_on_desktop=&#8221;&#8221; hide_on_notebook=&#8221;&#8221; hide_on_tablet=&#8221;&#8221; hide_on_mobile=&#8221;&#8221;][vc_empty_space alter_height=&#8221;small&#8221; hide_on_desktop=&#8221;&#8221; hide_on_notebook=&#8221;&#8221; hide_on_tablet=&#8221;&#8221; hide_on_mobile=&#8221;&#8221;][vc_column_text]D\u00fc\u011f\u00fcn sonras\u0131 e\u011flence organizasyonlar\u0131 son zamanlarda en \u00e7ok aranan ve dikkat \u00e7eken organizasyonlardan biri haline geldi. Sade ve naif bir d\u00fc\u011f\u00fcn t\u00f6reni ile evlilik d\u00fcnyas\u0131na girmek istiyorsan\u0131z, d\u00fc\u011f\u00fcn sonras\u0131 arkada\u015flar\u0131n\u0131z ve ailenizle e\u011flenceler d\u00fczenleyebilirsiniz. D\u00fc\u011f\u00fcn sonras\u0131 gidece\u011finiz mekan, e\u011flence konsepti ve hatta mekan\u0131n dekorasyonu gibi t\u00fcm detaylar bu organizasyon i\u00e7erisinde sizlerin isteklerine g\u00f6re haz\u0131rlan\u0131r. E\u011flence organizasyonu mekan se\u00e7imi ile ba\u015flar, tasar\u0131m ile devam eder ve uzun s\u00fcre haf\u0131zalarda kalacak e\u011flencenin \u00e7abas\u0131 ile sona erer. Bu s\u00fcre\u00e7te organizat\u00f6rler t\u00fcm d\u00fczenlemeler, ekipman vb. hizmetler ile ilgilenmektedir.[\/vc_column_text][vc_empty_space alter_height=&#8221;large&#8221; hide_on_desktop=&#8221;&#8221; hide_on_notebook=&#8221;&#8221; hide_on_tablet=&#8221;&#8221; hide_on_mobile=&#8221;&#8221;][\/vc_column][\/vc_row][vc_row full_width=&#8221;stretch_row_content&#8221; equal_height=&#8221;yes&#8221; content_placement=&#8221;middle&#8221;][vc_column width=&#8221;1\/4&#8243; icons_position=&#8221;left&#8221;]<div id=\"sc_title_569128455\"\n\t\tclass=\"sc_title color_style_default sc_title_default  vc_custom_1665735696020\"><h6 class=\"sc_item_subtitle sc_title_subtitle sc_align_center sc_item_title_style_default\"><span class=\"in\">Parti Haz\u0131rl\u0131k Organizasyonlar\u0131<\/span><\/h6><\/div><!-- \/.sc_title -->[vc_empty_space alter_height=&#8221;small&#8221; hide_on_desktop=&#8221;&#8221; hide_on_notebook=&#8221;&#8221; hide_on_tablet=&#8221;&#8221; hide_on_mobile=&#8221;&#8221;][vc_hoverbox image=&#8221;1378&#8243; primary_title=&#8221;&#8221; primary_title_font_container=&#8221;font_size:20|color:%23ffffff|line_height:5&#8243; primary_title_google_fonts=&#8221;font_family:Bitter%3Aregular%2Citalic%2C700|font_style:400%20regular%3A400%3Anormal&#8221; hover_title=&#8221;&#8221; hover_title_font_container=&#8221;font_size:20|line_height:5&#8243; hover_title_google_fonts=&#8221;font_family:Bitter%3Aregular%2Citalic%2C700|font_style:400%20regular%3A400%3Anormal&#8221; hover_background_color=&#8221;chino&#8221; use_custom_fonts_primary_title=&#8221;true&#8221; use_custom_fonts_hover_title=&#8221;true&#8221;]<\/p>\n<p style=\"text-align: center;\">Do\u011fum g\u00fcnleri, yeti\u015fkinler ve \u00e7ocuklar i\u00e7in do\u011fum g\u00fcnleri organizasyonu. \u015eenlikli s\u00fcslemeler ve do\u011fum g\u00fcn\u00fc s\u00fcslemeleri.<\/p>\n<p>[\/vc_hoverbox][\/vc_column][vc_column width=&#8221;1\/4&#8243; icons_position=&#8221;left&#8221;]<div id=\"sc_title_24574605\"\n\t\tclass=\"sc_title color_style_default sc_title_default  vc_custom_1665735670436\"><h6 class=\"sc_item_subtitle sc_title_subtitle sc_align_center sc_item_title_style_default\"><span class=\"in\">Parti Malzemelerinin Kiralanmas\u0131<\/span><\/h6><\/div><!-- \/.sc_title -->[vc_empty_space alter_height=&#8221;small&#8221; hide_on_desktop=&#8221;&#8221; hide_on_notebook=&#8221;&#8221; hide_on_tablet=&#8221;&#8221; hide_on_mobile=&#8221;&#8221;][vc_hoverbox image=&#8221;1029&#8243; primary_title=&#8221;&#8221; primary_title_font_container=&#8221;font_size:20|color:%23ffffff|line_height:5&#8243; primary_title_google_fonts=&#8221;font_family:Bitter%3Aregular%2Citalic%2C700|font_style:400%20regular%3A400%3Anormal&#8221; hover_title=&#8221;&#8221; hover_title_font_container=&#8221;font_size:30|line_height:5&#8243; hover_title_google_fonts=&#8221;font_family:Bitter%3Aregular%2Citalic%2C700|font_style:400%20regular%3A400%3Anormal&#8221; hover_background_color=&#8221;chino&#8221; use_custom_fonts_primary_title=&#8221;true&#8221; use_custom_fonts_hover_title=&#8221;true&#8221;]DJ hizmetleri ve ses sistemleri kurulumu, \u015fi\u015fme oyun alanlar\u0131, kokteyl masalar\u0131, pinatalar, karnaval yemekleri.[\/vc_hoverbox][\/vc_column][vc_column width=&#8221;1\/4&#8243; icons_position=&#8221;left&#8221;]<div id=\"sc_title_1392386684\"\n\t\tclass=\"sc_title color_style_default sc_title_default  vc_custom_1665735336832\"><h6 class=\"sc_item_subtitle sc_title_subtitle sc_align_center sc_item_title_style_default\"><span class=\"in\">E\u011flence Organizasyonlar\u0131<\/span><\/h6><\/div><!-- \/.sc_title -->[vc_empty_space alter_height=&#8221;small&#8221; hide_on_desktop=&#8221;&#8221; hide_on_notebook=&#8221;&#8221; hide_on_tablet=&#8221;&#8221; hide_on_mobile=&#8221;&#8221;][vc_hoverbox image=&#8221;1355&#8243; primary_title=&#8221;&#8221; primary_title_font_container=&#8221;font_size:20|color:%23ffffff|line_height:5&#8243; primary_title_google_fonts=&#8221;font_family:Bitter%3Aregular%2Citalic%2C700|font_style:400%20regular%3A400%3Anormal&#8221; hover_title=&#8221;&#8221; hover_title_font_container=&#8221;font_size:30|line_height:5&#8243; hover_title_google_fonts=&#8221;font_family:Bitter%3Aregular%2Citalic%2C700|font_style:400%20regular%3A400%3Anormal&#8221; hover_background_color=&#8221;chino&#8221; use_custom_fonts_primary_title=&#8221;true&#8221; use_custom_fonts_hover_title=&#8221;true&#8221; css=&#8221;.vc_custom_1665735251974{padding-right: 10px !important;padding-left: 10px !important;}&#8221;]\u00c7e\u015fitli animasyon etkinlikleri, do\u011fum g\u00fcn\u00fc animasyonu, piknik animasyonu, s\u00fcnnet &#8211; palya\u00e7o animasyonu, dans gruplar\u0131, akrobatik gruplar, sihir &#8211; tiyatro &#8211; kukla g\u00f6sterileri, karaoke.[\/vc_hoverbox][\/vc_column][vc_column width=&#8221;1\/4&#8243; icons_position=&#8221;left&#8221;]<div id=\"sc_title_498692719\"\n\t\tclass=\"sc_title color_style_default sc_title_default  vc_custom_1665735974888\"><h6 class=\"sc_item_subtitle sc_title_subtitle sc_align_center sc_item_title_style_default\"><span class=\"in\">Do\u011fum G\u00fcn\u00fc S\u00fcrpriz Organizasyonlar\u0131<\/span><\/h6><\/div><!-- \/.sc_title -->[vc_empty_space alter_height=&#8221;small&#8221; hide_on_desktop=&#8221;&#8221; hide_on_notebook=&#8221;&#8221; hide_on_tablet=&#8221;&#8221; hide_on_mobile=&#8221;&#8221;][vc_hoverbox image=&#8221;1383&#8243; primary_title=&#8221;&#8221; primary_title_font_container=&#8221;font_size:38|color:%23ffffff|line_height:8&#8243; primary_title_google_fonts=&#8221;font_family:Bitter%3Aregular%2Citalic%2C700|font_style:400%20regular%3A400%3Anormal&#8221; hover_title=&#8221;&#8221; hover_title_font_container=&#8221;font_size:30&#8243; hover_title_google_fonts=&#8221;font_family:Bitter%3Aregular%2Citalic%2C700|font_style:400%20regular%3A400%3Anormal&#8221; hover_background_color=&#8221;chino&#8221; use_custom_fonts_primary_title=&#8221;true&#8221; use_custom_fonts_hover_title=&#8221;true&#8221; css=&#8221;.vc_custom_1665735951085{padding-top: 10px !important;}&#8221;]<\/p>\n<p style=\"text-align: center;\">Sevdiklerinizi beklenmedik bir \u015fekilde memnun etmek i\u00e7in \u00f6zel g\u00fcnlerinde onlara e\u011flenceli bir parti d\u00fczenleyerek s\u00fcrprizler haz\u0131rlayabilirsiniz. \u015eu anda t\u00fcm malzeme ve organizasyon ekiplerimizle hizmetinizdeyiz.<\/p>\n<p>[\/vc_hoverbox][\/vc_column][\/vc_row][vc_row full_width=&#8221;stretch_row_content&#8221;][vc_column width=&#8221;1\/4&#8243; icons_position=&#8221;left&#8221;][vc_empty_space alter_height=&#8221;large&#8221; hide_on_desktop=&#8221;&#8221; hide_on_notebook=&#8221;&#8221; hide_on_tablet=&#8221;&#8221; hide_on_mobile=&#8221;&#8221;][\/vc_column][vc_column width=&#8221;1\/4&#8243; icons_position=&#8221;left&#8221;][vc_empty_space alter_height=&#8221;large&#8221; hide_on_desktop=&#8221;&#8221; hide_on_notebook=&#8221;&#8221; hide_on_tablet=&#8221;&#8221; hide_on_mobile=&#8221;&#8221;][\/vc_column][vc_column width=&#8221;1\/4&#8243; icons_position=&#8221;left&#8221;][\/vc_column][vc_column width=&#8221;1\/4&#8243; icons_position=&#8221;left&#8221;][\/vc_column][\/vc_row][vc_row][vc_column css_animation=&#8221;bounceInLeft&#8221; width=&#8221;1\/3&#8243; icons_position=&#8221;left&#8221;][vc_column_text css=&#8221;.vc_custom_1665402908770{padding-top: 50px !important;}&#8221;]<\/p>\n<p style=\"text-align: left;\">Kurumsal \u00e7al\u0131\u015fanlar\u0131n\u0131z veya sekt\u00f6r payda\u015flar\u0131n\u0131z i\u00e7in d\u00fczenlemek istedi\u011finiz organizasyonlar\u0131n\u0131zda hem kurumsal imaj\u0131n\u0131z\u0131 geli\u015ftirmek hem de unutulmaz bir Y\u0131lba\u015f\u0131 gecesi yaratmak i\u00e7in gerekli olacak t\u00fcm konularda m\u00fc\u015fterilerimize destek sunuyoruz. Catering, hostesler, interaktif g\u00f6steriler, tiyatro prod\u00fcksiyonlar\u0131, dekorasyonlar ve \u00e7ok daha fazlas\u0131 alan\u0131nda t\u00fcm program i\u00e7in tek bir ki\u015fi ile etkinli\u011finizi tamamlama f\u0131rsat\u0131 veriyoruz. Y\u0131lba\u015f\u0131 yakla\u015f\u0131rken y\u0131lba\u015f\u0131 partilerinde heyecan dorukta. Y\u0131lba\u015f\u0131 partileri i\u00e7in size \u00e7ok \u00e7e\u015fitli ikramlar ve s\u00fcslemeler sunuyoruz.<\/p>\n<p>[\/vc_column_text][\/vc_column][vc_column css_animation=&#8221;bounceInRight&#8221; width=&#8221;2\/3&#8243; icons_position=&#8221;left&#8221;]<div id=\"sc_title_79092962\"\n\t\tclass=\"sc_title color_style_default sc_title_default  vc_custom_1665676356798\"><h5 class=\"sc_item_title sc_title_title sc_align_center sc_item_title_style_default sc_item_title_tag\">Y\u0131lba\u015f\u0131 Parti Organizasyonu<\/h5><\/div><!-- \/.sc_title -->[vc_empty_space alter_height=&#8221;small&#8221; hide_on_desktop=&#8221;&#8221; hide_on_notebook=&#8221;&#8221; hide_on_tablet=&#8221;&#8221; hide_on_mobile=&#8221;&#8221;][vc_single_image image=&#8221;1244&#8243; img_size=&#8221;900&#215;400&#8243; css_animation=&#8221;bounceInRight&#8221;][\/vc_column][\/vc_row][vc_row][vc_column css_animation=&#8221;bounceInLeft&#8221; width=&#8221;1\/2&#8243; hide_bg_image_on_tablet=&#8221;&#8221; hide_bg_image_on_mobile=&#8221;&#8221; icons_position=&#8221;left&#8221;][vc_empty_space alter_height=&#8221;medium&#8221; hide_on_desktop=&#8221;&#8221; hide_on_notebook=&#8221;&#8221; hide_on_tablet=&#8221;&#8221; hide_on_mobile=&#8221;&#8221;]<div id=\"sc_title_815578895\"\n\t\tclass=\"sc_title color_style_default sc_title_default  vc_custom_1665736741086\"><h5 class=\"sc_item_title sc_title_title sc_align_center sc_item_title_style_default sc_item_title_tag\">Y\u0131l D\u00f6n\u00fcm\u00fc Kutlamalar\u0131<\/h5><\/div><!-- \/.sc_title -->[vc_empty_space alter_height=&#8221;small&#8221; hide_on_desktop=&#8221;&#8221; hide_on_notebook=&#8221;&#8221; hide_on_tablet=&#8221;&#8221; hide_on_mobile=&#8221;&#8221;][vc_single_image image=&#8221;1216&#8243; img_size=&#8221;600&#215;300&#8243;][\/vc_column][vc_column css_animation=&#8221;bounceInRight&#8221; width=&#8221;1\/2&#8243; icons_position=&#8221;left&#8221;][vc_empty_space alter_height=&#8221;large&#8221; hide_on_desktop=&#8221;&#8221; hide_on_notebook=&#8221;&#8221; hide_on_tablet=&#8221;&#8221; hide_on_mobile=&#8221;&#8221;][vc_empty_space alter_height=&#8221;medium&#8221; hide_on_desktop=&#8221;&#8221; hide_on_notebook=&#8221;&#8221; hide_on_tablet=&#8221;&#8221; hide_on_mobile=&#8221;&#8221;][vc_column_text css=&#8221;.vc_custom_1665676390558{padding-top: 30px !important;}&#8221;]<\/p>\n<p style=\"text-align: left;\">Kurumsal imaj\u0131n\u0131z\u0131 ve i\u00e7 ileti\u015fiminizi g\u00fc\u00e7lendirecek konsept belirleme, davetli listesinin haz\u0131rlanmas\u0131, site bak\u0131m\u0131, dekorasyon, bas\u0131nla \u00e7al\u0131\u015fma gibi etkinlik \u00f6ncesi, s\u0131ras\u0131 ve sonras\u0131nda gerekli t\u00fcm faaliyetlerde firmalar\u0131m\u0131za destek oluyoruz, benzersiz ve unutulmaz etkinliklere de imza at\u0131yoruz. Y\u0131ld\u00f6n\u00fcm\u00fcn\u00fc kendiniz kutlayabilir ya da sevdiklerinizle payla\u015faca\u011f\u0131n\u0131z partiler ve e\u011flenceler d\u00fczenleyerek bu mutlulu\u011fu kutlayabilirsiniz.<\/p>\n<p>[\/vc_column_text][\/vc_column][\/vc_row][vc_row][vc_column width=&#8221;1\/2&#8243; icons_position=&#8221;left&#8221;][vc_empty_space alter_height=&#8221;medium&#8221; hide_on_desktop=&#8221;&#8221; hide_on_notebook=&#8221;&#8221; hide_on_tablet=&#8221;&#8221; hide_on_mobile=&#8221;&#8221;][vc_single_image image=&#8221;1389&#8243; img_size=&#8221;500&#215;300&#8243; alignment=&#8221;center&#8221; style=&#8221;vc_box_shadow_circle_2&#8243;]<div id=\"sc_title_560988111\"\n\t\tclass=\"sc_title color_style_default sc_title_default  vc_custom_1665736556942\"><h6 class=\"sc_item_subtitle sc_title_subtitle sc_align_center sc_item_title_style_default\"><span class=\"in\">Gala Gecesi Ve \u00d6d\u00fcl T\u00f6reni Organizasyonu<\/span><\/h6><\/div><!-- \/.sc_title -->[vc_column_text css=&#8221;.vc_custom_1665410472407{padding-top: 30px !important;}&#8221;]<\/p>\n<p style=\"text-align: center;\">Gala Geceleri ve \u00f6d\u00fcl t\u00f6renleri i\u00e7in kiralama ve dekorasyon firmam\u0131z geni\u015f \u00fcr\u00fcn ve dekorasyon yelpazesi ile hizmetinizdedir.<\/p>\n<p>[\/vc_column_text][\/vc_column][vc_column width=&#8221;1\/2&#8243; icons_position=&#8221;left&#8221;][vc_empty_space alter_height=&#8221;medium&#8221; hide_on_desktop=&#8221;&#8221; hide_on_notebook=&#8221;&#8221; hide_on_tablet=&#8221;&#8221; hide_on_mobile=&#8221;&#8221;][vc_single_image image=&#8221;1150&#8243; img_size=&#8221;500&#215;300&#8243; alignment=&#8221;center&#8221; style=&#8221;vc_box_shadow_circle_2&#8243;]<div id=\"sc_title_1581201834\"\n\t\tclass=\"sc_title color_style_default sc_title_default  vc_custom_1665736548318\"><h6 class=\"sc_item_subtitle sc_title_subtitle sc_align_center sc_item_title_style_default\"><span class=\"in\">A\u00e7\u0131l\u0131\u015f T\u00f6reni Organizasyonu<\/span><\/h6><\/div><!-- \/.sc_title -->[vc_column_text css=&#8221;.vc_custom_1665410501786{padding-top: 30px !important;}&#8221;]<\/p>\n<p style=\"text-align: center;\">\u00a0A\u00e7\u0131l\u0131\u015f t\u00f6reni, projelerinizin ba\u015flang\u0131c\u0131ndaki en \u00f6nemli ad\u0131mlardan biridir. Tutanaklar\u0131n bulundu\u011fu devrim niteli\u011findeki t\u00f6renler i\u00e7in gerekli t\u00fcm organizasyon malzemeleri, s\u00fcslemeler ve yemek hizmetini sa\u011fl\u0131yoruz.<\/p>\n<p>[\/vc_column_text][\/vc_column][\/vc_row][vc_row][vc_column width=&#8221;1\/2&#8243; icons_position=&#8221;left&#8221;][vc_empty_space alter_height=&#8221;medium&#8221; hide_on_desktop=&#8221;&#8221; hide_on_notebook=&#8221;&#8221; hide_on_tablet=&#8221;&#8221; hide_on_mobile=&#8221;&#8221;][vc_single_image image=&#8221;1271&#8243; img_size=&#8221;500&#215;300&#8243; alignment=&#8221;center&#8221; style=&#8221;vc_box_shadow_circle_2&#8243;]<div id=\"sc_title_518181122\"\n\t\tclass=\"sc_title color_style_default sc_title_default  vc_custom_1665736538926\"><h6 class=\"sc_item_subtitle sc_title_subtitle sc_align_center sc_item_title_style_default\"><span class=\"in\">Etkinlik Organizasyonu<\/span><\/h6><\/div><!-- \/.sc_title -->[vc_column_text css=&#8221;.vc_custom_1665410560683{padding-top: 30px !important;}&#8221;]<\/p>\n<p style=\"text-align: center;\">\u00d6rg\u00fctsel d\u00fczenlemeler, program etkinlikleriyle planl\u0131 bir \u015fekilde ilgilenir. Bir etkinli\u011fin her organizasyonu bir projedir ve y\u00f6netimi organizasyonel projelerle ger\u00e7ekle\u015ftirilir. M\u00fc\u015fteriye proje planlama, b\u00fct\u00e7eleme, teklif verme, planlama, \u00e7izelgeleme, planlama, de\u011ferlendirme ve haz\u0131rl\u0131k sunulur. Etkinliklerin d\u00fczenlenmesi ve y\u00fcr\u00fct\u00fclmesi ile ilgili t\u00fcm bu \u00e7al\u0131\u015fmalar bir ekip \u00e7al\u0131\u015fmas\u0131d\u0131r.<\/p>\n<p>[\/vc_column_text][\/vc_column][vc_column width=&#8221;1\/2&#8243; icons_position=&#8221;left&#8221;][vc_empty_space alter_height=&#8221;medium&#8221; hide_on_desktop=&#8221;&#8221; hide_on_notebook=&#8221;&#8221; hide_on_tablet=&#8221;&#8221; hide_on_mobile=&#8221;&#8221;][vc_single_image image=&#8221;1392&#8243; img_size=&#8221;500&#215;300&#8243; alignment=&#8221;center&#8221; style=&#8221;vc_box_shadow_circle_2&#8243;]<div id=\"sc_title_1549358649\"\n\t\tclass=\"sc_title color_style_default sc_title_default  vc_custom_1665736531063\"><h6 class=\"sc_item_subtitle sc_title_subtitle sc_align_center sc_item_title_style_default\"><span class=\"in\">Piknik Organizasyonu<\/span><\/h6><\/div><!-- \/.sc_title -->[vc_column_text css=&#8221;.vc_custom_1665410729785{padding-top: 30px !important;}&#8221;]<\/p>\n<p style=\"text-align: center;\">Kurumsal piknik organizasyonlar\u0131n\u0131zda piknik alan\u0131 (yer), masa ve sandalye temini, personel deste\u011fi, outdoor aktiviteler (\u015fi\u015fme oyun alanlar\u0131, yeti\u015fkin sporlar\u0131, tak\u0131m oyunlar\u0131 vb.) gibi etkinlik s\u0131ras\u0131nda ihtiya\u00e7 duyulabilecek her \u015fey. M\u00fczik, piknik men\u00fcs\u00fc olu\u015fturma ve haz\u0131rlama Four4event ekibi olarak\u00a0 destek sunuyoruz. Misafirlerimize keyifli bir e\u011flence sunuyoruz.<\/p>\n<p>[\/vc_column_text][\/vc_column][\/vc_row][vc_row][vc_column icons_position=&#8221;left&#8221;][\/vc_column][\/vc_row]<\/p>\n","protected":false},"excerpt":{"rendered":"<p>[vc_row css_animation=&#8221;fadeInDown&#8221; hide_bg_image_on_tablet=&#8221;&#8221; hide_bg_image_on_mobile=&#8221;&#8221; css=&#8221;.vc_custom_1665414354580{padding-top: 20px !important;padding-bottom: 20px !important;}&#8221;][vc_column icons_position=&#8221;left&#8221;][\/vc_column][\/vc_row][vc_row][vc_column icons_position=&#8221;left&#8221;][\/vc_column][\/vc_row][vc_row css_animation=&#8221;fadeInLeft&#8221;][vc_column icons_position=&#8221;left&#8221;][vc_empty_space height=&#8221;4em&#8221; alter_height=&#8221;medium&#8221; hide_on_desktop=&#8221;&#8221; hide_on_notebook=&#8221;&#8221; hide_on_tablet=&#8221;&#8221; hide_on_mobile=&#8221;&#8221;][vc_column_text]E\u011flence y\u00f6netimi, \u015firketlerin her konsept i\u00e7in farkl\u0131 \u015fekillerde organize ederek sundu\u011fu profesyonel etkinlik y\u00f6netimi hizmetlerinden biridir. G\u00fcn\u00fcm\u00fczde hem i\u015f hem&hellip;<\/p>\n","protected":false},"author":1,"featured_media":0,"parent":0,"menu_order":0,"comment_status":"closed","ping_status":"closed","template":"","meta":{"footnotes":""},"class_list":["post-932","page","type-page","status-publish","hentry"],"_links":{"self":[{"href":"https:\/\/dualege.com.tr\/index.php\/wp-json\/wp\/v2\/pages\/932","targetHints":{"allow":["GET"]}}],"collection":[{"href":"https:\/\/dualege.com.tr\/index.php\/wp-json\/wp\/v2\/pages"}],"about":[{"href":"https:\/\/dualege.com.tr\/index.php\/wp-json\/wp\/v2\/types\/page"}],"author":[{"embeddable":true,"href":"https:\/\/dualege.com.tr\/index.php\/wp-json\/wp\/v2\/users\/1"}],"replies":[{"embeddable":true,"href":"https:\/\/dualege.com.tr\/index.php\/wp-json\/wp\/v2\/comments?post=932"}],"version-history":[{"count":74,"href":"https:\/\/dualege.com.tr\/index.php\/wp-json\/wp\/v2\/pages\/932\/revisions"}],"predecessor-version":[{"id":1627,"href":"https:\/\/dualege.com.tr\/index.php\/wp-json\/wp\/v2\/pages\/932\/revisions\/1627"}],"wp:attachment":[{"href":"https:\/\/dualege.com.tr\/index.php\/wp-json\/wp\/v2\/media?parent=932"}],"curies":[{"name":"wp","href":"https:\/\/api.w.org\/{rel}","templated":true}]}}