{"id":981,"date":"2022-09-28T17:43:59","date_gmt":"2022-09-28T14:43:59","guid":{"rendered":"https:\/\/dualege.com.tr\/?page_id=981"},"modified":"2022-10-14T10:29:28","modified_gmt":"2022-10-14T07:29:28","slug":"acilis-ve-lansman","status":"publish","type":"page","link":"https:\/\/dualege.com.tr\/index.php\/acilis-ve-lansman\/","title":{"rendered":"A\u00e7\u0131l\u0131\u015f Ve Lansman"},"content":{"rendered":"<p>[vc_row full_width=&#8221;stretch_row&#8221; content_placement=&#8221;middle&#8221; css_animation=&#8221;fadeInLeft&#8221; hide_bg_image_on_tablet=&#8221;&#8221; hide_bg_image_on_mobile=&#8221;&#8221; row_delimiter=&#8221;&#8221; hide_on_desktop=&#8221;&#8221; hide_on_notebook=&#8221;&#8221; hide_on_tablet=&#8221;&#8221; hide_on_mobile=&#8221;&#8221; hide_on_frontpage=&#8221;&#8221; css=&#8221;.vc_custom_1664780827674{padding-top: 20px !important;padding-bottom: 20px !important;background-color: #ffffff !important;}&#8221;][vc_column css_animation=&#8221;bounceInLeft&#8221; icons_position=&#8221;left&#8221;]<div id=\"sc_title_799608670\"\n\t\tclass=\"sc_title color_style_default sc_title_default\"><h3 class=\"sc_item_title sc_title_title sc_align_center sc_item_title_style_default\">A\u00e7\u0131l\u0131\u015f Ve Lansman<\/h3><\/div><!-- \/.sc_title -->[\/vc_column][\/vc_row][vc_row][vc_column icons_position=&#8221;left&#8221;][vc_empty_space alter_height=&#8221;large&#8221; hide_on_desktop=&#8221;&#8221; hide_on_notebook=&#8221;&#8221; hide_on_tablet=&#8221;&#8221; hide_on_mobile=&#8221;&#8221;][\/vc_column][\/vc_row][vc_row][vc_column css_animation=&#8221;none&#8221; width=&#8221;1\/2&#8243; hide_bg_image_on_tablet=&#8221;&#8221; hide_bg_image_on_mobile=&#8221;&#8221; icons_position=&#8221;left&#8221;][vc_images_carousel images=&#8221;1149,1152,1150&#8243; img_size=&#8221;600&#215;400&#8243; onclick=&#8221;link_no&#8221; autoplay=&#8221;yes&#8221; hide_pagination_control=&#8221;yes&#8221; css_animation=&#8221;none&#8221; css=&#8221;.vc_custom_1665731670649{padding-top: 35px !important;padding-bottom: 35px !important;}&#8221;][\/vc_column][vc_column width=&#8221;1\/2&#8243; icons_position=&#8221;left&#8221;][vc_column_text]A\u00e7\u0131l\u0131\u015f organizasyonu ve lansman, \u015firketin m\u00fc\u015fterileri ve end\u00fcstri ortaklar\u0131 i\u00e7in yarataca\u011f\u0131 imaj\u0131n ilk ad\u0131m\u0131d\u0131r.<\/p>\n<p>Kurumsal imaja uygun ve hedef kitlenin gereksinimlerini kar\u015f\u0131layan bir etkinli\u011fe imza atmak amac\u0131yla, m\u00fc\u015fterilerimizle yapt\u0131\u011f\u0131m\u0131z g\u00f6r\u00fc\u015fmelerde organizasyonun t\u00fcm detaylar\u0131n\u0131 en ince ayr\u0131nt\u0131s\u0131na kadar netle\u015ftirmekte ve ekimiz ile kurumlar\u0131n\u0131za hizmet vermeyi s\u00fcre\u00e7 sonuna kadar s\u00fcrd\u00fcrmekteyiz.<\/p>\n<p>Fuar organizasyonlar\u0131, d\u00fc\u011f\u00fcn ve davetler, kongreler, a\u00e7\u0131l\u0131\u015flar, piknikler gibi bir\u00e7ok etkinli\u011fin organizasyonu i\u00e7in hizmet vermekteyiz. Ayr\u0131ca firman\u0131z i\u00e7in; Markan\u0131z ve \u00fcr\u00fcnlerinizle ilgili etkinliklerimiz, oyuncu kadrosu ve sosyal medya \u00e7al\u0131\u015fmalar\u0131m\u0131zla da ba\u015far\u0131l\u0131 sonu\u00e7lar elde etmenizi sa\u011fl\u0131yoruz.<\/p>\n<p>Bu sekt\u00f6rde al\u0131\u015f\u0131lm\u0131\u015f i\u015flerden s\u0131k\u0131ld\u0131ysan\u0131z, etkinliklerde yenilikleri g\u00f6rmek istiyorsan\u0131z ve titizlikle \u00e7al\u0131\u015fan bir firma ar\u0131yorsan\u0131z hizmetlerimiz tam size g\u00f6redir.[\/vc_column_text][\/vc_column][\/vc_row][vc_row][vc_column css_animation=&#8221;fadeInDown&#8221; icons_position=&#8221;left&#8221;][vc_column_text]Bize ne olmas\u0131n\u0131 istedi\u011finizi, ne hayal etti\u011finizi s\u00f6ylemeniz yeterlidir. hayallerinizi, hayal etti\u011finizden daha g\u00fczel bir \u015fekilde hayata ge\u00e7iriyoruz. Organizasyon sonras\u0131 y\u00fcz\u00fcn\u00fczde olu\u015facak g\u00fcl\u00fcmseme bizim i\u00e7in \u00f6nemlidir ve sizlerin mutlu olmas\u0131 i\u015fimizi iyi yapm\u0131\u015f olmam\u0131z\u0131n verdi\u011fi gururu g\u00f6stermektedir.<\/p>\n<p>Bir \u015firketin veya kurumun ilk lansman\u0131 veya bir \u00fcr\u00fcn\u00fcn lansman\u0131 marka imaj\u0131 a\u00e7\u0131s\u0131ndan olduk\u00e7a etkilidir. Bu s\u00fcrecin do\u011fru y\u00f6netilmesi, markaya en ba\u015f\u0131ndan itibaren de\u011fer katar. A\u00e7\u0131l\u0131\u015f ve lansman organizasyonu, markan\u0131n bir reklam eylemi olarak kabul edilebilir.<\/p>\n<p>Bizler medyay\u0131, koltuk se\u00e7imini, en uygun ses ve \u0131\u015f\u0131k sistemlerini sizin i\u00e7in organize ediyor. Ayr\u0131ca davetiyeler, personel ve g\u00fcvenlik, ula\u015f\u0131m, otopark ve ikramlar sa\u011flamaktay\u0131z. Organizasyondaki en \u00f6nemli s\u00fcre\u00e7lerden biri olan foto\u011fraf ve video \u00e7ekimleridir. An\u0131n\u0131z\u0131 \u00f6l\u00fcms\u00fczle\u015ftirecek ve sizler i\u00e7in lansman sonras\u0131nda da prestijinizi tescilleyecek olan arg\u00fcmanlar g\u00f6rsel ve video g\u00f6r\u00fcnt\u00fcleridir.<\/p>\n<p>Rekabetin artt\u0131\u011f\u0131 g\u00fcn\u00fcm\u00fczde pazara etkin bir \u015fekilde girebilmek i\u00e7in bir \u00fcr\u00fcn veya hizmetin g\u00f6r\u00fcn\u00fcr olmas\u0131 ve markay\u0131 iyi yans\u0131tmas\u0131 gerekir. Do\u011fru lokasyon, teknolojik \u00fcretim ve net mesajlar markan\u0131n itibar\u0131n\u0131n aynalar\u0131d\u0131r. \u0130nce ayr\u0131nt\u0131lar her zaman insana avantaj sa\u011flamaktad\u0131r. Lansman\u0131n\u0131zda yapaca\u011f\u0131n\u0131z ince detaylar markan\u0131z i\u00e7in hayat kurtar\u0131c\u0131 olabilir. Biriyle tan\u0131\u015f\u0131rken ilk izlenimler \u00f6nemli oldu\u011fu gibi, bir \u00fcr\u00fcn veya hizmetin t\u00fcketiciye ve bas\u0131na ilk sunulu\u015funda da dikkat etmeliyiz. \u00dcr\u00fcn\u00fcn\u00fcz\u00fc veya hizmetinizi uygun \u015fekilde tan\u0131tmak i\u00e7in bizimle ileti\u015fime ge\u00e7ebilirsiniz.<\/p>\n<p>\u0130\u015fletmenize prestij katacak dekorasyon, catering ve aksesuarlara y\u00f6nelik t\u00fcm ekipmanlarla m\u00fckemmel bir i\u015f ba\u015flang\u0131c\u0131 imaj\u0131 yaratmak i\u00e7in uygun fiyata \u00e7ok kaliteli bir hizmet sunuyoruz. Hizmetlerimizle a\u00e7\u0131l\u0131\u015f g\u00fcn\u00fcn\u00fcz\u00fc unutulmaz k\u0131lmak istiyoruz.<\/p>\n<p>Kutlamaya de\u011fer oldu\u011funu d\u00fc\u015f\u00fcnd\u00fc\u011f\u00fcn\u00fcz her t\u00fcrl\u00fc \u00f6zel davette misafirlerinize en iyi hizmeti vermek isteyece\u011finizi biliyoruz. T\u00fcrk ve d\u00fcnya mutfa\u011f\u0131n\u0131n en parlak lezzetlerini bir araya getirdi\u011fimiz mutfa\u011f\u0131m\u0131zda haz\u0131rlanan \u00f6zel tatlar ile davetlerinize ziyafet sofralar\u0131 haz\u0131rlayarak misafirlerinizi en iyi \u015fekilde a\u011f\u0131rlaman\u0131za yard\u0131mc\u0131 olaca\u011f\u0131z. Hizmetlerimiz hakk\u0131nda bilgi almak isterseniz bizimle ileti\u015fime ge\u00e7ebilirsiniz.[\/vc_column_text][\/vc_column][\/vc_row][vc_row][vc_column icons_position=&#8221;left&#8221;][vc_empty_space height=&#8221;&#8221; alter_height=&#8221;medium&#8221; hide_on_desktop=&#8221;&#8221; hide_on_notebook=&#8221;&#8221; hide_on_tablet=&#8221;&#8221; hide_on_mobile=&#8221;&#8221;][\/vc_column][\/vc_row][vc_row full_width=&#8221;stretch_row&#8221; content_placement=&#8221;middle&#8221; css_animation=&#8221;fadeInLeft&#8221; hide_bg_image_on_tablet=&#8221;&#8221; hide_bg_image_on_mobile=&#8221;&#8221; row_delimiter=&#8221;&#8221; hide_on_desktop=&#8221;&#8221; hide_on_notebook=&#8221;&#8221; hide_on_tablet=&#8221;&#8221; hide_on_mobile=&#8221;&#8221; hide_on_frontpage=&#8221;&#8221; css=&#8221;.vc_custom_1664780850889{padding-top: 20px !important;padding-bottom: 20px !important;background-color: #ffffff !important;}&#8221;][vc_column icons_position=&#8221;left&#8221;]<div id=\"sc_title_901467\"\n\t\tclass=\"sc_title color_style_default sc_title_default\"><h3 class=\"sc_item_title sc_title_title sc_align_center sc_item_title_style_default\">Catering<\/h3><\/div><!-- \/.sc_title -->[\/vc_column][\/vc_row][vc_row][vc_column width=&#8221;1\/2&#8243; icons_position=&#8221;left&#8221;][vc_empty_space alter_height=&#8221;medium&#8221; hide_on_desktop=&#8221;&#8221; hide_on_notebook=&#8221;&#8221; hide_on_tablet=&#8221;&#8221; hide_on_mobile=&#8221;&#8221;][vc_images_carousel images=&#8221;1341,1349,1342&#8243; img_size=&#8221;560&#215;413&#8243; onclick=&#8221;link_no&#8221;][\/vc_column][vc_column width=&#8221;1\/2&#8243; icons_position=&#8221;left&#8221;][vc_empty_space alter_height=&#8221;medium&#8221; hide_on_desktop=&#8221;&#8221; hide_on_notebook=&#8221;&#8221; hide_on_tablet=&#8221;&#8221; hide_on_mobile=&#8221;&#8221;][vc_column_text css_animation=&#8221;fadeInLeft&#8221;]T\u00fcrk ve d\u00fcnya mutfa\u011f\u0131n\u0131n en iyi lezzetlerini b\u00fcnyesinde bar\u0131nd\u0131ran mutfa\u011f\u0131m\u0131zda haz\u0131rlanan \u00f6zel lezzetler ile davetlerinize ziyafet sofralar\u0131 haz\u0131rlayarak misafirlerinizi en iyi \u015fekilde a\u011f\u0131rlaman\u0131za yard\u0131mc\u0131 olaca\u011f\u0131z.<\/p>\n<p>Ak\u015fam yemeklerinde \u00f6zellikle yeme al\u0131\u015fkanl\u0131\u011f\u0131 olan misafirleriniz i\u00e7in \u00e7ocuk ve vejetaryenler i\u00e7in vegan men\u00fcler de haz\u0131rl\u0131yoruz.<\/p>\n<p>\u0130stenilen tarife g\u00f6re men\u00fc haz\u0131rlayabiliriz.<\/p>\n<p>Daima en iyisini ar\u0131yoruz, hak etti\u011finiz kaliteyi lezzet ve hijyen garantisi ile sa\u011fl\u0131yoruz. Siz de\u011ferli dostlar\u0131m\u0131z sizlerin deste\u011fi ile her ge\u00e7en g\u00fcn yenileniyor, b\u00fcy\u00fcyor ve ilerliyoruz.<\/p>\n<p>&nbsp;[\/vc_column_text][\/vc_column][\/vc_row][vc_row][vc_column icons_position=&#8221;left&#8221;][vc_empty_space height=&#8221;&#8221; alter_height=&#8221;medium&#8221; hide_on_desktop=&#8221;&#8221; hide_on_notebook=&#8221;&#8221; hide_on_tablet=&#8221;&#8221; hide_on_mobile=&#8221;&#8221;][\/vc_column][\/vc_row][vc_row][vc_column icons_position=&#8221;left&#8221;][vc_column_text]Yemekli d\u00fc\u011f\u00fcn t\u00f6renlerinin yan\u0131 s\u0131ra; Kokteyl, sunum, a\u00e7\u0131l\u0131\u015f, konser ve festival, bayram ve i\u015f yemekleri gibi konularda yan\u0131n\u0131zday\u0131z. Davetlilerinize davetlerinizde istedikleri lezzetleri sunabiliriz. B\u00f6ylece hayat\u0131n\u0131z\u0131n en mutlu g\u00fcn\u00fcnde yan\u0131n\u0131zda olabiliyor ve en \u00f6nemlisi sorumluluk al\u0131yor ve y\u00fck\u00fcn\u00fcz\u00fc hafifletiyoruz.<\/p>\n<p>Konusunda uzman ekiplerimiz ile davetten birka\u00e7 saat \u00f6nce yerinde haz\u0131rl\u0131klara ba\u015fl\u0131yoruz. T\u00fcm haz\u0131rl\u0131klar\u0131m\u0131z tamamland\u0131\u011f\u0131nda, davet an\u0131nda misafirlerinizi a\u011f\u0131rlamaya haz\u0131r\u0131z.<\/p>\n<p>Her zaman m\u00fc\u015fteri memnuniyetini esas ald\u0131k ve t\u00fcm hizmetlerimizi bu temel \u00fczerine kurduk. M\u00fc\u015fterilerimize lezzet, kalite ve profesyonelli\u011fi bir arada sunduk.<\/p>\n<p>Catering hizmetimizde hijyen ve kalite standartlar\u0131n\u0131 esas alarak olu\u015fturdu\u011fumuz \u00e7\u00f6z\u00fcm ortaklar\u0131m\u0131z arac\u0131l\u0131\u011f\u0131yla misafirlerinize zaman\u0131nda ve kaliteli bir hizmet sunuyoruz. Ayr\u0131ca misafirlerinize \u00f6zel men\u00fc se\u00e7enekleri sunarak, genel hizmet kalitesini s\u00fcrekli takip ederek olu\u015fabilecek sorunlar\u0131 \u00f6nleyerek kesintisiz hizmet sa\u011fl\u0131yoruz.[\/vc_column_text][vc_empty_space height=&#8221;&#8221; alter_height=&#8221;huge&#8221; hide_on_desktop=&#8221;&#8221; hide_on_notebook=&#8221;&#8221; hide_on_tablet=&#8221;&#8221; hide_on_mobile=&#8221;&#8221;][\/vc_column][\/vc_row][vc_row full_width=&#8221;stretch_row&#8221; content_placement=&#8221;middle&#8221; css_animation=&#8221;none&#8221; hide_bg_image_on_tablet=&#8221;&#8221; hide_bg_image_on_mobile=&#8221;&#8221; row_delimiter=&#8221;&#8221; hide_on_desktop=&#8221;&#8221; hide_on_notebook=&#8221;&#8221; hide_on_tablet=&#8221;&#8221; hide_on_mobile=&#8221;&#8221; hide_on_frontpage=&#8221;&#8221; css=&#8221;.vc_custom_1665731988540{background-color: #ffffff !important;}&#8221;][vc_column css_animation=&#8221;fadeInLeft&#8221; width=&#8221;1\/2&#8243; hide_bg_image_on_tablet=&#8221;&#8221; hide_bg_image_on_mobile=&#8221;&#8221; column_align=&#8221;center&#8221; icons_position=&#8221;left&#8221;][vc_single_image image=&#8221;1096&#8243; img_size=&#8221;600&#215;400&#8243; alignment=&#8221;center&#8221; style=&#8221;vc_box_circle_2&#8243; css_animation=&#8221;fadeIn&#8221; css=&#8221;.vc_custom_1665731906202{padding-bottom: 20px !important;}&#8221;]<div id=\"sc_title_91400068\"\n\t\tclass=\"sc_title color_style_dark sc_title_default  vc_custom_1665732215329\"><h6 class=\"sc_item_subtitle sc_title_subtitle sc_align_center sc_item_title_style_default\"><span class=\"in\">Host \/ Hostes<\/span><\/h6><\/div><!-- \/.sc_title -->[vc_column_text css=&#8221;.vc_custom_1665732035495{padding-top: 30px !important;}&#8221;]<\/p>\n<p style=\"text-align: center;\">Etkinlik s\u00fcresince tesisinizi temsil edecek host ve hosteslerimiz ile; \u0130leti\u015fimi g\u00fc\u00e7l\u00fc, g\u00fcler y\u00fczl\u00fc ve prezentabl hizmet vererek, misafirlerinizi y\u00f6nlendirerek ve sorular\u0131n\u0131 yan\u0131tlayarak en iyi deste\u011fi sunuyoruz.<\/p>\n<p>[\/vc_column_text][\/vc_column][vc_column css_animation=&#8221;fadeInRight&#8221; width=&#8221;1\/2&#8243; hide_bg_image_on_tablet=&#8221;&#8221; hide_bg_image_on_mobile=&#8221;&#8221; icons_position=&#8221;left&#8221;][vc_single_image image=&#8221;1351&#8243; img_size=&#8221;600&#215;400&#8243; alignment=&#8221;center&#8221; style=&#8221;vc_box_circle_2&#8243; css_animation=&#8221;fadeIn&#8221; css=&#8221;.vc_custom_1665731914394{padding-bottom: 20px !important;}&#8221;]<div id=\"sc_title_499102356\"\n\t\tclass=\"sc_title color_style_dark sc_title_default  vc_custom_1665732207454\"><h6 class=\"sc_item_subtitle sc_title_subtitle sc_align_center sc_item_title_style_default\"><span class=\"in\">E\u011flence \/ M\u00fczik<\/span><\/h6><\/div><!-- \/.sc_title -->[vc_column_text css=&#8221;.vc_custom_1665732067631{padding-top: 30px !important;}&#8221;]<\/p>\n<p style=\"text-align: center;\">Etkinliklerinizi unutulmaz k\u0131lmak i\u00e7in etkinli\u011fin amac\u0131na uygun g\u00f6steriler d\u00fczenliyoruz. M\u00fc\u015fterilerimize; \u015eirket \u00fcr\u00fcnleri kullan\u0131larak konserler, ritim \u015fovlar\u0131, DJ \u015fovlar\u0131, dans \u015fovlar\u0131, lazer \u015fovlar\u0131, \u015fovlar gibi \u00e7e\u015fitli se\u00e7enekler sunuyoruz.<\/p>\n<p>[\/vc_column_text][vc_empty_space hide_on_desktop=&#8221;&#8221; hide_on_notebook=&#8221;&#8221; hide_on_tablet=&#8221;&#8221; hide_on_mobile=&#8221;&#8221;][\/vc_column][\/vc_row][vc_row][vc_column icons_position=&#8221;left&#8221;][vc_empty_space height=&#8221;&#8221; alter_height=&#8221;medium&#8221; hide_on_desktop=&#8221;&#8221; hide_on_notebook=&#8221;&#8221; hide_on_tablet=&#8221;&#8221; hide_on_mobile=&#8221;&#8221;][\/vc_column][\/vc_row][vc_row full_width=&#8221;stretch_row&#8221; content_placement=&#8221;middle&#8221; css_animation=&#8221;none&#8221; hide_bg_image_on_tablet=&#8221;&#8221; hide_bg_image_on_mobile=&#8221;&#8221; row_delimiter=&#8221;&#8221; hide_on_desktop=&#8221;&#8221; hide_on_notebook=&#8221;&#8221; hide_on_tablet=&#8221;&#8221; hide_on_mobile=&#8221;&#8221; hide_on_frontpage=&#8221;&#8221; css=&#8221;.vc_custom_1665157111968{padding-top: 20px !important;padding-bottom: 20px !important;background-color: #ffffff !important;}&#8221;][vc_column css_animation=&#8221;fadeInLeft&#8221; width=&#8221;1\/2&#8243; hide_bg_image_on_tablet=&#8221;&#8221; hide_bg_image_on_mobile=&#8221;&#8221; icons_position=&#8221;left&#8221;][vc_single_image image=&#8221;1092&#8243; img_size=&#8221;600&#215;400&#8243; alignment=&#8221;center&#8221; style=&#8221;vc_box_circle_2&#8243; css_animation=&#8221;fadeIn&#8221;]<div id=\"sc_title_1660148420\"\n\t\tclass=\"sc_title color_style_dark sc_title_default  vc_custom_1665732189088\"><h6 class=\"sc_item_subtitle sc_title_subtitle sc_align_center sc_item_title_style_default\"><span class=\"in\">Teknik Hizmetler<\/span><\/h6><\/div><!-- \/.sc_title -->[vc_column_text css=&#8221;.vc_custom_1665732555228{padding-top: 30px !important;}&#8221;]<\/p>\n<p style=\"text-align: center;\">Farkl\u0131 kategorilerde d\u00fczenlenen etkinlikler i\u00e7in teknik ekipman analizi ve g\u00f6rsel tasar\u0131m, ekipmanlar\u0131n d\u00fczenlenmesi ve temini, kay\u0131t masas\u0131 gibi konularda teknik ekibimizin profesyonel deste\u011fi ile etkinlik sonuna kadar sizlere yard\u0131mc\u0131 oluyoruz.<\/p>\n<p>[\/vc_column_text][\/vc_column][vc_column css_animation=&#8221;fadeInRight&#8221; width=&#8221;1\/2&#8243; icons_position=&#8221;left&#8221;][vc_single_image image=&#8221;1357&#8243; img_size=&#8221;600&#215;400&#8243; alignment=&#8221;center&#8221; style=&#8221;vc_box_circle_2&#8243; css_animation=&#8221;fadeIn&#8221;]<div id=\"sc_title_1395915020\"\n\t\tclass=\"sc_title color_style_dark sc_title_default  vc_custom_1665732196609\"><h6 class=\"sc_item_subtitle sc_title_subtitle sc_align_center sc_item_title_style_default\"><span class=\"in\">Dekorasyon<\/span><\/h6><\/div><!-- \/.sc_title -->[vc_column_text css=&#8221;.vc_custom_1665732475756{padding-top: 30px !important;}&#8221;]<\/p>\n<p style=\"text-align: center;\">Mekan tasar\u0131m\u0131nda etkinli\u011fe \u00f6zel \u00e7e\u015fitli kriterleri g\u00f6z \u00f6n\u00fcnde bulundurarak etkinli\u011fin imaj\u0131n\u0131 \u00f6n plana \u00e7\u0131karacak dekorasyon \u00e7al\u0131\u015fmalar\u0131 ger\u00e7ekle\u015ftiriyoruz. Dual Ege Organizasyon olarak etkinlik sonuna kadar sizinle ilgileniyor ve yard\u0131mc\u0131 oluyoruz.<\/p>\n<p>[\/vc_column_text][\/vc_column][\/vc_row][vc_row][vc_column icons_position=&#8221;left&#8221;][vc_empty_space height=&#8221;&#8221; alter_height=&#8221;medium&#8221; hide_on_desktop=&#8221;&#8221; hide_on_notebook=&#8221;&#8221; hide_on_tablet=&#8221;&#8221; hide_on_mobile=&#8221;&#8221;][vc_column_text]T\u00fcrkiye&#8217;de bir lansman\u0131 organize etmek, genellikle s\u0131f\u0131rdan, kiralama yoluyla veya bir\u00e7ok b\u00fcy\u00fck \u015firketin ofislerinde yap\u0131l\u0131r. Bir markan\u0131n \u00fcr\u00fcnlerini, isimlerini ve farkl\u0131l\u0131klar\u0131n\u0131 misafirlere tan\u0131tmak i\u00e7in d\u00fczenledi\u011fi, bir\u00e7o\u011funun lansman kokteyli olarak adland\u0131rd\u0131\u011f\u0131 kurumsal etkinliklerden biridir.<\/p>\n<p>Etkinlikleriniz i\u00e7in ihtiya\u00e7 duyaca\u011f\u0131n\u0131z \u00fcr\u00fcn lansmanlar\u0131, ara\u00e7 lansmanlar\u0131, proje lansmanlar\u0131, deneyimli ekipler, kaliteli ekipman ve dekorasyon hizmetleri ile etkinlikleriniz i\u00e7in \u00e7\u00f6z\u00fcm orta\u011f\u0131n\u0131z.<\/p>\n<p>Reklam, gayrimenkul, teknoloji ve medya sekt\u00f6r\u00fcnde pop\u00fcler bir yere sahip olan Lansman; Tan\u0131t\u0131lan \u00fcr\u00fcn\u00fcn organizasyonu dikkatli bir \u015fekilde planlanmal\u0131 ve programlanmal\u0131d\u0131r. Bu planlaman\u0131n kalitesi ne kadar y\u00fcksek olursa, organizasyonunuz o kadar ilgi \u00e7ekici olacakt\u0131r.<\/p>\n<p>Bas\u0131na ve m\u00fc\u015fterilere sunulan \u00fcr\u00fcnler kamuoyuna duyurulur. Burada organizasyonun istekleri do\u011frultusunda farkl\u0131 mod\u00fcller kullan\u0131labilir.<\/p>\n<p style=\"text-align: left;\">Firman\u0131z\u0131n, \u00fcr\u00fcn\u00fcn\u00fcz\u00fcn veya hizmetinizin imaj\u0131n\u0131 g\u00fc\u00e7lendirmek, pazar pay\u0131n\u0131 art\u0131rmak ve \u00f6ne \u00e7\u0131karmak istedi\u011fi y\u00f6nleri \u00f6ne \u00e7\u0131karmak i\u00e7in yapt\u0131\u011f\u0131m\u0131z \u00e7al\u0131\u015fmalar\u0131m\u0131zdan olu\u015fmaktad\u0131r.<\/p>\n<p>[\/vc_column_text][\/vc_column][\/vc_row]<\/p>\n","protected":false},"excerpt":{"rendered":"<p>[vc_row full_width=&#8221;stretch_row&#8221; content_placement=&#8221;middle&#8221; css_animation=&#8221;fadeInLeft&#8221; hide_bg_image_on_tablet=&#8221;&#8221; hide_bg_image_on_mobile=&#8221;&#8221; row_delimiter=&#8221;&#8221; hide_on_desktop=&#8221;&#8221; hide_on_notebook=&#8221;&#8221; hide_on_tablet=&#8221;&#8221; hide_on_mobile=&#8221;&#8221; hide_on_frontpage=&#8221;&#8221; css=&#8221;.vc_custom_1664780827674{padding-top: 20px !important;padding-bottom: 20px !important;background-color: #ffffff !important;}&#8221;][vc_column css_animation=&#8221;bounceInLeft&#8221; icons_position=&#8221;left&#8221;][\/vc_column][\/vc_row][vc_row][vc_column icons_position=&#8221;left&#8221;][vc_empty_space alter_height=&#8221;large&#8221; hide_on_desktop=&#8221;&#8221; hide_on_notebook=&#8221;&#8221; hide_on_tablet=&#8221;&#8221; hide_on_mobile=&#8221;&#8221;][\/vc_column][\/vc_row][vc_row][vc_column css_animation=&#8221;none&#8221; width=&#8221;1\/2&#8243; hide_bg_image_on_tablet=&#8221;&#8221; hide_bg_image_on_mobile=&#8221;&#8221; icons_position=&#8221;left&#8221;][vc_images_carousel images=&#8221;1149,1152,1150&#8243; img_size=&#8221;600&#215;400&#8243; onclick=&#8221;link_no&#8221; autoplay=&#8221;yes&#8221; hide_pagination_control=&#8221;yes&#8221; css_animation=&#8221;none&#8221;&hellip;<\/p>\n","protected":false},"author":1,"featured_media":0,"parent":0,"menu_order":0,"comment_status":"closed","ping_status":"closed","template":"","meta":{"footnotes":""},"class_list":["post-981","page","type-page","status-publish","hentry"],"_links":{"self":[{"href":"https:\/\/dualege.com.tr\/index.php\/wp-json\/wp\/v2\/pages\/981","targetHints":{"allow":["GET"]}}],"collection":[{"href":"https:\/\/dualege.com.tr\/index.php\/wp-json\/wp\/v2\/pages"}],"about":[{"href":"https:\/\/dualege.com.tr\/index.php\/wp-json\/wp\/v2\/types\/page"}],"author":[{"embeddable":true,"href":"https:\/\/dualege.com.tr\/index.php\/wp-json\/wp\/v2\/users\/1"}],"replies":[{"embeddable":true,"href":"https:\/\/dualege.com.tr\/index.php\/wp-json\/wp\/v2\/comments?post=981"}],"version-history":[{"count":81,"href":"https:\/\/dualege.com.tr\/index.php\/wp-json\/wp\/v2\/pages\/981\/revisions"}],"predecessor-version":[{"id":1612,"href":"https:\/\/dualege.com.tr\/index.php\/wp-json\/wp\/v2\/pages\/981\/revisions\/1612"}],"wp:attachment":[{"href":"https:\/\/dualege.com.tr\/index.php\/wp-json\/wp\/v2\/media?parent=981"}],"curies":[{"name":"wp","href":"https:\/\/api.w.org\/{rel}","templated":true}]}}